{"id":10105,"date":"2019-09-18T10:57:51","date_gmt":"2019-09-18T10:57:51","guid":{"rendered":"http:\/\/www.zsskolnivr.cz\/?page_id=10105"},"modified":"2022-03-11T13:02:21","modified_gmt":"2022-03-11T13:02:21","slug":"gdpr-ochrana-osobnich-udaju","status":"publish","type":"page","link":"https:\/\/www.zsskolnivr.cz\/?page_id=10105","title":{"rendered":"GDPR &#8211; ochrana osobn\u00edch \u00fadaj\u016f"},"content":{"rendered":"\n<p><\/p>\n\n\n\n<p><a href=\"https:\/\/www.zsskolnivr.cz\/wp-content\/files\/GDPR\/informace_o_zpracovani.pdf\">Informace o zpracov\u00e1n\u00ed<\/a><\/p>\n","protected":false},"excerpt":{"rendered":"<p>Informace o zpracov\u00e1n\u00ed<\/p>\n","protected":false},"author":2,"featured_media":0,"parent":0,"menu_order":0,"comment_status":"closed","ping_status":"closed","template":"","meta":{"ngg_post_thumbnail":0,"footnotes":""},"class_list":["post-10105","page","type-page","status-publish","hentry"],"_links":{"self":[{"href":"https:\/\/www.zsskolnivr.cz\/index.php?rest_route=\/wp\/v2\/pages\/10105","targetHints":{"allow":["GET"]}}],"collection":[{"href":"https:\/\/www.zsskolnivr.cz\/index.php?rest_route=\/wp\/v2\/pages"}],"about":[{"href":"https:\/\/www.zsskolnivr.cz\/index.php?rest_route=\/wp\/v2\/types\/page"}],"author":[{"embeddable":true,"href":"https:\/\/www.zsskolnivr.cz\/index.php?rest_route=\/wp\/v2\/users\/2"}],"replies":[{"embeddable":true,"href":"https:\/\/www.zsskolnivr.cz\/index.php?rest_route=%2Fwp%2Fv2%2Fcomments&post=10105"}],"version-history":[{"count":18,"href":"https:\/\/www.zsskolnivr.cz\/index.php?rest_route=\/wp\/v2\/pages\/10105\/revisions"}],"predecessor-version":[{"id":13011,"href":"https:\/\/www.zsskolnivr.cz\/index.php?rest_route=\/wp\/v2\/pages\/10105\/revisions\/13011"}],"wp:attachment":[{"href":"https:\/\/www.zsskolnivr.cz\/index.php?rest_route=%2Fwp%2Fv2%2Fmedia&parent=10105"}],"curies":[{"name":"wp","href":"https:\/\/api.w.org\/{rel}","templated":true}]}}