{"id":11446,"date":"2020-06-07T17:38:31","date_gmt":"2020-06-07T17:38:31","guid":{"rendered":"http:\/\/www.zsskolnivr.cz\/?page_id=11446"},"modified":"2020-06-08T09:19:23","modified_gmt":"2020-06-08T09:19:23","slug":"rajd-po-gorach-2019","status":"publish","type":"page","link":"https:\/\/www.zsskolnivr.cz\/?page_id=11446","title":{"rendered":"Vrchlab\u00ed a Kowary &#8211; 8 \u0161kol spole\u010dn\u011b&#8220; &#8211; akce Rajd po g\u00f3rach"},"content":{"rendered":"<p><img decoding=\"async\" src=\"https:\/\/www.zsskolnivr.cz\/wp-content\/gallery\/fotografie-1\/rajd.jpg?i=71622452\" \/><\/p>\n<p><strong>V r\u00e1mci partnersk\u00e9 spolupr\u00e1ce a p\u0159eshrani\u010dn\u00edho grantu z Euroregionu Glacensis : Vrchlab\u00ed &#8211; Kowary, 8 \u0161kol spole\u010dn\u011b<\/strong>, vybran\u00ed \u017e\u00e1ci Z\u0160 \u0160koln\u00ed a \u017e\u00e1ci z kowarsk\u00fdch \u0161kol podnikli p\u0159echod polsk\u00fdch Krkono\u0161. 31.5. zapo\u010dali program n\u00e1v\u0161t\u011bvou polsk\u00e9ho kostel\u00edku Wang v Karpaczi, pot\u00e9 n\u00e1sledoval ostr\u00fd v\u00fdstup z nadmo\u0159sk\u00e9 v\u00fd\u0161ky 880 m do 1 400 m n.m. s ob\u010derstvovac\u00ed zast\u00e1vkou u Mal\u00e9ho stawu. Pak expedice pokra\u010dovala po h\u0159ebenech Krkono\u0161, kolem Velk\u00e9ho stawu, tor\u016f Slune\u010dn\u00edch kamen\u016f (\u010f\u00e1bel cht\u011bl hodit ob\u0159\u00ed balvan do Velk\u00e9ho stawu a zatopit m\u00edstn\u00ed oblast, ale zkamen\u011bl), Mal\u00e9ho \u0160i\u0161\u00e1ku na horskou boudu\/schronisko Odrodzenie &#8211; v\u011bt\u0161ina polsk\u00fdch bud pat\u0159\u00ed tamn\u00edmu klubu turist\u016f. Tady byl pro \u010dleny v\u00fdpravy p\u0159ichyst\u00e1n ob\u011bd (v 17.00 &#8211; Pol\u00e1ci obecn\u011b ob\u011bdvaj\u00ed na \u010desk\u00e9 pom\u011bry pozd\u011b), ubytov\u00e1n\u00ed, tmel\u00edc\u00ed hry a ve\u010de\u0159e. Na Den d\u011bt\u00ed, 1.6., pokra\u010doval rajd v\u00fdstupem ze sedla \u0160pindlerovy boudy kolem renovovan\u00e9 Petrovky p\u0159es \u017eulov\u00e9 tory D\u00edv\u010d\u00edch a Mu\u017esk\u00fdch kamen\u016f na Sn\u011b\u017en\u00e9 j\u00e1my. J\u00e1my\/kotle jsou ostr\u00e9 z\u00e1\u0159ezy ve svaz\u00edch hor, ve kter\u00fdch vznikal ledovec, tory jsou kamenn\u00e9 v\u00fdchozy p\u0159edev\u0161\u00edm \u017eul, kter\u00e9 odolaly erozi a odnosu okoln\u00ed m\u011bk\u010d\u00ed horniny. Z\u00e1v\u011bre\u010dn\u00e1 \u010d\u00e1st trasy vedla kolem Violiku &#8211; kamenn\u00e9ho srubu, kter\u00fd dostal \u010desk\u00fd n\u00e1zev dle \u0159asy, kterou zde horal\u00e9 sb\u00edrali pro fialkov\u00e9 aroma. Violik &#8211; polsky Labsk\u00fd \u0161t\u00edt, proto\u017ee pod jeho \u00fabo\u010d\u00edm pramen\u00ed Labe, kter\u00e9 te\u010de do P\u016flno\u010dn\u00edho mo\u0159e. Za kameny Tvaro\u017en\u00edku n\u00e1sledovalo kles\u00e1n\u00ed p\u0159es n\u011bkolik sn\u011bhov\u00fdch ploten, ob\u011bd a pot\u00e9 strm\u00fd sestup do Sl\u00e1\u0159sk\u00e9 Poreby. Zde spole\u010dn\u00fd program, kter\u00fd napl\u00e1novala partnersk\u00e1 m\u011bsta Kowary a Vrchlab\u00ed skon\u010dil.<\/p>\n<p>Prvn\u00ed den<\/p>\n<p>Zast\u00e1vka Karpacz Wang &#8211; kostel Wang &#8211; chata PTTK Samotnia &#8211; chata PTTK Strzecha Akademicka &#8211; Sedlo pod Sn\u011b\u017ekou &#8211; chata PTTK Dom \u015al\u0105ski &#8211; Sn\u011b\u017eka &#8211; n\u00e1vrat kolem chaty PTTK Dom \u015al\u0105ski &#8211; Sedlo pod Sn\u011b\u017ekou &#8211; Spalona Stra\u017cnica &#8211; Kocio\u0142 Wielkiego Stawu &#8211; Poledn\u00ed k\u00e1men &#8211; Pod Mal\u00fdm \u0160i\u0161\u00e1kem &#8211; chata PTTK Odrodzenie (ubytov\u00e1n\u00ed) &#8211; ve\u010der integra\u010dn\u00ed t\u00e1bor\u00e1k.<\/p>\n<p>Druh\u00fd den<\/p>\n<p>Chata PTTK Odrodzenie &#8211; Slezsk\u00e9 sedlo &#8211; \u010cern\u00e9 sedlo &#8211; Pod Vysok\u00fdm kolem &#8211; Sn\u011b\u017en\u00e9 j\u00e1my &#8211; Mokr\u00e9 sedlo chata pod \u0141abskim Szczytem (Viol\u00edkem) &#8211; Star\u00e1 cesta &#8211; Skl\u00e1\u0159sk\u00e1 Poruba.<\/p>\n<p>Foto: <a href=\"https:\/\/profesordv.rajce.idnes.cz\/Rajd_do_gorach_2019\/\">ZDE<\/a><\/p>\n<p><img decoding=\"async\" id=\"shTopImg\" title=\"Kliknut\u00edm zav\u0159\u00edt\" src=\"https:\/\/www.zsskolnivr.cz\/wp-content\/gallery\/loga-1\/LOGO-GLACENSIS-001.jpg?i=1853792493\" \/><\/p>\n<p>&nbsp;<\/p>\n","protected":false},"excerpt":{"rendered":"<p>V r\u00e1mci partnersk\u00e9 spolupr\u00e1ce a p\u0159eshrani\u010dn\u00edho grantu z Euroregionu Glacensis : Vrchlab\u00ed &#8211; Kowary, 8 \u0161kol spole\u010dn\u011b, vybran\u00ed \u017e\u00e1ci Z\u0160 \u0160koln\u00ed a \u017e\u00e1ci z kowarsk\u00fdch \u0161kol podnikli p\u0159echod polsk\u00fdch Krkono\u0161. 31.5. zapo\u010dali program n\u00e1v\u0161t\u011bvou polsk\u00e9ho kostel\u00edku Wang v Karpaczi, pot\u00e9 <a href=\"https:\/\/www.zsskolnivr.cz\/?page_id=11446\" class=\"read-more\">Read More &#8230;<\/a><\/p>\n","protected":false},"author":3,"featured_media":0,"parent":0,"menu_order":0,"comment_status":"closed","ping_status":"closed","template":"","meta":{"ngg_post_thumbnail":0,"footnotes":""},"class_list":["post-11446","page","type-page","status-publish","hentry"],"_links":{"self":[{"href":"https:\/\/www.zsskolnivr.cz\/index.php?rest_route=\/wp\/v2\/pages\/11446","targetHints":{"allow":["GET"]}}],"collection":[{"href":"https:\/\/www.zsskolnivr.cz\/index.php?rest_route=\/wp\/v2\/pages"}],"about":[{"href":"https:\/\/www.zsskolnivr.cz\/index.php?rest_route=\/wp\/v2\/types\/page"}],"author":[{"embeddable":true,"href":"https:\/\/www.zsskolnivr.cz\/index.php?rest_route=\/wp\/v2\/users\/3"}],"replies":[{"embeddable":true,"href":"https:\/\/www.zsskolnivr.cz\/index.php?rest_route=%2Fwp%2Fv2%2Fcomments&post=11446"}],"version-history":[{"count":8,"href":"https:\/\/www.zsskolnivr.cz\/index.php?rest_route=\/wp\/v2\/pages\/11446\/revisions"}],"predecessor-version":[{"id":11483,"href":"https:\/\/www.zsskolnivr.cz\/index.php?rest_route=\/wp\/v2\/pages\/11446\/revisions\/11483"}],"wp:attachment":[{"href":"https:\/\/www.zsskolnivr.cz\/index.php?rest_route=%2Fwp%2Fv2%2Fmedia&parent=11446"}],"curies":[{"name":"wp","href":"https:\/\/api.w.org\/{rel}","templated":true}]}}