{"id":11454,"date":"2020-06-07T17:53:20","date_gmt":"2020-06-07T17:53:20","guid":{"rendered":"http:\/\/www.zsskolnivr.cz\/?page_id=11454"},"modified":"2020-06-08T09:21:53","modified_gmt":"2020-06-08T09:21:53","slug":"the-cooperation-krkonose-tatry-karpaty-2019","status":"publish","type":"page","link":"https:\/\/www.zsskolnivr.cz\/?page_id=11454","title":{"rendered":"The Cooperation Krkono\u0161e &#8211; Tatry &#8211; Karpaty 2019"},"content":{"rendered":"<p>ZUBEREC 1.- 4.10.2019<\/p>\n<p><img decoding=\"async\" src=\"https:\/\/www.zsskolnivr.cz\/wp-content\/gallery\/fotografie-1\/zuberec.jpg?i=1836413187\" \/><\/p>\n<p>Setk\u00e1n\u00ed se uskute\u010dnilo 1.- 4. \u0159\u00edjna 2019. Program byl velice pestr\u00fd. Krom\u011b sportovn\u00edch aktivit, turistiky, pozn\u00e1v\u00e1n\u00ed slovensk\u00e9 tradi\u010dn\u00ed kultury se d\u011bti pod veden\u00edm doc. Vasyla Kochana z Ukrajiny u\u010dily prezentovat svoje m\u011bsto \u010di obec a \u0161kolu. Sou\u010d\u00e1st\u00ed projektu je tak\u00e9 zpracov\u00e1n\u00ed mapy \u00fazem\u00ed \u010ceska, Slovenska, Zakarpat\u00ed a Dolnoslezska se z\u00e1kresem a informacemi o partnerech projektu v\u010detn\u011b historie. Mapa bude slou\u017eit ve \u0161kol\u00e1ch p\u0159i studiu zem\u011bpisu a d\u011bjepisu.<\/p>\n<p>Setk\u00e1n\u00ed v\u00a0Zuberci se z\u00fa\u010dastnilo z\u00a0Vrchlab\u00ed 14 \u017e\u00e1k\u016f ze z\u00e1kladn\u00edch \u0161kol \u0160koln\u00ed a n\u00e1m. M\u00edru.<\/p>\n<p>Foto: <a href=\"https:\/\/verkavod.rajce.idnes.cz\/Zuberec_1.10_-_4.10.2019\/\">ZDE <\/a><\/p>\n<p><strong>Projekt finan\u010dn\u011b podpo\u0159il International Visegrad Found<br \/>\n<\/strong><img decoding=\"async\" id=\"shTopImg\" title=\"Kliknut\u00edm zav\u0159\u00edt\" src=\"https:\/\/www.zsskolnivr.cz\/wp-content\/gallery\/loga-1\/LOGO-v4-001.jpg?i=1492736279\" \/><\/p>\n","protected":false},"excerpt":{"rendered":"<p>ZUBEREC 1.- 4.10.2019 Setk\u00e1n\u00ed se uskute\u010dnilo 1.- 4. \u0159\u00edjna 2019. Program byl velice pestr\u00fd. Krom\u011b sportovn\u00edch aktivit, turistiky, pozn\u00e1v\u00e1n\u00ed slovensk\u00e9 tradi\u010dn\u00ed kultury se d\u011bti pod veden\u00edm doc. Vasyla Kochana z Ukrajiny u\u010dily prezentovat svoje m\u011bsto \u010di obec a \u0161kolu. Sou\u010d\u00e1st\u00ed <a href=\"https:\/\/www.zsskolnivr.cz\/?page_id=11454\" class=\"read-more\">Read More &#8230;<\/a><\/p>\n","protected":false},"author":3,"featured_media":0,"parent":0,"menu_order":0,"comment_status":"closed","ping_status":"closed","template":"","meta":{"ngg_post_thumbnail":0,"footnotes":""},"class_list":["post-11454","page","type-page","status-publish","hentry"],"_links":{"self":[{"href":"https:\/\/www.zsskolnivr.cz\/index.php?rest_route=\/wp\/v2\/pages\/11454","targetHints":{"allow":["GET"]}}],"collection":[{"href":"https:\/\/www.zsskolnivr.cz\/index.php?rest_route=\/wp\/v2\/pages"}],"about":[{"href":"https:\/\/www.zsskolnivr.cz\/index.php?rest_route=\/wp\/v2\/types\/page"}],"author":[{"embeddable":true,"href":"https:\/\/www.zsskolnivr.cz\/index.php?rest_route=\/wp\/v2\/users\/3"}],"replies":[{"embeddable":true,"href":"https:\/\/www.zsskolnivr.cz\/index.php?rest_route=%2Fwp%2Fv2%2Fcomments&post=11454"}],"version-history":[{"count":5,"href":"https:\/\/www.zsskolnivr.cz\/index.php?rest_route=\/wp\/v2\/pages\/11454\/revisions"}],"predecessor-version":[{"id":11485,"href":"https:\/\/www.zsskolnivr.cz\/index.php?rest_route=\/wp\/v2\/pages\/11454\/revisions\/11485"}],"wp:attachment":[{"href":"https:\/\/www.zsskolnivr.cz\/index.php?rest_route=%2Fwp%2Fv2%2Fmedia&parent=11454"}],"curies":[{"name":"wp","href":"https:\/\/api.w.org\/{rel}","templated":true}]}}