{"id":11460,"date":"2020-06-07T18:02:06","date_gmt":"2020-06-07T18:02:06","guid":{"rendered":"http:\/\/www.zsskolnivr.cz\/?page_id=11460"},"modified":"2020-06-08T11:55:23","modified_gmt":"2020-06-08T11:55:23","slug":"mezinarodni-projekt-v4-2017","status":"publish","type":"page","link":"https:\/\/www.zsskolnivr.cz\/?page_id=11460","title":{"rendered":"The Start of the Cooperation Krkono\u0161e &#8211; Tatry"},"content":{"rendered":"<h4>\u00a0<img decoding=\"async\" src=\"https:\/\/www.zsskolnivr.cz\/wp-content\/gallery\/fotografie-1\/V4.jpg?i=895908526\" \/><\/h4>\n<p>\u010cty\u0159denn\u00edho \u201eSetk\u00e1n\u00ed d\u011bt\u00ed zem\u00ed Visegradu ve Vrchlab\u00ed\u201c se z\u00fa\u010dastnilo 64 d\u011bt\u00ed ve dnech 3. \u2013 6. \u0159\u00edjna 2017. Prvn\u00ed den, p\u0159i slavnostn\u00edm zah\u00e1jen\u00ed d\u011bti, u\u010ditel\u00e9 a p\u0159edstavitel\u00e9 municipalit prezentovali sv\u00e9 zem\u011b a obce, odkud poch\u00e1zej\u00ed na V\u00fdstav\u011b \u201ePoznejme p\u0159\u00e1tele ze zem\u00ed V4\u201c ve vstupn\u00ed hale budovy z\u00e1mku ve Vrchlab\u00ed. Druh\u00fd a t\u0159et\u00ed den d\u011bti pod dohledem lektor\u016f a horsk\u00fdch v\u016fdc\u016f Spr\u00e1vy KRNAP nav\u0161t\u00edvily Environment\u00e1ln\u00ed vzd\u011bl\u00e1vac\u00ed centrum \u201eKrtek\u201c, kde se u\u010dily pozn\u00e1vat p\u0159\u00edrodu a \u017eivot na hor\u00e1ch, v\u00a0n\u00e1rodn\u00edch parc\u00edch, seznamovat se s\u00a0histori\u00ed a kulturou m\u00edstn\u00edch obyvatel, v\u00a0Jansk\u00fdch L\u00e1zn\u00edch vystoupaly Stezkou korunami strom\u016f a\u017e na vrchol vyhl\u00eddkov\u00e9 v\u011b\u017ee, v\u00a0Harrachov\u011b, ve skl\u00e1rn\u011b, shl\u00e9dly tradi\u010dn\u00ed v\u00fdrobu skla a nav\u0161t\u00edvily p\u0159\u00edrodov\u011bdn\u00e9 muzeum \u0160indelka. Chladn\u00e9 a de\u0161tiv\u00e9 po\u010das\u00ed v\u0161ak neumo\u017enilo proch\u00e1zku k\u00a0Mumlavsk\u00e9mu vodop\u00e1du. V\u00a0p\u00e1tek, posledn\u00ed spole\u010dn\u00fd den,\u00a0 d\u011bti ve sm\u00ed\u0161en\u00fdch dru\u017estvech absolvovaly v\u00a0are\u00e1lu Li\u0161\u010d\u00ed farmy orienta\u010dn\u00ed b\u011bh. P\u0159i tomto z\u00e1v\u011bre\u010dn\u00e9m z\u00e1vodu d\u011bti prok\u00e1zaly vz\u00e1jemn\u00e9 stmelen\u00ed a schopnost dorozum\u011bt se a doj\u00edt \u00fasp\u011b\u0161n\u011b k\u00a0c\u00edli. Velice dojemn\u00fdm okam\u017eikem pak bylo odpoledn\u00ed lou\u010den\u00ed, kter\u00e9 se neobe\u0161lo bez slzi\u010dek v\u011bt\u0161iny \u00fa\u010dastn\u00edk\u016f. Velikou poklonu zaslou\u017e\u00ed v\u0161ichni u\u010ditel\u00e9, kte\u0159\u00ed aktivn\u011b p\u0159ipravovali ve spolupr\u00e1ci s\u00a0\u00fa\u0159ady, program setk\u00e1n\u00ed, vytvo\u0159ili pro d\u011bti slovn\u00ed\u010dek \u201eWe know how to communicate\u201c v\u00a0anglick\u00e9-polsk\u00e9-slovensk\u00e9-\u010desk\u00e9 jazykov\u00e9 mutaci, p\u0159ipravili prezentaci sv\u00fdch \u0161kol, v\u011bdomostn\u00ed sout\u011b\u017e o zem\u00edch V4 a z\u00e1bavn\u00ed programy na ve\u010dern\u00ed hodiny setk\u00e1n\u00ed. Pro co nejlep\u0161\u00ed vz\u00e1jemn\u00e9 pozn\u00e1n\u00ed i snahu podpo\u0159it vybudov\u00e1n\u00ed spole\u010dn\u00fdch vazeb a p\u0159\u00e1telstv\u00ed, byli v\u0161ichni \u00fa\u010dastn\u00edci, tj. d\u011bti, u\u010ditel\u00e9 i z\u00e1stupci obc\u00ed po celou dobu setk\u00e1n\u00ed ubytov\u00e1ni v\u00a0are\u00e1lu Holiday park Li\u0161\u010d\u00ed farma. Na pam\u00e1tku v\u0161ichni obdr\u017eeli bat\u016f\u017eek a hru Pexeso s\u00a0fotografiemi pam\u011btihodnost\u00ed a zaj\u00edmavost\u00ed partnersk\u00fdch obc\u00ed a m\u011bst. Webov\u00e9 str\u00e1nek projektu <a href=\"http:\/\/www.krkonose-tatry\/\">www.krkonose-tatry<\/a><span style=\"color: #008000;\">.cz<\/span> a facebook budou do budoucna nejen zdrojem informac\u00ed pro \u0161irokou ve\u0159ejnost, ale p\u0159edev\u0161\u00edm spojnic\u00ed mezi \u00fa\u010dastn\u00edky setk\u00e1n\u00ed.<\/p>\n<p>Foto: <a href=\"https:\/\/verkavod.rajce.idnes.cz\/Mezinarodni_projekt_s_V4\/\">ZDE<\/a><\/p>\n<p class=\"album-desc\"><strong>Projekt finan\u010dn\u011b podpo\u0159il International Visegrad Fund<\/strong><br \/>\n<img decoding=\"async\" id=\"shTopImg\" title=\"Kliknut\u00edm zav\u0159\u00edt\" src=\"https:\/\/www.zsskolnivr.cz\/wp-content\/gallery\/loga-1\/LOGO-v4-001.jpg?i=1492736279\" \/><\/p>\n<p class=\"album-desc\">\n","protected":false},"excerpt":{"rendered":"<p>\u00a0 \u010cty\u0159denn\u00edho \u201eSetk\u00e1n\u00ed d\u011bt\u00ed zem\u00ed Visegradu ve Vrchlab\u00ed\u201c se z\u00fa\u010dastnilo 64 d\u011bt\u00ed ve dnech 3. \u2013 6. \u0159\u00edjna 2017. Prvn\u00ed den, p\u0159i slavnostn\u00edm zah\u00e1jen\u00ed d\u011bti, u\u010ditel\u00e9 a p\u0159edstavitel\u00e9 municipalit prezentovali sv\u00e9 zem\u011b a obce, odkud poch\u00e1zej\u00ed na V\u00fdstav\u011b \u201ePoznejme p\u0159\u00e1tele <a href=\"https:\/\/www.zsskolnivr.cz\/?page_id=11460\" class=\"read-more\">Read More &#8230;<\/a><\/p>\n","protected":false},"author":3,"featured_media":0,"parent":0,"menu_order":0,"comment_status":"closed","ping_status":"closed","template":"","meta":{"ngg_post_thumbnail":0,"footnotes":""},"class_list":["post-11460","page","type-page","status-publish","hentry"],"_links":{"self":[{"href":"https:\/\/www.zsskolnivr.cz\/index.php?rest_route=\/wp\/v2\/pages\/11460","targetHints":{"allow":["GET"]}}],"collection":[{"href":"https:\/\/www.zsskolnivr.cz\/index.php?rest_route=\/wp\/v2\/pages"}],"about":[{"href":"https:\/\/www.zsskolnivr.cz\/index.php?rest_route=\/wp\/v2\/types\/page"}],"author":[{"embeddable":true,"href":"https:\/\/www.zsskolnivr.cz\/index.php?rest_route=\/wp\/v2\/users\/3"}],"replies":[{"embeddable":true,"href":"https:\/\/www.zsskolnivr.cz\/index.php?rest_route=%2Fwp%2Fv2%2Fcomments&post=11460"}],"version-history":[{"count":8,"href":"https:\/\/www.zsskolnivr.cz\/index.php?rest_route=\/wp\/v2\/pages\/11460\/revisions"}],"predecessor-version":[{"id":11488,"href":"https:\/\/www.zsskolnivr.cz\/index.php?rest_route=\/wp\/v2\/pages\/11460\/revisions\/11488"}],"wp:attachment":[{"href":"https:\/\/www.zsskolnivr.cz\/index.php?rest_route=%2Fwp%2Fv2%2Fmedia&parent=11460"}],"curies":[{"name":"wp","href":"https:\/\/api.w.org\/{rel}","templated":true}]}}