{"id":1225,"date":"2015-12-16T09:20:27","date_gmt":"2015-12-16T09:20:27","guid":{"rendered":"http:\/\/www.zsskolnivr.cz\/?page_id=1225"},"modified":"2016-06-07T07:00:42","modified_gmt":"2016-06-07T07:00:42","slug":"vyzva-56","status":"publish","type":"page","link":"https:\/\/www.zsskolnivr.cz\/?page_id=1225","title":{"rendered":"V\u00fdzva 56"},"content":{"rendered":"<p>\u010cten\u00e1\u0159sk\u00e9 d\u00edlny \u2013 4 \u0161ablony &#8211; 2. \u2013 9. ro\u010dn\u00edk, podpo\u0159en\u00ed \u010dten\u00e1\u0159sk\u00e9 gramotnosti, n\u00e1kup nov\u00fdch knih<\/p>\n<p>Studijn\u00ed pobyt 60 \u017e\u00e1k\u016f v\u00a0ji\u017en\u00ed Anglii v\u00a0m\u011bst\u011b Gosport<br \/>\n<!-- index.php -->\n<div\n\tclass=\"ngg-galleryoverview\n\t\t\"\n\tid=\"ngg-gallery-31007d55da3efbac0f701d01e6ec8a1b-1\">\n\n\t\t\t<!-- Thumbnails -->\n\t\t\t\t<div id=\"ngg-image-0\" class=\"ngg-gallery-thumbnail-box\"\n\t\t\t\t\t\t\t\t\t\t\t>\n\t\t\t\t\t\t<div class=\"ngg-gallery-thumbnail\">\n\t\t\t<a href=\"http:\/\/www.zsskolnivr.cz\/wp-content\/gallery\/anglie-2015\/IMG_8959.JPG\"\n\t\t\t\ttitle=\"\"\n\t\t\t\tdata-src=\"http:\/\/www.zsskolnivr.cz\/wp-content\/gallery\/anglie-2015\/IMG_8959.JPG\"\n\t\t\t\tdata-thumbnail=\"http:\/\/www.zsskolnivr.cz\/wp-content\/gallery\/anglie-2015\/thumbs\/thumbs_IMG_8959.JPG\"\n\t\t\t\tdata-image-id=\"185\"\n\t\t\t\tdata-title=\"Spinnaker Tower\"\n\t\t\t\tdata-description=\"\"\n\t\t\t\tdata-image-slug=\"img_8959\"\n\t\t\t\tclass=\"ngg-fancybox\" rel=\"31007d55da3efbac0f701d01e6ec8a1b\">\n\t\t\t\t<img\n\t\t\t\t\ttitle=\"Spinnaker Tower\"\n\t\t\t\t\talt=\"Spinnaker Tower\"\n\t\t\t\t\tsrc=\"http:\/\/www.zsskolnivr.cz\/wp-content\/gallery\/anglie-2015\/cache\/IMG_8959.JPG-nggid03185-ngg0dyn-60x40x100-00f0w010c011r110f110r010t010.JPG\"\n\t\t\t\t\twidth=\"60\"\n\t\t\t\t\theight=\"40\"\n\t\t\t\t\tstyle=\"max-width:100%;\"\n\t\t\t\t\/>\n\t\t\t<\/a>\n\t\t<\/div>\n\t\t\t\t\t\t\t<\/div>\n\t\t\t\n\t\t\t\t\t\t\t\n\t\t\t\t<div id=\"ngg-image-1\" class=\"ngg-gallery-thumbnail-box\"\n\t\t\t\t\t\t\t\t\t\t\t>\n\t\t\t\t\t\t<div class=\"ngg-gallery-thumbnail\">\n\t\t\t<a href=\"http:\/\/www.zsskolnivr.cz\/wp-content\/gallery\/anglie-2015\/IMG_9294.JPG\"\n\t\t\t\ttitle=\"\"\n\t\t\t\tdata-src=\"http:\/\/www.zsskolnivr.cz\/wp-content\/gallery\/anglie-2015\/IMG_9294.JPG\"\n\t\t\t\tdata-thumbnail=\"http:\/\/www.zsskolnivr.cz\/wp-content\/gallery\/anglie-2015\/thumbs\/thumbs_IMG_9294.JPG\"\n\t\t\t\tdata-image-id=\"199\"\n\t\t\t\tdata-title=\"Palace House\"\n\t\t\t\tdata-description=\"\"\n\t\t\t\tdata-image-slug=\"img_9294-4\"\n\t\t\t\tclass=\"ngg-fancybox\" rel=\"31007d55da3efbac0f701d01e6ec8a1b\">\n\t\t\t\t<img\n\t\t\t\t\ttitle=\"Palace House\"\n\t\t\t\t\talt=\"Palace House\"\n\t\t\t\t\tsrc=\"http:\/\/www.zsskolnivr.cz\/wp-content\/gallery\/anglie-2015\/cache\/IMG_9294.JPG-nggid03199-ngg0dyn-60x40x100-00f0w010c011r110f110r010t010.JPG\"\n\t\t\t\t\twidth=\"60\"\n\t\t\t\t\theight=\"40\"\n\t\t\t\t\tstyle=\"max-width:100%;\"\n\t\t\t\t\/>\n\t\t\t<\/a>\n\t\t<\/div>\n\t\t\t\t\t\t\t<\/div>\n\t\t\t\n\t\t\t\t\t\t\t\n\t\t\t\t<div id=\"ngg-image-2\" class=\"ngg-gallery-thumbnail-box\"\n\t\t\t\t\t\t\t\t\t\t\t>\n\t\t\t\t\t\t<div class=\"ngg-gallery-thumbnail\">\n\t\t\t<a href=\"http:\/\/www.zsskolnivr.cz\/wp-content\/gallery\/anglie-2015\/IMG_9504.JPG\"\n\t\t\t\ttitle=\"\"\n\t\t\t\tdata-src=\"http:\/\/www.zsskolnivr.cz\/wp-content\/gallery\/anglie-2015\/IMG_9504.JPG\"\n\t\t\t\tdata-thumbnail=\"http:\/\/www.zsskolnivr.cz\/wp-content\/gallery\/anglie-2015\/thumbs\/thumbs_IMG_9504.JPG\"\n\t\t\t\tdata-image-id=\"203\"\n\t\t\t\tdata-title=\"Ve\u010de\u0159e pod nult\u00fdm poledn\u00edkem a odjezd dom\u016f.\"\n\t\t\t\tdata-description=\"\"\n\t\t\t\tdata-image-slug=\"img_9504\"\n\t\t\t\tclass=\"ngg-fancybox\" rel=\"31007d55da3efbac0f701d01e6ec8a1b\">\n\t\t\t\t<img\n\t\t\t\t\ttitle=\"Ve\u010de\u0159e pod nult\u00fdm poledn\u00edkem a odjezd dom\u016f.\"\n\t\t\t\t\talt=\"Ve\u010de\u0159e pod nult\u00fdm poledn\u00edkem a odjezd dom\u016f.\"\n\t\t\t\t\tsrc=\"http:\/\/www.zsskolnivr.cz\/wp-content\/gallery\/anglie-2015\/cache\/IMG_9504.JPG-nggid03203-ngg0dyn-60x40x100-00f0w010c011r110f110r010t010.JPG\"\n\t\t\t\t\twidth=\"60\"\n\t\t\t\t\theight=\"40\"\n\t\t\t\t\tstyle=\"max-width:100%;\"\n\t\t\t\t\/>\n\t\t\t<\/a>\n\t\t<\/div>\n\t\t\t\t\t\t\t<\/div>\n\t\t\t\n\t\t\t\t\t\t\t\n\t\t\t\t<div id=\"ngg-image-3\" class=\"ngg-gallery-thumbnail-box\"\n\t\t\t\t\t\t\t\t\t\t\t>\n\t\t\t\t\t\t<div class=\"ngg-gallery-thumbnail\">\n\t\t\t<a href=\"http:\/\/www.zsskolnivr.cz\/wp-content\/gallery\/anglie-2015\/IMG_9098.JPG\"\n\t\t\t\ttitle=\"\"\n\t\t\t\tdata-src=\"http:\/\/www.zsskolnivr.cz\/wp-content\/gallery\/anglie-2015\/IMG_9098.JPG\"\n\t\t\t\tdata-thumbnail=\"http:\/\/www.zsskolnivr.cz\/wp-content\/gallery\/anglie-2015\/thumbs\/thumbs_IMG_9098.JPG\"\n\t\t\t\tdata-image-id=\"193\"\n\t\t\t\tdata-title=\"Mo\u0159sk\u00e9 akv\u00e1rium Portsmouth\"\n\t\t\t\tdata-description=\"\"\n\t\t\t\tdata-image-slug=\"img_9098-4\"\n\t\t\t\tclass=\"ngg-fancybox\" rel=\"31007d55da3efbac0f701d01e6ec8a1b\">\n\t\t\t\t<img\n\t\t\t\t\ttitle=\"Mo\u0159sk\u00e9 akv\u00e1rium Portsmouth\"\n\t\t\t\t\talt=\"Mo\u0159sk\u00e9 akv\u00e1rium Portsmouth\"\n\t\t\t\t\tsrc=\"http:\/\/www.zsskolnivr.cz\/wp-content\/gallery\/anglie-2015\/cache\/IMG_9098.JPG-nggid03193-ngg0dyn-60x40x100-00f0w010c011r110f110r010t010.JPG\"\n\t\t\t\t\twidth=\"60\"\n\t\t\t\t\theight=\"40\"\n\t\t\t\t\tstyle=\"max-width:100%;\"\n\t\t\t\t\/>\n\t\t\t<\/a>\n\t\t<\/div>\n\t\t\t\t\t\t\t<\/div>\n\t\t\t\n\t\t\t\t\t\t\t\t\t<br style=\"clear: both\" \/>\n\t\t\t\t\t\n\t\t\t\t<div id=\"ngg-image-4\" class=\"ngg-gallery-thumbnail-box\"\n\t\t\t\t\t\t\t\t\t\t\t>\n\t\t\t\t\t\t<div class=\"ngg-gallery-thumbnail\">\n\t\t\t<a href=\"http:\/\/www.zsskolnivr.cz\/wp-content\/gallery\/anglie-2015\/IMG_9097.JPG\"\n\t\t\t\ttitle=\"\"\n\t\t\t\tdata-src=\"http:\/\/www.zsskolnivr.cz\/wp-content\/gallery\/anglie-2015\/IMG_9097.JPG\"\n\t\t\t\tdata-thumbnail=\"http:\/\/www.zsskolnivr.cz\/wp-content\/gallery\/anglie-2015\/thumbs\/thumbs_IMG_9097.JPG\"\n\t\t\t\tdata-image-id=\"192\"\n\t\t\t\tdata-title=\"Mo\u0159sk\u00e9 akv\u00e1rium Portsmouth\"\n\t\t\t\tdata-description=\"\"\n\t\t\t\tdata-image-slug=\"img_9097-4\"\n\t\t\t\tclass=\"ngg-fancybox\" rel=\"31007d55da3efbac0f701d01e6ec8a1b\">\n\t\t\t\t<img\n\t\t\t\t\ttitle=\"Mo\u0159sk\u00e9 akv\u00e1rium Portsmouth\"\n\t\t\t\t\talt=\"Mo\u0159sk\u00e9 akv\u00e1rium Portsmouth\"\n\t\t\t\t\tsrc=\"http:\/\/www.zsskolnivr.cz\/wp-content\/gallery\/anglie-2015\/cache\/IMG_9097.JPG-nggid03192-ngg0dyn-60x40x100-00f0w010c011r110f110r010t010.JPG\"\n\t\t\t\t\twidth=\"60\"\n\t\t\t\t\theight=\"40\"\n\t\t\t\t\tstyle=\"max-width:100%;\"\n\t\t\t\t\/>\n\t\t\t<\/a>\n\t\t<\/div>\n\t\t\t\t\t\t\t<\/div>\n\t\t\t\n\t\t\t\t\t\t\t\n\t\t\t\t<div id=\"ngg-image-5\" class=\"ngg-gallery-thumbnail-box\"\n\t\t\t\t\t\t\t\t\t\t\t>\n\t\t\t\t\t\t<div class=\"ngg-gallery-thumbnail\">\n\t\t\t<a href=\"http:\/\/www.zsskolnivr.cz\/wp-content\/gallery\/anglie-2015\/IMG_9069.JPG\"\n\t\t\t\ttitle=\"\"\n\t\t\t\tdata-src=\"http:\/\/www.zsskolnivr.cz\/wp-content\/gallery\/anglie-2015\/IMG_9069.JPG\"\n\t\t\t\tdata-thumbnail=\"http:\/\/www.zsskolnivr.cz\/wp-content\/gallery\/anglie-2015\/thumbs\/thumbs_IMG_9069.JPG\"\n\t\t\t\tdata-image-id=\"191\"\n\t\t\t\tdata-title=\"Salisbury\"\n\t\t\t\tdata-description=\"\"\n\t\t\t\tdata-image-slug=\"img_9069-4\"\n\t\t\t\tclass=\"ngg-fancybox\" rel=\"31007d55da3efbac0f701d01e6ec8a1b\">\n\t\t\t\t<img\n\t\t\t\t\ttitle=\"Salisbury\"\n\t\t\t\t\talt=\"Salisbury\"\n\t\t\t\t\tsrc=\"http:\/\/www.zsskolnivr.cz\/wp-content\/gallery\/anglie-2015\/cache\/IMG_9069.JPG-nggid03191-ngg0dyn-60x40x100-00f0w010c011r110f110r010t010.JPG\"\n\t\t\t\t\twidth=\"60\"\n\t\t\t\t\theight=\"40\"\n\t\t\t\t\tstyle=\"max-width:100%;\"\n\t\t\t\t\/>\n\t\t\t<\/a>\n\t\t<\/div>\n\t\t\t\t\t\t\t<\/div>\n\t\t\t\n\t\t\t\t\t\t\t\n\t\t\t\t<div id=\"ngg-image-6\" class=\"ngg-gallery-thumbnail-box\"\n\t\t\t\t\t\t\t\t\t\t\t>\n\t\t\t\t\t\t<div class=\"ngg-gallery-thumbnail\">\n\t\t\t<a href=\"http:\/\/www.zsskolnivr.cz\/wp-content\/gallery\/anglie-2015\/IMG_9055.JPG\"\n\t\t\t\ttitle=\"\"\n\t\t\t\tdata-src=\"http:\/\/www.zsskolnivr.cz\/wp-content\/gallery\/anglie-2015\/IMG_9055.JPG\"\n\t\t\t\tdata-thumbnail=\"http:\/\/www.zsskolnivr.cz\/wp-content\/gallery\/anglie-2015\/thumbs\/thumbs_IMG_9055.JPG\"\n\t\t\t\tdata-image-id=\"190\"\n\t\t\t\tdata-title=\"V katedr\u00e1le je ulo\u017eena Magna Charta\"\n\t\t\t\tdata-description=\"\"\n\t\t\t\tdata-image-slug=\"img_9055\"\n\t\t\t\tclass=\"ngg-fancybox\" rel=\"31007d55da3efbac0f701d01e6ec8a1b\">\n\t\t\t\t<img\n\t\t\t\t\ttitle=\"V katedr\u00e1le je ulo\u017eena Magna Charta\"\n\t\t\t\t\talt=\"V katedr\u00e1le je ulo\u017eena Magna Charta\"\n\t\t\t\t\tsrc=\"http:\/\/www.zsskolnivr.cz\/wp-content\/gallery\/anglie-2015\/cache\/IMG_9055.JPG-nggid03190-ngg0dyn-60x40x100-00f0w010c011r110f110r010t010.JPG\"\n\t\t\t\t\twidth=\"60\"\n\t\t\t\t\theight=\"40\"\n\t\t\t\t\tstyle=\"max-width:100%;\"\n\t\t\t\t\/>\n\t\t\t<\/a>\n\t\t<\/div>\n\t\t\t\t\t\t\t<\/div>\n\t\t\t\n\t\t\t\t\t\t\t\n\t\t\t\t<div id=\"ngg-image-7\" class=\"ngg-gallery-thumbnail-box\"\n\t\t\t\t\t\t\t\t\t\t\t>\n\t\t\t\t\t\t<div class=\"ngg-gallery-thumbnail\">\n\t\t\t<a href=\"http:\/\/www.zsskolnivr.cz\/wp-content\/gallery\/anglie-2015\/IMG_9049.JPG\"\n\t\t\t\ttitle=\"\"\n\t\t\t\tdata-src=\"http:\/\/www.zsskolnivr.cz\/wp-content\/gallery\/anglie-2015\/IMG_9049.JPG\"\n\t\t\t\tdata-thumbnail=\"http:\/\/www.zsskolnivr.cz\/wp-content\/gallery\/anglie-2015\/thumbs\/thumbs_IMG_9049.JPG\"\n\t\t\t\tdata-image-id=\"189\"\n\t\t\t\tdata-title=\"Uvnit\u0159 katedr\u00e1ly\"\n\t\t\t\tdata-description=\"\"\n\t\t\t\tdata-image-slug=\"img_9049\"\n\t\t\t\tclass=\"ngg-fancybox\" rel=\"31007d55da3efbac0f701d01e6ec8a1b\">\n\t\t\t\t<img\n\t\t\t\t\ttitle=\"Uvnit\u0159 katedr\u00e1ly\"\n\t\t\t\t\talt=\"Uvnit\u0159 katedr\u00e1ly\"\n\t\t\t\t\tsrc=\"http:\/\/www.zsskolnivr.cz\/wp-content\/gallery\/anglie-2015\/cache\/IMG_9049.JPG-nggid03189-ngg0dyn-60x40x100-00f0w010c011r110f110r010t010.JPG\"\n\t\t\t\t\twidth=\"60\"\n\t\t\t\t\theight=\"40\"\n\t\t\t\t\tstyle=\"max-width:100%;\"\n\t\t\t\t\/>\n\t\t\t<\/a>\n\t\t<\/div>\n\t\t\t\t\t\t\t<\/div>\n\t\t\t\n\t\t\t\t\t\t\t\t\t<br style=\"clear: both\" \/>\n\t\t\t\t\t\n\t\t\t\t<div id=\"ngg-image-8\" class=\"ngg-gallery-thumbnail-box\"\n\t\t\t\t\t\t\t\t\t\t\t>\n\t\t\t\t\t\t<div class=\"ngg-gallery-thumbnail\">\n\t\t\t<a href=\"http:\/\/www.zsskolnivr.cz\/wp-content\/gallery\/anglie-2015\/IMG_9267.JPG\"\n\t\t\t\ttitle=\"\"\n\t\t\t\tdata-src=\"http:\/\/www.zsskolnivr.cz\/wp-content\/gallery\/anglie-2015\/IMG_9267.JPG\"\n\t\t\t\tdata-thumbnail=\"http:\/\/www.zsskolnivr.cz\/wp-content\/gallery\/anglie-2015\/thumbs\/thumbs_IMG_9267.JPG\"\n\t\t\t\tdata-image-id=\"197\"\n\t\t\t\tdata-title=\"Muzeum automobil\u016f\"\n\t\t\t\tdata-description=\"\"\n\t\t\t\tdata-image-slug=\"img_9267-4\"\n\t\t\t\tclass=\"ngg-fancybox\" rel=\"31007d55da3efbac0f701d01e6ec8a1b\">\n\t\t\t\t<img\n\t\t\t\t\ttitle=\"Muzeum automobil\u016f\"\n\t\t\t\t\talt=\"Muzeum automobil\u016f\"\n\t\t\t\t\tsrc=\"http:\/\/www.zsskolnivr.cz\/wp-content\/gallery\/anglie-2015\/cache\/IMG_9267.JPG-nggid03197-ngg0dyn-60x40x100-00f0w010c011r110f110r010t010.JPG\"\n\t\t\t\t\twidth=\"60\"\n\t\t\t\t\theight=\"40\"\n\t\t\t\t\tstyle=\"max-width:100%;\"\n\t\t\t\t\/>\n\t\t\t<\/a>\n\t\t<\/div>\n\t\t\t\t\t\t\t<\/div>\n\t\t\t\n\t\t\t\t\t\t\t\n\t\t\t\t<div id=\"ngg-image-9\" class=\"ngg-gallery-thumbnail-box\"\n\t\t\t\t\t\t\t\t\t\t\t>\n\t\t\t\t\t\t<div class=\"ngg-gallery-thumbnail\">\n\t\t\t<a href=\"http:\/\/www.zsskolnivr.cz\/wp-content\/gallery\/anglie-2015\/IMG_9339.JPG\"\n\t\t\t\ttitle=\"\"\n\t\t\t\tdata-src=\"http:\/\/www.zsskolnivr.cz\/wp-content\/gallery\/anglie-2015\/IMG_9339.JPG\"\n\t\t\t\tdata-thumbnail=\"http:\/\/www.zsskolnivr.cz\/wp-content\/gallery\/anglie-2015\/thumbs\/thumbs_IMG_9339.JPG\"\n\t\t\t\tdata-image-id=\"200\"\n\t\t\t\tdata-title=\"Lond\u00fdn\"\n\t\t\t\tdata-description=\"\"\n\t\t\t\tdata-image-slug=\"img_9339\"\n\t\t\t\tclass=\"ngg-fancybox\" rel=\"31007d55da3efbac0f701d01e6ec8a1b\">\n\t\t\t\t<img\n\t\t\t\t\ttitle=\"Lond\u00fdn\"\n\t\t\t\t\talt=\"Lond\u00fdn\"\n\t\t\t\t\tsrc=\"http:\/\/www.zsskolnivr.cz\/wp-content\/gallery\/anglie-2015\/cache\/IMG_9339.JPG-nggid03200-ngg0dyn-60x40x100-00f0w010c011r110f110r010t010.JPG\"\n\t\t\t\t\twidth=\"60\"\n\t\t\t\t\theight=\"40\"\n\t\t\t\t\tstyle=\"max-width:100%;\"\n\t\t\t\t\/>\n\t\t\t<\/a>\n\t\t<\/div>\n\t\t\t\t\t\t\t<\/div>\n\t\t\t\n\t\t\t\t\t\t\t\n\t\t\t\t<div id=\"ngg-image-10\" class=\"ngg-gallery-thumbnail-box\"\n\t\t\t\t\t\t\t\t\t\t\t>\n\t\t\t\t\t\t<div class=\"ngg-gallery-thumbnail\">\n\t\t\t<a href=\"http:\/\/www.zsskolnivr.cz\/wp-content\/gallery\/anglie-2015\/IMG_8960.JPG\"\n\t\t\t\ttitle=\"\"\n\t\t\t\tdata-src=\"http:\/\/www.zsskolnivr.cz\/wp-content\/gallery\/anglie-2015\/IMG_8960.JPG\"\n\t\t\t\tdata-thumbnail=\"http:\/\/www.zsskolnivr.cz\/wp-content\/gallery\/anglie-2015\/thumbs\/thumbs_IMG_8960.JPG\"\n\t\t\t\tdata-image-id=\"186\"\n\t\t\t\tdata-title=\"Modern\u00ed v\u00fdstavba v Portsmouth\"\n\t\t\t\tdata-description=\"\"\n\t\t\t\tdata-image-slug=\"img_8960\"\n\t\t\t\tclass=\"ngg-fancybox\" rel=\"31007d55da3efbac0f701d01e6ec8a1b\">\n\t\t\t\t<img\n\t\t\t\t\ttitle=\"Modern\u00ed v\u00fdstavba v Portsmouth\"\n\t\t\t\t\talt=\"Modern\u00ed v\u00fdstavba v Portsmouth\"\n\t\t\t\t\tsrc=\"http:\/\/www.zsskolnivr.cz\/wp-content\/gallery\/anglie-2015\/cache\/IMG_8960.JPG-nggid03186-ngg0dyn-60x40x100-00f0w010c011r110f110r010t010.JPG\"\n\t\t\t\t\twidth=\"60\"\n\t\t\t\t\theight=\"40\"\n\t\t\t\t\tstyle=\"max-width:100%;\"\n\t\t\t\t\/>\n\t\t\t<\/a>\n\t\t<\/div>\n\t\t\t\t\t\t\t<\/div>\n\t\t\t\n\t\t\t\t\t\t\t\n\t\t\t\t<div id=\"ngg-image-11\" class=\"ngg-gallery-thumbnail-box\"\n\t\t\t\t\t\t\t\t\t\t\t>\n\t\t\t\t\t\t<div class=\"ngg-gallery-thumbnail\">\n\t\t\t<a href=\"http:\/\/www.zsskolnivr.cz\/wp-content\/gallery\/anglie-2015\/IMG_8873.JPG\"\n\t\t\t\ttitle=\"\"\n\t\t\t\tdata-src=\"http:\/\/www.zsskolnivr.cz\/wp-content\/gallery\/anglie-2015\/IMG_8873.JPG\"\n\t\t\t\tdata-thumbnail=\"http:\/\/www.zsskolnivr.cz\/wp-content\/gallery\/anglie-2015\/thumbs\/thumbs_IMG_8873.JPG\"\n\t\t\t\tdata-image-id=\"175\"\n\t\t\t\tdata-title=\"Calais - \u010dek\u00e1n\u00ed na trajekt\"\n\t\t\t\tdata-description=\"\"\n\t\t\t\tdata-image-slug=\"img_8873-4\"\n\t\t\t\tclass=\"ngg-fancybox\" rel=\"31007d55da3efbac0f701d01e6ec8a1b\">\n\t\t\t\t<img\n\t\t\t\t\ttitle=\"Calais - \u010dek\u00e1n\u00ed na trajekt\"\n\t\t\t\t\talt=\"Calais - \u010dek\u00e1n\u00ed na trajekt\"\n\t\t\t\t\tsrc=\"http:\/\/www.zsskolnivr.cz\/wp-content\/gallery\/anglie-2015\/cache\/IMG_8873.JPG-nggid03175-ngg0dyn-60x40x100-00f0w010c011r110f110r010t010.JPG\"\n\t\t\t\t\twidth=\"60\"\n\t\t\t\t\theight=\"40\"\n\t\t\t\t\tstyle=\"max-width:100%;\"\n\t\t\t\t\/>\n\t\t\t<\/a>\n\t\t<\/div>\n\t\t\t\t\t\t\t<\/div>\n\t\t\t\n\t\t\t\t\t\t\t\t\t<br style=\"clear: both\" \/>\n\t\t\t\t\t\n\t\t\t\t<div id=\"ngg-image-12\" class=\"ngg-gallery-thumbnail-box\"\n\t\t\t\t\t\t\t\t\t\t\t>\n\t\t\t\t\t\t<div class=\"ngg-gallery-thumbnail\">\n\t\t\t<a href=\"http:\/\/www.zsskolnivr.cz\/wp-content\/gallery\/anglie-2015\/IMG_8932.JPG\"\n\t\t\t\ttitle=\"\"\n\t\t\t\tdata-src=\"http:\/\/www.zsskolnivr.cz\/wp-content\/gallery\/anglie-2015\/IMG_8932.JPG\"\n\t\t\t\tdata-thumbnail=\"http:\/\/www.zsskolnivr.cz\/wp-content\/gallery\/anglie-2015\/thumbs\/thumbs_IMG_8932.JPG\"\n\t\t\t\tdata-image-id=\"184\"\n\t\t\t\tdata-title=\"V\u00e1le\u010dn\u00e9 lod\u011b v p\u0159\u00edstavu\"\n\t\t\t\tdata-description=\"\"\n\t\t\t\tdata-image-slug=\"img_8932\"\n\t\t\t\tclass=\"ngg-fancybox\" rel=\"31007d55da3efbac0f701d01e6ec8a1b\">\n\t\t\t\t<img\n\t\t\t\t\ttitle=\"V\u00e1le\u010dn\u00e9 lod\u011b v p\u0159\u00edstavu\"\n\t\t\t\t\talt=\"V\u00e1le\u010dn\u00e9 lod\u011b v p\u0159\u00edstavu\"\n\t\t\t\t\tsrc=\"http:\/\/www.zsskolnivr.cz\/wp-content\/gallery\/anglie-2015\/cache\/IMG_8932.JPG-nggid03184-ngg0dyn-60x40x100-00f0w010c011r110f110r010t010.JPG\"\n\t\t\t\t\twidth=\"60\"\n\t\t\t\t\theight=\"40\"\n\t\t\t\t\tstyle=\"max-width:100%;\"\n\t\t\t\t\/>\n\t\t\t<\/a>\n\t\t<\/div>\n\t\t\t\t\t\t\t<\/div>\n\t\t\t\n\t\t\t\t\t\t\t\n\t\t\t\t<div id=\"ngg-image-13\" class=\"ngg-gallery-thumbnail-box\"\n\t\t\t\t\t\t\t\t\t\t\t>\n\t\t\t\t\t\t<div class=\"ngg-gallery-thumbnail\">\n\t\t\t<a href=\"http:\/\/www.zsskolnivr.cz\/wp-content\/gallery\/anglie-2015\/IMG_8915.JPG\"\n\t\t\t\ttitle=\"\"\n\t\t\t\tdata-src=\"http:\/\/www.zsskolnivr.cz\/wp-content\/gallery\/anglie-2015\/IMG_8915.JPG\"\n\t\t\t\tdata-thumbnail=\"http:\/\/www.zsskolnivr.cz\/wp-content\/gallery\/anglie-2015\/thumbs\/thumbs_IMG_8915.JPG\"\n\t\t\t\tdata-image-id=\"183\"\n\t\t\t\tdata-title=\"Victory\"\n\t\t\t\tdata-description=\"\"\n\t\t\t\tdata-image-slug=\"img_8915\"\n\t\t\t\tclass=\"ngg-fancybox\" rel=\"31007d55da3efbac0f701d01e6ec8a1b\">\n\t\t\t\t<img\n\t\t\t\t\ttitle=\"Victory\"\n\t\t\t\t\talt=\"Victory\"\n\t\t\t\t\tsrc=\"http:\/\/www.zsskolnivr.cz\/wp-content\/gallery\/anglie-2015\/cache\/IMG_8915.JPG-nggid03183-ngg0dyn-60x40x100-00f0w010c011r110f110r010t010.JPG\"\n\t\t\t\t\twidth=\"60\"\n\t\t\t\t\theight=\"40\"\n\t\t\t\t\tstyle=\"max-width:100%;\"\n\t\t\t\t\/>\n\t\t\t<\/a>\n\t\t<\/div>\n\t\t\t\t\t\t\t<\/div>\n\t\t\t\n\t\t\t\t\t\t\t\n\t\t\t\t<div id=\"ngg-image-14\" class=\"ngg-gallery-thumbnail-box\"\n\t\t\t\t\t\t\t\t\t\t\t>\n\t\t\t\t\t\t<div class=\"ngg-gallery-thumbnail\">\n\t\t\t<a href=\"http:\/\/www.zsskolnivr.cz\/wp-content\/gallery\/anglie-2015\/IMG_8889.JPG\"\n\t\t\t\ttitle=\"\"\n\t\t\t\tdata-src=\"http:\/\/www.zsskolnivr.cz\/wp-content\/gallery\/anglie-2015\/IMG_8889.JPG\"\n\t\t\t\tdata-thumbnail=\"http:\/\/www.zsskolnivr.cz\/wp-content\/gallery\/anglie-2015\/thumbs\/thumbs_IMG_8889.JPG\"\n\t\t\t\tdata-image-id=\"182\"\n\t\t\t\tdata-title=\"Prohl\u00eddka lodi Warrior\"\n\t\t\t\tdata-description=\"\"\n\t\t\t\tdata-image-slug=\"img_8889\"\n\t\t\t\tclass=\"ngg-fancybox\" rel=\"31007d55da3efbac0f701d01e6ec8a1b\">\n\t\t\t\t<img\n\t\t\t\t\ttitle=\"Prohl\u00eddka lodi Warrior\"\n\t\t\t\t\talt=\"Prohl\u00eddka lodi Warrior\"\n\t\t\t\t\tsrc=\"http:\/\/www.zsskolnivr.cz\/wp-content\/gallery\/anglie-2015\/cache\/IMG_8889.JPG-nggid03182-ngg0dyn-60x40x100-00f0w010c011r110f110r010t010.JPG\"\n\t\t\t\t\twidth=\"60\"\n\t\t\t\t\theight=\"40\"\n\t\t\t\t\tstyle=\"max-width:100%;\"\n\t\t\t\t\/>\n\t\t\t<\/a>\n\t\t<\/div>\n\t\t\t\t\t\t\t<\/div>\n\t\t\t\n\t\t\t\t\t\t\t\n\t\t\t\t<div id=\"ngg-image-15\" class=\"ngg-gallery-thumbnail-box\"\n\t\t\t\t\t\t\t\t\t\t\t>\n\t\t\t\t\t\t<div class=\"ngg-gallery-thumbnail\">\n\t\t\t<a href=\"http:\/\/www.zsskolnivr.cz\/wp-content\/gallery\/anglie-2015\/IMG_8887.JPG\"\n\t\t\t\ttitle=\"\"\n\t\t\t\tdata-src=\"http:\/\/www.zsskolnivr.cz\/wp-content\/gallery\/anglie-2015\/IMG_8887.JPG\"\n\t\t\t\tdata-thumbnail=\"http:\/\/www.zsskolnivr.cz\/wp-content\/gallery\/anglie-2015\/thumbs\/thumbs_IMG_8887.JPG\"\n\t\t\t\tdata-image-id=\"181\"\n\t\t\t\tdata-title=\"Prohl\u00eddka lodi Warrior\"\n\t\t\t\tdata-description=\"\"\n\t\t\t\tdata-image-slug=\"img_8887\"\n\t\t\t\tclass=\"ngg-fancybox\" rel=\"31007d55da3efbac0f701d01e6ec8a1b\">\n\t\t\t\t<img\n\t\t\t\t\ttitle=\"Prohl\u00eddka lodi Warrior\"\n\t\t\t\t\talt=\"Prohl\u00eddka lodi Warrior\"\n\t\t\t\t\tsrc=\"http:\/\/www.zsskolnivr.cz\/wp-content\/gallery\/anglie-2015\/cache\/IMG_8887.JPG-nggid03181-ngg0dyn-60x40x100-00f0w010c011r110f110r010t010.JPG\"\n\t\t\t\t\twidth=\"60\"\n\t\t\t\t\theight=\"40\"\n\t\t\t\t\tstyle=\"max-width:100%;\"\n\t\t\t\t\/>\n\t\t\t<\/a>\n\t\t<\/div>\n\t\t\t\t\t\t\t<\/div>\n\t\t\t\n\t\t\t\t\t\t\t\t\t<br style=\"clear: both\" \/>\n\t\t\t\t\t\n\t\t\t\t<div id=\"ngg-image-16\" class=\"ngg-gallery-thumbnail-box\"\n\t\t\t\t\t\t\t\t\t\t\t>\n\t\t\t\t\t\t<div class=\"ngg-gallery-thumbnail\">\n\t\t\t<a href=\"http:\/\/www.zsskolnivr.cz\/wp-content\/gallery\/anglie-2015\/IMG_9276.JPG\"\n\t\t\t\ttitle=\"\"\n\t\t\t\tdata-src=\"http:\/\/www.zsskolnivr.cz\/wp-content\/gallery\/anglie-2015\/IMG_9276.JPG\"\n\t\t\t\tdata-thumbnail=\"http:\/\/www.zsskolnivr.cz\/wp-content\/gallery\/anglie-2015\/thumbs\/thumbs_IMG_9276.JPG\"\n\t\t\t\tdata-image-id=\"198\"\n\t\t\t\tdata-title=\"Muzeum automobil\u016f\"\n\t\t\t\tdata-description=\"\"\n\t\t\t\tdata-image-slug=\"img_9276-4\"\n\t\t\t\tclass=\"ngg-fancybox\" rel=\"31007d55da3efbac0f701d01e6ec8a1b\">\n\t\t\t\t<img\n\t\t\t\t\ttitle=\"Muzeum automobil\u016f\"\n\t\t\t\t\talt=\"Muzeum automobil\u016f\"\n\t\t\t\t\tsrc=\"http:\/\/www.zsskolnivr.cz\/wp-content\/gallery\/anglie-2015\/cache\/IMG_9276.JPG-nggid03198-ngg0dyn-60x40x100-00f0w010c011r110f110r010t010.JPG\"\n\t\t\t\t\twidth=\"60\"\n\t\t\t\t\theight=\"40\"\n\t\t\t\t\tstyle=\"max-width:100%;\"\n\t\t\t\t\/>\n\t\t\t<\/a>\n\t\t<\/div>\n\t\t\t\t\t\t\t<\/div>\n\t\t\t\n\t\t\t\t\t\t\t\n\t\t\t\t<div id=\"ngg-image-17\" class=\"ngg-gallery-thumbnail-box\"\n\t\t\t\t\t\t\t\t\t\t\t>\n\t\t\t\t\t\t<div class=\"ngg-gallery-thumbnail\">\n\t\t\t<a href=\"http:\/\/www.zsskolnivr.cz\/wp-content\/gallery\/anglie-2015\/IMG_9346.JPG\"\n\t\t\t\ttitle=\"\"\n\t\t\t\tdata-src=\"http:\/\/www.zsskolnivr.cz\/wp-content\/gallery\/anglie-2015\/IMG_9346.JPG\"\n\t\t\t\tdata-thumbnail=\"http:\/\/www.zsskolnivr.cz\/wp-content\/gallery\/anglie-2015\/thumbs\/thumbs_IMG_9346.JPG\"\n\t\t\t\tdata-image-id=\"201\"\n\t\t\t\tdata-title=\"V\u00fdm\u011bna str\u00e1\u017ee\"\n\t\t\t\tdata-description=\"\"\n\t\t\t\tdata-image-slug=\"img_9346\"\n\t\t\t\tclass=\"ngg-fancybox\" rel=\"31007d55da3efbac0f701d01e6ec8a1b\">\n\t\t\t\t<img\n\t\t\t\t\ttitle=\"V\u00fdm\u011bna str\u00e1\u017ee\"\n\t\t\t\t\talt=\"V\u00fdm\u011bna str\u00e1\u017ee\"\n\t\t\t\t\tsrc=\"http:\/\/www.zsskolnivr.cz\/wp-content\/gallery\/anglie-2015\/cache\/IMG_9346.JPG-nggid03201-ngg0dyn-60x40x100-00f0w010c011r110f110r010t010.JPG\"\n\t\t\t\t\twidth=\"60\"\n\t\t\t\t\theight=\"40\"\n\t\t\t\t\tstyle=\"max-width:100%;\"\n\t\t\t\t\/>\n\t\t\t<\/a>\n\t\t<\/div>\n\t\t\t\t\t\t\t<\/div>\n\t\t\t\n\t\t\t\t\t\t\t\n\t\t\t\t<div id=\"ngg-image-18\" class=\"ngg-gallery-thumbnail-box\"\n\t\t\t\t\t\t\t\t\t\t\t>\n\t\t\t\t\t\t<div class=\"ngg-gallery-thumbnail\">\n\t\t\t<a href=\"http:\/\/www.zsskolnivr.cz\/wp-content\/gallery\/anglie-2015\/IMG_8878.JPG\"\n\t\t\t\ttitle=\"\"\n\t\t\t\tdata-src=\"http:\/\/www.zsskolnivr.cz\/wp-content\/gallery\/anglie-2015\/IMG_8878.JPG\"\n\t\t\t\tdata-thumbnail=\"http:\/\/www.zsskolnivr.cz\/wp-content\/gallery\/anglie-2015\/thumbs\/thumbs_IMG_8878.JPG\"\n\t\t\t\tdata-image-id=\"178\"\n\t\t\t\tdata-title=\"Lo\u010f Warrior\"\n\t\t\t\tdata-description=\"\"\n\t\t\t\tdata-image-slug=\"img_8878\"\n\t\t\t\tclass=\"ngg-fancybox\" rel=\"31007d55da3efbac0f701d01e6ec8a1b\">\n\t\t\t\t<img\n\t\t\t\t\ttitle=\"Lo\u010f Warrior\"\n\t\t\t\t\talt=\"Lo\u010f Warrior\"\n\t\t\t\t\tsrc=\"http:\/\/www.zsskolnivr.cz\/wp-content\/gallery\/anglie-2015\/cache\/IMG_8878.JPG-nggid03178-ngg0dyn-60x40x100-00f0w010c011r110f110r010t010.JPG\"\n\t\t\t\t\twidth=\"60\"\n\t\t\t\t\theight=\"40\"\n\t\t\t\t\tstyle=\"max-width:100%;\"\n\t\t\t\t\/>\n\t\t\t<\/a>\n\t\t<\/div>\n\t\t\t\t\t\t\t<\/div>\n\t\t\t\n\t\t\t\t\t\t\t\n\t\t\t\t<div id=\"ngg-image-19\" class=\"ngg-gallery-thumbnail-box\"\n\t\t\t\t\t\t\t\t\t\t\t>\n\t\t\t\t\t\t<div class=\"ngg-gallery-thumbnail\">\n\t\t\t<a href=\"http:\/\/www.zsskolnivr.cz\/wp-content\/gallery\/anglie-2015\/IMG_8877.JPG\"\n\t\t\t\ttitle=\"\"\n\t\t\t\tdata-src=\"http:\/\/www.zsskolnivr.cz\/wp-content\/gallery\/anglie-2015\/IMG_8877.JPG\"\n\t\t\t\tdata-thumbnail=\"http:\/\/www.zsskolnivr.cz\/wp-content\/gallery\/anglie-2015\/thumbs\/thumbs_IMG_8877.JPG\"\n\t\t\t\tdata-image-id=\"177\"\n\t\t\t\tdata-title=\"Historick\u00e9 doky\"\n\t\t\t\tdata-description=\"\"\n\t\t\t\tdata-image-slug=\"img_8877\"\n\t\t\t\tclass=\"ngg-fancybox\" rel=\"31007d55da3efbac0f701d01e6ec8a1b\">\n\t\t\t\t<img\n\t\t\t\t\ttitle=\"Historick\u00e9 doky\"\n\t\t\t\t\talt=\"Historick\u00e9 doky\"\n\t\t\t\t\tsrc=\"http:\/\/www.zsskolnivr.cz\/wp-content\/gallery\/anglie-2015\/cache\/IMG_8877.JPG-nggid03177-ngg0dyn-60x40x100-00f0w010c011r110f110r010t010.JPG\"\n\t\t\t\t\twidth=\"60\"\n\t\t\t\t\theight=\"40\"\n\t\t\t\t\tstyle=\"max-width:100%;\"\n\t\t\t\t\/>\n\t\t\t<\/a>\n\t\t<\/div>\n\t\t\t\t\t\t\t<\/div>\n\t\t\t\n\t\t\t\t\t\t\t\t\t<br style=\"clear: both\" \/>\n\t\t\t\t\t\n\t\t\n\t\t<!-- Pagination -->\n\t\t<div class='ngg-navigation'><span class='current'>1<\/span>\n<a class='page-numbers' data-pageid='2' href='https:\/\/www.zsskolnivr.cz\/index.php\/nggallery\/page\/2?page_id=1225'>2<\/a>\n<a class='prev' href='https:\/\/www.zsskolnivr.cz\/index.php\/nggallery\/page\/2?page_id=1225' data-pageid=2>&#9658;<\/a><\/div>\t<\/div>\n<\/p>\n","protected":false},"excerpt":{"rendered":"<p>\u010cten\u00e1\u0159sk\u00e9 d\u00edlny \u2013 4 \u0161ablony &#8211; 2. \u2013 9. ro\u010dn\u00edk, podpo\u0159en\u00ed \u010dten\u00e1\u0159sk\u00e9 gramotnosti, n\u00e1kup nov\u00fdch knih Studijn\u00ed pobyt 60 \u017e\u00e1k\u016f v\u00a0ji\u017en\u00ed Anglii v\u00a0m\u011bst\u011b Gosport 1 2 &#9658;<\/p>\n","protected":false},"author":5,"featured_media":0,"parent":334,"menu_order":0,"comment_status":"closed","ping_status":"closed","template":"","meta":{"ngg_post_thumbnail":0,"footnotes":""},"class_list":["post-1225","page","type-page","status-publish","hentry"],"_links":{"self":[{"href":"https:\/\/www.zsskolnivr.cz\/index.php?rest_route=\/wp\/v2\/pages\/1225","targetHints":{"allow":["GET"]}}],"collection":[{"href":"https:\/\/www.zsskolnivr.cz\/index.php?rest_route=\/wp\/v2\/pages"}],"about":[{"href":"https:\/\/www.zsskolnivr.cz\/index.php?rest_route=\/wp\/v2\/types\/page"}],"author":[{"embeddable":true,"href":"https:\/\/www.zsskolnivr.cz\/index.php?rest_route=\/wp\/v2\/users\/5"}],"replies":[{"embeddable":true,"href":"https:\/\/www.zsskolnivr.cz\/index.php?rest_route=%2Fwp%2Fv2%2Fcomments&post=1225"}],"version-history":[{"count":4,"href":"https:\/\/www.zsskolnivr.cz\/index.php?rest_route=\/wp\/v2\/pages\/1225\/revisions"}],"predecessor-version":[{"id":3270,"href":"https:\/\/www.zsskolnivr.cz\/index.php?rest_route=\/wp\/v2\/pages\/1225\/revisions\/3270"}],"up":[{"embeddable":true,"href":"https:\/\/www.zsskolnivr.cz\/index.php?rest_route=\/wp\/v2\/pages\/334"}],"wp:attachment":[{"href":"https:\/\/www.zsskolnivr.cz\/index.php?rest_route=%2Fwp%2Fv2%2Fmedia&parent=1225"}],"curies":[{"name":"wp","href":"https:\/\/api.w.org\/{rel}","templated":true}]}}