{"id":1281,"date":"2015-12-16T12:09:00","date_gmt":"2015-12-16T12:09:00","guid":{"rendered":"http:\/\/www.zsskolnivr.cz\/?page_id=1281"},"modified":"2016-06-03T07:31:22","modified_gmt":"2016-06-03T07:31:22","slug":"pevecky-sbor","status":"publish","type":"page","link":"https:\/\/www.zsskolnivr.cz\/?page_id=1281","title":{"rendered":"P\u011bveck\u00fd sbor"},"content":{"rendered":"<p><!-- index.php -->\n<div\n\tclass=\"ngg-galleryoverview\n\t\t\"\n\tid=\"ngg-gallery-c2d8ab2b987bddcb93e19d57f70af0db-1\">\n\n\t\t\t<!-- Thumbnails -->\n\t\t\t\t<div id=\"ngg-image-0\" class=\"ngg-gallery-thumbnail-box\"\n\t\t\t\t\t\t\t\t\t\t\t>\n\t\t\t\t\t\t<div class=\"ngg-gallery-thumbnail\">\n\t\t\t<a href=\"http:\/\/www.zsskolnivr.cz\/wp-content\/gallery\/sbor-1\/1.5.2016.jpg\"\n\t\t\t\ttitle=\"\"\n\t\t\t\tdata-src=\"http:\/\/www.zsskolnivr.cz\/wp-content\/gallery\/sbor-1\/1.5.2016.jpg\"\n\t\t\t\tdata-thumbnail=\"http:\/\/www.zsskolnivr.cz\/wp-content\/gallery\/sbor-1\/thumbs\/thumbs_1.5.2016.jpg\"\n\t\t\t\tdata-image-id=\"1429\"\n\t\t\t\tdata-title=\"01_1.5.2016\"\n\t\t\t\tdata-description=\"\"\n\t\t\t\tdata-image-slug=\"1-5-2016\"\n\t\t\t\tclass=\"ngg-fancybox\" rel=\"c2d8ab2b987bddcb93e19d57f70af0db\">\n\t\t\t\t<img\n\t\t\t\t\ttitle=\"01_1.5.2016\"\n\t\t\t\t\talt=\"01_1.5.2016\"\n\t\t\t\t\tsrc=\"http:\/\/www.zsskolnivr.cz\/wp-content\/gallery\/sbor-1\/cache\/1.5.2016.jpg-nggid041429-ngg0dyn-60x40x100-00f0w010c011r110f110r010t010.jpg\"\n\t\t\t\t\twidth=\"60\"\n\t\t\t\t\theight=\"40\"\n\t\t\t\t\tstyle=\"max-width:100%;\"\n\t\t\t\t\/>\n\t\t\t<\/a>\n\t\t<\/div>\n\t\t\t\t\t\t\t<\/div>\n\t\t\t\n\t\t\t\t\t\t\t\n\t\t\t\t<div id=\"ngg-image-1\" class=\"ngg-gallery-thumbnail-box\"\n\t\t\t\t\t\t\t\t\t\t\t>\n\t\t\t\t\t\t<div class=\"ngg-gallery-thumbnail\">\n\t\t\t<a href=\"http:\/\/www.zsskolnivr.cz\/wp-content\/gallery\/sbor-1\/1.5.2016_1.jpg\"\n\t\t\t\ttitle=\"\"\n\t\t\t\tdata-src=\"http:\/\/www.zsskolnivr.cz\/wp-content\/gallery\/sbor-1\/1.5.2016_1.jpg\"\n\t\t\t\tdata-thumbnail=\"http:\/\/www.zsskolnivr.cz\/wp-content\/gallery\/sbor-1\/thumbs\/thumbs_1.5.2016_1.jpg\"\n\t\t\t\tdata-image-id=\"1430\"\n\t\t\t\tdata-title=\"02_1.5.2016_1\"\n\t\t\t\tdata-description=\"\"\n\t\t\t\tdata-image-slug=\"1-5-2016_1\"\n\t\t\t\tclass=\"ngg-fancybox\" rel=\"c2d8ab2b987bddcb93e19d57f70af0db\">\n\t\t\t\t<img\n\t\t\t\t\ttitle=\"02_1.5.2016_1\"\n\t\t\t\t\talt=\"02_1.5.2016_1\"\n\t\t\t\t\tsrc=\"http:\/\/www.zsskolnivr.cz\/wp-content\/gallery\/sbor-1\/cache\/1.5.2016_1.jpg-nggid041430-ngg0dyn-60x40x100-00f0w010c011r110f110r010t010.jpg\"\n\t\t\t\t\twidth=\"60\"\n\t\t\t\t\theight=\"40\"\n\t\t\t\t\tstyle=\"max-width:100%;\"\n\t\t\t\t\/>\n\t\t\t<\/a>\n\t\t<\/div>\n\t\t\t\t\t\t\t<\/div>\n\t\t\t\n\t\t\t\t\t\t\t\n\t\t\t\t<div id=\"ngg-image-2\" class=\"ngg-gallery-thumbnail-box\"\n\t\t\t\t\t\t\t\t\t\t\t>\n\t\t\t\t\t\t<div class=\"ngg-gallery-thumbnail\">\n\t\t\t<a href=\"http:\/\/www.zsskolnivr.cz\/wp-content\/gallery\/sbor-1\/1.5.2016_2.jpg\"\n\t\t\t\ttitle=\"\"\n\t\t\t\tdata-src=\"http:\/\/www.zsskolnivr.cz\/wp-content\/gallery\/sbor-1\/1.5.2016_2.jpg\"\n\t\t\t\tdata-thumbnail=\"http:\/\/www.zsskolnivr.cz\/wp-content\/gallery\/sbor-1\/thumbs\/thumbs_1.5.2016_2.jpg\"\n\t\t\t\tdata-image-id=\"1431\"\n\t\t\t\tdata-title=\"03_1.5.2016_2\"\n\t\t\t\tdata-description=\"\"\n\t\t\t\tdata-image-slug=\"1-5-2016_2\"\n\t\t\t\tclass=\"ngg-fancybox\" rel=\"c2d8ab2b987bddcb93e19d57f70af0db\">\n\t\t\t\t<img\n\t\t\t\t\ttitle=\"03_1.5.2016_2\"\n\t\t\t\t\talt=\"03_1.5.2016_2\"\n\t\t\t\t\tsrc=\"http:\/\/www.zsskolnivr.cz\/wp-content\/gallery\/sbor-1\/cache\/1.5.2016_2.jpg-nggid041431-ngg0dyn-60x40x100-00f0w010c011r110f110r010t010.jpg\"\n\t\t\t\t\twidth=\"60\"\n\t\t\t\t\theight=\"40\"\n\t\t\t\t\tstyle=\"max-width:100%;\"\n\t\t\t\t\/>\n\t\t\t<\/a>\n\t\t<\/div>\n\t\t\t\t\t\t\t<\/div>\n\t\t\t\n\t\t\t\t\t\t\t\n\t\t\t\t<div id=\"ngg-image-3\" class=\"ngg-gallery-thumbnail-box\"\n\t\t\t\t\t\t\t\t\t\t\t>\n\t\t\t\t\t\t<div class=\"ngg-gallery-thumbnail\">\n\t\t\t<a href=\"http:\/\/www.zsskolnivr.cz\/wp-content\/gallery\/sbor-1\/1.5.2016_3.jpg\"\n\t\t\t\ttitle=\"\"\n\t\t\t\tdata-src=\"http:\/\/www.zsskolnivr.cz\/wp-content\/gallery\/sbor-1\/1.5.2016_3.jpg\"\n\t\t\t\tdata-thumbnail=\"http:\/\/www.zsskolnivr.cz\/wp-content\/gallery\/sbor-1\/thumbs\/thumbs_1.5.2016_3.jpg\"\n\t\t\t\tdata-image-id=\"1432\"\n\t\t\t\tdata-title=\"04_1.5.2016_3\"\n\t\t\t\tdata-description=\"\"\n\t\t\t\tdata-image-slug=\"1-5-2016_3\"\n\t\t\t\tclass=\"ngg-fancybox\" rel=\"c2d8ab2b987bddcb93e19d57f70af0db\">\n\t\t\t\t<img\n\t\t\t\t\ttitle=\"04_1.5.2016_3\"\n\t\t\t\t\talt=\"04_1.5.2016_3\"\n\t\t\t\t\tsrc=\"http:\/\/www.zsskolnivr.cz\/wp-content\/gallery\/sbor-1\/cache\/1.5.2016_3.jpg-nggid041432-ngg0dyn-60x40x100-00f0w010c011r110f110r010t010.jpg\"\n\t\t\t\t\twidth=\"60\"\n\t\t\t\t\theight=\"40\"\n\t\t\t\t\tstyle=\"max-width:100%;\"\n\t\t\t\t\/>\n\t\t\t<\/a>\n\t\t<\/div>\n\t\t\t\t\t\t\t<\/div>\n\t\t\t\n\t\t\t\t\t\t\t\n\t\t\t\t<div id=\"ngg-image-4\" class=\"ngg-gallery-thumbnail-box\"\n\t\t\t\t\t\t\t\t\t\t\t>\n\t\t\t\t\t\t<div class=\"ngg-gallery-thumbnail\">\n\t\t\t<a href=\"http:\/\/www.zsskolnivr.cz\/wp-content\/gallery\/sbor-1\/Vernisaz_1.jpg\"\n\t\t\t\ttitle=\"\"\n\t\t\t\tdata-src=\"http:\/\/www.zsskolnivr.cz\/wp-content\/gallery\/sbor-1\/Vernisaz_1.jpg\"\n\t\t\t\tdata-thumbnail=\"http:\/\/www.zsskolnivr.cz\/wp-content\/gallery\/sbor-1\/thumbs\/thumbs_Vernisaz_1.jpg\"\n\t\t\t\tdata-image-id=\"1449\"\n\t\t\t\tdata-title=\"05_Vernisaz_1\"\n\t\t\t\tdata-description=\"\"\n\t\t\t\tdata-image-slug=\"vernisaz_1\"\n\t\t\t\tclass=\"ngg-fancybox\" rel=\"c2d8ab2b987bddcb93e19d57f70af0db\">\n\t\t\t\t<img\n\t\t\t\t\ttitle=\"05_Vernisaz_1\"\n\t\t\t\t\talt=\"05_Vernisaz_1\"\n\t\t\t\t\tsrc=\"http:\/\/www.zsskolnivr.cz\/wp-content\/gallery\/sbor-1\/cache\/Vernisaz_1.jpg-nggid041449-ngg0dyn-60x40x100-00f0w010c011r110f110r010t010.jpg\"\n\t\t\t\t\twidth=\"60\"\n\t\t\t\t\theight=\"40\"\n\t\t\t\t\tstyle=\"max-width:100%;\"\n\t\t\t\t\/>\n\t\t\t<\/a>\n\t\t<\/div>\n\t\t\t\t\t\t\t<\/div>\n\t\t\t\n\t\t\t\t\t\t\t\t\t<br style=\"clear: both\" \/>\n\t\t\t\t\t\n\t\t\t\t<div id=\"ngg-image-5\" class=\"ngg-gallery-thumbnail-box\"\n\t\t\t\t\t\t\t\t\t\t\t>\n\t\t\t\t\t\t<div class=\"ngg-gallery-thumbnail\">\n\t\t\t<a href=\"http:\/\/www.zsskolnivr.cz\/wp-content\/gallery\/sbor-1\/Vernis%C3%A1%C5%BE_2.jpg\"\n\t\t\t\ttitle=\"\"\n\t\t\t\tdata-src=\"http:\/\/www.zsskolnivr.cz\/wp-content\/gallery\/sbor-1\/Vernis%C3%A1%C5%BE_2.jpg\"\n\t\t\t\tdata-thumbnail=\"http:\/\/www.zsskolnivr.cz\/wp-content\/gallery\/sbor-1\/thumbs\/thumbs_Vernis%C3%A1%C5%BE_2.jpg\"\n\t\t\t\tdata-image-id=\"1452\"\n\t\t\t\tdata-title=\"06_Vernisaz_2\"\n\t\t\t\tdata-description=\"\"\n\t\t\t\tdata-image-slug=\"vernis%c3%a1%c5%be_2\"\n\t\t\t\tclass=\"ngg-fancybox\" rel=\"c2d8ab2b987bddcb93e19d57f70af0db\">\n\t\t\t\t<img\n\t\t\t\t\ttitle=\"06_Vernisaz_2\"\n\t\t\t\t\talt=\"06_Vernisaz_2\"\n\t\t\t\t\tsrc=\"http:\/\/www.zsskolnivr.cz\/wp-content\/gallery\/sbor-1\/cache\/Vernis%C3%A1%C5%BE_2.jpg-nggid041452-ngg0dyn-60x40x100-00f0w010c011r110f110r010t010.jpg\"\n\t\t\t\t\twidth=\"60\"\n\t\t\t\t\theight=\"40\"\n\t\t\t\t\tstyle=\"max-width:100%;\"\n\t\t\t\t\/>\n\t\t\t<\/a>\n\t\t<\/div>\n\t\t\t\t\t\t\t<\/div>\n\t\t\t\n\t\t\t\t\t\t\t\n\t\t\t\t<div id=\"ngg-image-6\" class=\"ngg-gallery-thumbnail-box\"\n\t\t\t\t\t\t\t\t\t\t\t>\n\t\t\t\t\t\t<div class=\"ngg-gallery-thumbnail\">\n\t\t\t<a href=\"http:\/\/www.zsskolnivr.cz\/wp-content\/gallery\/sbor-1\/Vernisaz_3.jpg\"\n\t\t\t\ttitle=\"\"\n\t\t\t\tdata-src=\"http:\/\/www.zsskolnivr.cz\/wp-content\/gallery\/sbor-1\/Vernisaz_3.jpg\"\n\t\t\t\tdata-thumbnail=\"http:\/\/www.zsskolnivr.cz\/wp-content\/gallery\/sbor-1\/thumbs\/thumbs_Vernisaz_3.jpg\"\n\t\t\t\tdata-image-id=\"1450\"\n\t\t\t\tdata-title=\"07_Vernisaz_3\"\n\t\t\t\tdata-description=\"\"\n\t\t\t\tdata-image-slug=\"vernisaz_3\"\n\t\t\t\tclass=\"ngg-fancybox\" rel=\"c2d8ab2b987bddcb93e19d57f70af0db\">\n\t\t\t\t<img\n\t\t\t\t\ttitle=\"07_Vernisaz_3\"\n\t\t\t\t\talt=\"07_Vernisaz_3\"\n\t\t\t\t\tsrc=\"http:\/\/www.zsskolnivr.cz\/wp-content\/gallery\/sbor-1\/cache\/Vernisaz_3.jpg-nggid041450-ngg0dyn-60x40x100-00f0w010c011r110f110r010t010.jpg\"\n\t\t\t\t\twidth=\"60\"\n\t\t\t\t\theight=\"40\"\n\t\t\t\t\tstyle=\"max-width:100%;\"\n\t\t\t\t\/>\n\t\t\t<\/a>\n\t\t<\/div>\n\t\t\t\t\t\t\t<\/div>\n\t\t\t\n\t\t\t\t\t\t\t\n\t\t\t\t<div id=\"ngg-image-7\" class=\"ngg-gallery-thumbnail-box\"\n\t\t\t\t\t\t\t\t\t\t\t>\n\t\t\t\t\t\t<div class=\"ngg-gallery-thumbnail\">\n\t\t\t<a href=\"http:\/\/www.zsskolnivr.cz\/wp-content\/gallery\/sbor-1\/Vernisaz_4.jpg\"\n\t\t\t\ttitle=\"\"\n\t\t\t\tdata-src=\"http:\/\/www.zsskolnivr.cz\/wp-content\/gallery\/sbor-1\/Vernisaz_4.jpg\"\n\t\t\t\tdata-thumbnail=\"http:\/\/www.zsskolnivr.cz\/wp-content\/gallery\/sbor-1\/thumbs\/thumbs_Vernisaz_4.jpg\"\n\t\t\t\tdata-image-id=\"1451\"\n\t\t\t\tdata-title=\"08_Vernisaz_4\"\n\t\t\t\tdata-description=\"\"\n\t\t\t\tdata-image-slug=\"vernisaz_4\"\n\t\t\t\tclass=\"ngg-fancybox\" rel=\"c2d8ab2b987bddcb93e19d57f70af0db\">\n\t\t\t\t<img\n\t\t\t\t\ttitle=\"08_Vernisaz_4\"\n\t\t\t\t\talt=\"08_Vernisaz_4\"\n\t\t\t\t\tsrc=\"http:\/\/www.zsskolnivr.cz\/wp-content\/gallery\/sbor-1\/cache\/Vernisaz_4.jpg-nggid041451-ngg0dyn-60x40x100-00f0w010c011r110f110r010t010.jpg\"\n\t\t\t\t\twidth=\"60\"\n\t\t\t\t\theight=\"40\"\n\t\t\t\t\tstyle=\"max-width:100%;\"\n\t\t\t\t\/>\n\t\t\t<\/a>\n\t\t<\/div>\n\t\t\t\t\t\t\t<\/div>\n\t\t\t\n\t\t\t\t\t\t\t\n\t\t\t\t<div id=\"ngg-image-8\" class=\"ngg-gallery-thumbnail-box\"\n\t\t\t\t\t\t\t\t\t\t\t>\n\t\t\t\t\t\t<div class=\"ngg-gallery-thumbnail\">\n\t\t\t<a href=\"http:\/\/www.zsskolnivr.cz\/wp-content\/gallery\/sbor-1\/prezident_1.4.2016_1.jpg\"\n\t\t\t\ttitle=\"\"\n\t\t\t\tdata-src=\"http:\/\/www.zsskolnivr.cz\/wp-content\/gallery\/sbor-1\/prezident_1.4.2016_1.jpg\"\n\t\t\t\tdata-thumbnail=\"http:\/\/www.zsskolnivr.cz\/wp-content\/gallery\/sbor-1\/thumbs\/thumbs_prezident_1.4.2016_1.jpg\"\n\t\t\t\tdata-image-id=\"1457\"\n\t\t\t\tdata-title=\"09_prezident1.4.2016\"\n\t\t\t\tdata-description=\"\"\n\t\t\t\tdata-image-slug=\"prezident_1-4-2016_1\"\n\t\t\t\tclass=\"ngg-fancybox\" rel=\"c2d8ab2b987bddcb93e19d57f70af0db\">\n\t\t\t\t<img\n\t\t\t\t\ttitle=\"09_prezident1.4.2016\"\n\t\t\t\t\talt=\"09_prezident1.4.2016\"\n\t\t\t\t\tsrc=\"http:\/\/www.zsskolnivr.cz\/wp-content\/gallery\/sbor-1\/cache\/prezident_1.4.2016_1.jpg-nggid041457-ngg0dyn-60x40x100-00f0w010c011r110f110r010t010.jpg\"\n\t\t\t\t\twidth=\"60\"\n\t\t\t\t\theight=\"40\"\n\t\t\t\t\tstyle=\"max-width:100%;\"\n\t\t\t\t\/>\n\t\t\t<\/a>\n\t\t<\/div>\n\t\t\t\t\t\t\t<\/div>\n\t\t\t\n\t\t\t\t\t\t\t\n\t\t\t\t<div id=\"ngg-image-9\" class=\"ngg-gallery-thumbnail-box\"\n\t\t\t\t\t\t\t\t\t\t\t>\n\t\t\t\t\t\t<div class=\"ngg-gallery-thumbnail\">\n\t\t\t<a href=\"http:\/\/www.zsskolnivr.cz\/wp-content\/gallery\/sbor-1\/prezident_1.4.2016_2.jpg\"\n\t\t\t\ttitle=\"\"\n\t\t\t\tdata-src=\"http:\/\/www.zsskolnivr.cz\/wp-content\/gallery\/sbor-1\/prezident_1.4.2016_2.jpg\"\n\t\t\t\tdata-thumbnail=\"http:\/\/www.zsskolnivr.cz\/wp-content\/gallery\/sbor-1\/thumbs\/thumbs_prezident_1.4.2016_2.jpg\"\n\t\t\t\tdata-image-id=\"1458\"\n\t\t\t\tdata-title=\"10_prezident1.4.2016\"\n\t\t\t\tdata-description=\"\"\n\t\t\t\tdata-image-slug=\"prezident_1-4-2016_2\"\n\t\t\t\tclass=\"ngg-fancybox\" rel=\"c2d8ab2b987bddcb93e19d57f70af0db\">\n\t\t\t\t<img\n\t\t\t\t\ttitle=\"10_prezident1.4.2016\"\n\t\t\t\t\talt=\"10_prezident1.4.2016\"\n\t\t\t\t\tsrc=\"http:\/\/www.zsskolnivr.cz\/wp-content\/gallery\/sbor-1\/cache\/prezident_1.4.2016_2.jpg-nggid041458-ngg0dyn-60x40x100-00f0w010c011r110f110r010t010.jpg\"\n\t\t\t\t\twidth=\"60\"\n\t\t\t\t\theight=\"40\"\n\t\t\t\t\tstyle=\"max-width:100%;\"\n\t\t\t\t\/>\n\t\t\t<\/a>\n\t\t<\/div>\n\t\t\t\t\t\t\t<\/div>\n\t\t\t\n\t\t\t\t\t\t\t\t\t<br style=\"clear: both\" \/>\n\t\t\t\t\t\n\t\t\t\t<div id=\"ngg-image-10\" class=\"ngg-gallery-thumbnail-box\"\n\t\t\t\t\t\t\t\t\t\t\t>\n\t\t\t\t\t\t<div class=\"ngg-gallery-thumbnail\">\n\t\t\t<a href=\"http:\/\/www.zsskolnivr.cz\/wp-content\/gallery\/sbor-1\/11-11-2015-Svatomartinsk%C3%BD_lampionov%C3%BD_pr%C5%AFvod.jpg\"\n\t\t\t\ttitle=\"\"\n\t\t\t\tdata-src=\"http:\/\/www.zsskolnivr.cz\/wp-content\/gallery\/sbor-1\/11-11-2015-Svatomartinsk%C3%BD_lampionov%C3%BD_pr%C5%AFvod.jpg\"\n\t\t\t\tdata-thumbnail=\"http:\/\/www.zsskolnivr.cz\/wp-content\/gallery\/sbor-1\/thumbs\/thumbs_11-11-2015-Svatomartinsk%C3%BD_lampionov%C3%BD_pr%C5%AFvod.jpg\"\n\t\t\t\tdata-image-id=\"1433\"\n\t\t\t\tdata-title=\"11_2015-Svatomartinsk\u00fd_lampionov\u00fd_pr\u016fvod\"\n\t\t\t\tdata-description=\"\"\n\t\t\t\tdata-image-slug=\"11-11-2015-svatomartinsk%c3%bd_lampionov%c3%bd_pr%c5%afvod\"\n\t\t\t\tclass=\"ngg-fancybox\" rel=\"c2d8ab2b987bddcb93e19d57f70af0db\">\n\t\t\t\t<img\n\t\t\t\t\ttitle=\"11_2015-Svatomartinsk\u00fd_lampionov\u00fd_pr\u016fvod\"\n\t\t\t\t\talt=\"11_2015-Svatomartinsk\u00fd_lampionov\u00fd_pr\u016fvod\"\n\t\t\t\t\tsrc=\"http:\/\/www.zsskolnivr.cz\/wp-content\/gallery\/sbor-1\/cache\/11-11-2015-Svatomartinsk%C3%BD_lampionov%C3%BD_pr%C5%AFvod.jpg-nggid041433-ngg0dyn-60x40x100-00f0w010c011r110f110r010t010.jpg\"\n\t\t\t\t\twidth=\"60\"\n\t\t\t\t\theight=\"40\"\n\t\t\t\t\tstyle=\"max-width:100%;\"\n\t\t\t\t\/>\n\t\t\t<\/a>\n\t\t<\/div>\n\t\t\t\t\t\t\t<\/div>\n\t\t\t\n\t\t\t\t\t\t\t\n\t\t\t\t<div id=\"ngg-image-11\" class=\"ngg-gallery-thumbnail-box\"\n\t\t\t\t\t\t\t\t\t\t\t>\n\t\t\t\t\t\t<div class=\"ngg-gallery-thumbnail\">\n\t\t\t<a href=\"http:\/\/www.zsskolnivr.cz\/wp-content\/gallery\/sbor-1\/11-11-2015-Svatomartinsk%C3%BD_lampionov%C3%BD_pr%C5%AFvod2.jpg\"\n\t\t\t\ttitle=\"\"\n\t\t\t\tdata-src=\"http:\/\/www.zsskolnivr.cz\/wp-content\/gallery\/sbor-1\/11-11-2015-Svatomartinsk%C3%BD_lampionov%C3%BD_pr%C5%AFvod2.jpg\"\n\t\t\t\tdata-thumbnail=\"http:\/\/www.zsskolnivr.cz\/wp-content\/gallery\/sbor-1\/thumbs\/thumbs_11-11-2015-Svatomartinsk%C3%BD_lampionov%C3%BD_pr%C5%AFvod2.jpg\"\n\t\t\t\tdata-image-id=\"1434\"\n\t\t\t\tdata-title=\"12_2015-Svatomartinsk\u00fd_lampionov\u00fd_pr\u016fvod2\"\n\t\t\t\tdata-description=\"\"\n\t\t\t\tdata-image-slug=\"11-11-2015-svatomartinsk%c3%bd_lampionov%c3%bd_pr%c5%afvod2\"\n\t\t\t\tclass=\"ngg-fancybox\" rel=\"c2d8ab2b987bddcb93e19d57f70af0db\">\n\t\t\t\t<img\n\t\t\t\t\ttitle=\"12_2015-Svatomartinsk\u00fd_lampionov\u00fd_pr\u016fvod2\"\n\t\t\t\t\talt=\"12_2015-Svatomartinsk\u00fd_lampionov\u00fd_pr\u016fvod2\"\n\t\t\t\t\tsrc=\"http:\/\/www.zsskolnivr.cz\/wp-content\/gallery\/sbor-1\/cache\/11-11-2015-Svatomartinsk%C3%BD_lampionov%C3%BD_pr%C5%AFvod2.jpg-nggid041434-ngg0dyn-60x40x100-00f0w010c011r110f110r010t010.jpg\"\n\t\t\t\t\twidth=\"60\"\n\t\t\t\t\theight=\"40\"\n\t\t\t\t\tstyle=\"max-width:100%;\"\n\t\t\t\t\/>\n\t\t\t<\/a>\n\t\t<\/div>\n\t\t\t\t\t\t\t<\/div>\n\t\t\t\n\t\t\t\t\t\t\t\n\t\t\t\t<div id=\"ngg-image-12\" class=\"ngg-gallery-thumbnail-box\"\n\t\t\t\t\t\t\t\t\t\t\t>\n\t\t\t\t\t\t<div class=\"ngg-gallery-thumbnail\">\n\t\t\t<a href=\"http:\/\/www.zsskolnivr.cz\/wp-content\/gallery\/sbor-1\/20151111_172532.jpg\"\n\t\t\t\ttitle=\"\"\n\t\t\t\tdata-src=\"http:\/\/www.zsskolnivr.cz\/wp-content\/gallery\/sbor-1\/20151111_172532.jpg\"\n\t\t\t\tdata-thumbnail=\"http:\/\/www.zsskolnivr.cz\/wp-content\/gallery\/sbor-1\/thumbs\/thumbs_20151111_172532.jpg\"\n\t\t\t\tdata-image-id=\"1435\"\n\t\t\t\tdata-title=\"13\"\n\t\t\t\tdata-description=\"\"\n\t\t\t\tdata-image-slug=\"20151111_172532\"\n\t\t\t\tclass=\"ngg-fancybox\" rel=\"c2d8ab2b987bddcb93e19d57f70af0db\">\n\t\t\t\t<img\n\t\t\t\t\ttitle=\"13\"\n\t\t\t\t\talt=\"13\"\n\t\t\t\t\tsrc=\"http:\/\/www.zsskolnivr.cz\/wp-content\/gallery\/sbor-1\/cache\/20151111_172532.jpg-nggid041435-ngg0dyn-60x40x100-00f0w010c011r110f110r010t010.jpg\"\n\t\t\t\t\twidth=\"60\"\n\t\t\t\t\theight=\"40\"\n\t\t\t\t\tstyle=\"max-width:100%;\"\n\t\t\t\t\/>\n\t\t\t<\/a>\n\t\t<\/div>\n\t\t\t\t\t\t\t<\/div>\n\t\t\t\n\t\t\t\t\t\t\t\n\t\t\t\t<div id=\"ngg-image-13\" class=\"ngg-gallery-thumbnail-box\"\n\t\t\t\t\t\t\t\t\t\t\t>\n\t\t\t\t\t\t<div class=\"ngg-gallery-thumbnail\">\n\t\t\t<a href=\"http:\/\/www.zsskolnivr.cz\/wp-content\/gallery\/sbor-1\/20151111_172646.jpg\"\n\t\t\t\ttitle=\"\"\n\t\t\t\tdata-src=\"http:\/\/www.zsskolnivr.cz\/wp-content\/gallery\/sbor-1\/20151111_172646.jpg\"\n\t\t\t\tdata-thumbnail=\"http:\/\/www.zsskolnivr.cz\/wp-content\/gallery\/sbor-1\/thumbs\/thumbs_20151111_172646.jpg\"\n\t\t\t\tdata-image-id=\"1436\"\n\t\t\t\tdata-title=\"14\"\n\t\t\t\tdata-description=\"\"\n\t\t\t\tdata-image-slug=\"20151111_172646\"\n\t\t\t\tclass=\"ngg-fancybox\" rel=\"c2d8ab2b987bddcb93e19d57f70af0db\">\n\t\t\t\t<img\n\t\t\t\t\ttitle=\"14\"\n\t\t\t\t\talt=\"14\"\n\t\t\t\t\tsrc=\"http:\/\/www.zsskolnivr.cz\/wp-content\/gallery\/sbor-1\/cache\/20151111_172646.jpg-nggid041436-ngg0dyn-60x40x100-00f0w010c011r110f110r010t010.jpg\"\n\t\t\t\t\twidth=\"60\"\n\t\t\t\t\theight=\"40\"\n\t\t\t\t\tstyle=\"max-width:100%;\"\n\t\t\t\t\/>\n\t\t\t<\/a>\n\t\t<\/div>\n\t\t\t\t\t\t\t<\/div>\n\t\t\t\n\t\t\t\t\t\t\t\n\t\t\t\t<div id=\"ngg-image-14\" class=\"ngg-gallery-thumbnail-box\"\n\t\t\t\t\t\t\t\t\t\t\t>\n\t\t\t\t\t\t<div class=\"ngg-gallery-thumbnail\">\n\t\t\t<a href=\"http:\/\/www.zsskolnivr.cz\/wp-content\/gallery\/sbor-1\/IMGP3852.jpg\"\n\t\t\t\ttitle=\"\"\n\t\t\t\tdata-src=\"http:\/\/www.zsskolnivr.cz\/wp-content\/gallery\/sbor-1\/IMGP3852.jpg\"\n\t\t\t\tdata-thumbnail=\"http:\/\/www.zsskolnivr.cz\/wp-content\/gallery\/sbor-1\/thumbs\/thumbs_IMGP3852.jpg\"\n\t\t\t\tdata-image-id=\"1437\"\n\t\t\t\tdata-title=\"15\"\n\t\t\t\tdata-description=\"\"\n\t\t\t\tdata-image-slug=\"imgp3852\"\n\t\t\t\tclass=\"ngg-fancybox\" rel=\"c2d8ab2b987bddcb93e19d57f70af0db\">\n\t\t\t\t<img\n\t\t\t\t\ttitle=\"15\"\n\t\t\t\t\talt=\"15\"\n\t\t\t\t\tsrc=\"http:\/\/www.zsskolnivr.cz\/wp-content\/gallery\/sbor-1\/cache\/IMGP3852.jpg-nggid041437-ngg0dyn-60x40x100-00f0w010c011r110f110r010t010.jpg\"\n\t\t\t\t\twidth=\"60\"\n\t\t\t\t\theight=\"40\"\n\t\t\t\t\tstyle=\"max-width:100%;\"\n\t\t\t\t\/>\n\t\t\t<\/a>\n\t\t<\/div>\n\t\t\t\t\t\t\t<\/div>\n\t\t\t\n\t\t\t\t\t\t\t\t\t<br style=\"clear: both\" \/>\n\t\t\t\t\t\n\t\t\t\t<div id=\"ngg-image-15\" class=\"ngg-gallery-thumbnail-box\"\n\t\t\t\t\t\t\t\t\t\t\t>\n\t\t\t\t\t\t<div class=\"ngg-gallery-thumbnail\">\n\t\t\t<a href=\"http:\/\/www.zsskolnivr.cz\/wp-content\/gallery\/sbor-1\/IMGP3855.jpg\"\n\t\t\t\ttitle=\"\"\n\t\t\t\tdata-src=\"http:\/\/www.zsskolnivr.cz\/wp-content\/gallery\/sbor-1\/IMGP3855.jpg\"\n\t\t\t\tdata-thumbnail=\"http:\/\/www.zsskolnivr.cz\/wp-content\/gallery\/sbor-1\/thumbs\/thumbs_IMGP3855.jpg\"\n\t\t\t\tdata-image-id=\"1438\"\n\t\t\t\tdata-title=\"16\"\n\t\t\t\tdata-description=\"\"\n\t\t\t\tdata-image-slug=\"imgp3855\"\n\t\t\t\tclass=\"ngg-fancybox\" rel=\"c2d8ab2b987bddcb93e19d57f70af0db\">\n\t\t\t\t<img\n\t\t\t\t\ttitle=\"16\"\n\t\t\t\t\talt=\"16\"\n\t\t\t\t\tsrc=\"http:\/\/www.zsskolnivr.cz\/wp-content\/gallery\/sbor-1\/cache\/IMGP3855.jpg-nggid041438-ngg0dyn-60x40x100-00f0w010c011r110f110r010t010.jpg\"\n\t\t\t\t\twidth=\"60\"\n\t\t\t\t\theight=\"40\"\n\t\t\t\t\tstyle=\"max-width:100%;\"\n\t\t\t\t\/>\n\t\t\t<\/a>\n\t\t<\/div>\n\t\t\t\t\t\t\t<\/div>\n\t\t\t\n\t\t\t\t\t\t\t\n\t\t\t\t<div id=\"ngg-image-16\" class=\"ngg-gallery-thumbnail-box\"\n\t\t\t\t\t\t\t\t\t\t\t>\n\t\t\t\t\t\t<div class=\"ngg-gallery-thumbnail\">\n\t\t\t<a href=\"http:\/\/www.zsskolnivr.cz\/wp-content\/gallery\/sbor-1\/IMGP3865.jpg\"\n\t\t\t\ttitle=\"\"\n\t\t\t\tdata-src=\"http:\/\/www.zsskolnivr.cz\/wp-content\/gallery\/sbor-1\/IMGP3865.jpg\"\n\t\t\t\tdata-thumbnail=\"http:\/\/www.zsskolnivr.cz\/wp-content\/gallery\/sbor-1\/thumbs\/thumbs_IMGP3865.jpg\"\n\t\t\t\tdata-image-id=\"1439\"\n\t\t\t\tdata-title=\"17\"\n\t\t\t\tdata-description=\"\"\n\t\t\t\tdata-image-slug=\"imgp3865\"\n\t\t\t\tclass=\"ngg-fancybox\" rel=\"c2d8ab2b987bddcb93e19d57f70af0db\">\n\t\t\t\t<img\n\t\t\t\t\ttitle=\"17\"\n\t\t\t\t\talt=\"17\"\n\t\t\t\t\tsrc=\"http:\/\/www.zsskolnivr.cz\/wp-content\/gallery\/sbor-1\/cache\/IMGP3865.jpg-nggid041439-ngg0dyn-60x40x100-00f0w010c011r110f110r010t010.jpg\"\n\t\t\t\t\twidth=\"60\"\n\t\t\t\t\theight=\"40\"\n\t\t\t\t\tstyle=\"max-width:100%;\"\n\t\t\t\t\/>\n\t\t\t<\/a>\n\t\t<\/div>\n\t\t\t\t\t\t\t<\/div>\n\t\t\t\n\t\t\t\t\t\t\t\n\t\t\t\t<div id=\"ngg-image-17\" class=\"ngg-gallery-thumbnail-box\"\n\t\t\t\t\t\t\t\t\t\t\t>\n\t\t\t\t\t\t<div class=\"ngg-gallery-thumbnail\">\n\t\t\t<a href=\"http:\/\/www.zsskolnivr.cz\/wp-content\/gallery\/sbor-1\/IMG_2269.jpg\"\n\t\t\t\ttitle=\"\"\n\t\t\t\tdata-src=\"http:\/\/www.zsskolnivr.cz\/wp-content\/gallery\/sbor-1\/IMG_2269.jpg\"\n\t\t\t\tdata-thumbnail=\"http:\/\/www.zsskolnivr.cz\/wp-content\/gallery\/sbor-1\/thumbs\/thumbs_IMG_2269.jpg\"\n\t\t\t\tdata-image-id=\"1440\"\n\t\t\t\tdata-title=\"18\"\n\t\t\t\tdata-description=\"\"\n\t\t\t\tdata-image-slug=\"img_2269\"\n\t\t\t\tclass=\"ngg-fancybox\" rel=\"c2d8ab2b987bddcb93e19d57f70af0db\">\n\t\t\t\t<img\n\t\t\t\t\ttitle=\"18\"\n\t\t\t\t\talt=\"18\"\n\t\t\t\t\tsrc=\"http:\/\/www.zsskolnivr.cz\/wp-content\/gallery\/sbor-1\/cache\/IMG_2269.jpg-nggid041440-ngg0dyn-60x40x100-00f0w010c011r110f110r010t010.jpg\"\n\t\t\t\t\twidth=\"60\"\n\t\t\t\t\theight=\"40\"\n\t\t\t\t\tstyle=\"max-width:100%;\"\n\t\t\t\t\/>\n\t\t\t<\/a>\n\t\t<\/div>\n\t\t\t\t\t\t\t<\/div>\n\t\t\t\n\t\t\t\t\t\t\t\n\t\t\t\t<div id=\"ngg-image-18\" class=\"ngg-gallery-thumbnail-box\"\n\t\t\t\t\t\t\t\t\t\t\t>\n\t\t\t\t\t\t<div class=\"ngg-gallery-thumbnail\">\n\t\t\t<a href=\"http:\/\/www.zsskolnivr.cz\/wp-content\/gallery\/sbor-1\/IMG_2270.jpg\"\n\t\t\t\ttitle=\"\"\n\t\t\t\tdata-src=\"http:\/\/www.zsskolnivr.cz\/wp-content\/gallery\/sbor-1\/IMG_2270.jpg\"\n\t\t\t\tdata-thumbnail=\"http:\/\/www.zsskolnivr.cz\/wp-content\/gallery\/sbor-1\/thumbs\/thumbs_IMG_2270.jpg\"\n\t\t\t\tdata-image-id=\"1441\"\n\t\t\t\tdata-title=\"19\"\n\t\t\t\tdata-description=\"\"\n\t\t\t\tdata-image-slug=\"img_2270\"\n\t\t\t\tclass=\"ngg-fancybox\" rel=\"c2d8ab2b987bddcb93e19d57f70af0db\">\n\t\t\t\t<img\n\t\t\t\t\ttitle=\"19\"\n\t\t\t\t\talt=\"19\"\n\t\t\t\t\tsrc=\"http:\/\/www.zsskolnivr.cz\/wp-content\/gallery\/sbor-1\/cache\/IMG_2270.jpg-nggid041441-ngg0dyn-60x40x100-00f0w010c011r110f110r010t010.jpg\"\n\t\t\t\t\twidth=\"60\"\n\t\t\t\t\theight=\"40\"\n\t\t\t\t\tstyle=\"max-width:100%;\"\n\t\t\t\t\/>\n\t\t\t<\/a>\n\t\t<\/div>\n\t\t\t\t\t\t\t<\/div>\n\t\t\t\n\t\t\t\t\t\t\t\n\t\t\t\t<div id=\"ngg-image-19\" class=\"ngg-gallery-thumbnail-box\"\n\t\t\t\t\t\t\t\t\t\t\t>\n\t\t\t\t\t\t<div class=\"ngg-gallery-thumbnail\">\n\t\t\t<a href=\"http:\/\/www.zsskolnivr.cz\/wp-content\/gallery\/sbor-1\/IMG_6156.jpg\"\n\t\t\t\ttitle=\"\"\n\t\t\t\tdata-src=\"http:\/\/www.zsskolnivr.cz\/wp-content\/gallery\/sbor-1\/IMG_6156.jpg\"\n\t\t\t\tdata-thumbnail=\"http:\/\/www.zsskolnivr.cz\/wp-content\/gallery\/sbor-1\/thumbs\/thumbs_IMG_6156.jpg\"\n\t\t\t\tdata-image-id=\"1442\"\n\t\t\t\tdata-title=\"20\"\n\t\t\t\tdata-description=\"\"\n\t\t\t\tdata-image-slug=\"img_6156\"\n\t\t\t\tclass=\"ngg-fancybox\" rel=\"c2d8ab2b987bddcb93e19d57f70af0db\">\n\t\t\t\t<img\n\t\t\t\t\ttitle=\"20\"\n\t\t\t\t\talt=\"20\"\n\t\t\t\t\tsrc=\"http:\/\/www.zsskolnivr.cz\/wp-content\/gallery\/sbor-1\/cache\/IMG_6156.jpg-nggid041442-ngg0dyn-60x40x100-00f0w010c011r110f110r010t010.jpg\"\n\t\t\t\t\twidth=\"60\"\n\t\t\t\t\theight=\"40\"\n\t\t\t\t\tstyle=\"max-width:100%;\"\n\t\t\t\t\/>\n\t\t\t<\/a>\n\t\t<\/div>\n\t\t\t\t\t\t\t<\/div>\n\t\t\t\n\t\t\t\t\t\t\t\t\t<br style=\"clear: both\" \/>\n\t\t\t\t\t\n\t\t\n\t\t<!-- Pagination -->\n\t\t<div class='ngg-navigation'><span class='current'>1<\/span>\n<a class='page-numbers' data-pageid='2' href='https:\/\/www.zsskolnivr.cz\/index.php\/nggallery\/page\/2?page_id=1281'>2<\/a>\n<a class='prev' href='https:\/\/www.zsskolnivr.cz\/index.php\/nggallery\/page\/2?page_id=1281' data-pageid=2>&#9658;<\/a><\/div>\t<\/div>\n<\/p>\n<p>P\u011bveck\u00fd sbor &#8222;Li\u0161\u010data&#8220;<\/p>\n<p>P\u011bveck\u00fd sbor na t\u00e9to \u0161kole pracuje u\u017e 12 let pod veden\u00edm Jany Formanov\u00e9 a je velmi pot\u011b\u0161uj\u00edc\u00ed fakt, \u017ee je o n\u011bj st\u00e1le velk\u00fd z\u00e1jem. Zpo\u010d\u00e1tku to byl jen z\u00e1jmov\u00fd\u00a0krou\u017eek a mohly ho nav\u0161t\u011bvovat d\u011bti od 1. &#8211; 9. ro\u010dn\u00edku. P\u0159ed 4 lety se krou\u017eek zm\u011bnil na nepovinn\u00fd p\u0159edm\u011bt, kter\u00fd je na vysv\u011bd\u010den\u00ed hodnocen\u00fd zn\u00e1mkou. Od t\u00e9to doby ho nav\u0161t\u011bvuj\u00ed d\u011bti pouze z 1. stupn\u011b od 1. &#8211; 5. ro\u010dn\u00edku. V leto\u0161n\u00edm roce m\u00e1 sbor rekordn\u00ed po\u010det \u010dlen\u016f 59. S d\u011btmi nacvi\u010dujeme p\u00e1sma na r\u016fzn\u00e9 p\u0159\u00edle\u017eitosti a \u0161kolu s nimi reprezentujeme na ve\u0159ejn\u00fdch vystoupen\u00edch po\u0159\u00e1dan\u00fdch nejen na\u0161\u00ed \u0161kolou, ale i m\u011bstem a KD St\u0159elnice. Ale poslucha\u010de pro n\u00e1\u0161 program hled\u00e1me i sami, nap\u0159. chod\u00edme zazp\u00edvat do pe\u010dovatelsk\u00e9ho domu ve Vrchlab\u00ed. V leto\u0161n\u00edm \u0161koln\u00edm roce u\u017e m\u00e1me za sebou tato vystoupen\u00ed:<\/p>\n<p>&#8211; Svatomartinsk\u00fd lampionov\u00fd pr\u016fvod na z\u00e1mku ve Vrchlab\u00ed<\/p>\n<p>&#8211; Rozsv\u00edcen\u00ed v\u00e1no\u010dn\u00edho stromu na n\u00e1m\u011bst\u00ed ve Vrchlab\u00ed<\/p>\n<p>&#8211; V\u00e1no\u010dn\u00ed vystoupen\u00ed v pe\u010dovatelsk\u00e9m dom\u011b ve Vrchlab\u00ed<\/p>\n<p>&#8211; Vystoupen\u00ed na v\u00e1no\u010dn\u00edm jarmarku u n\u00e1s ve \u0161kole<\/p>\n<p>&#8211; Vystoupen\u00ed na v\u00e1no\u010dn\u00edm jarmarku na n\u00e1m\u011bst\u00ed ve Vrchlab\u00ed<\/p>\n<p>&#8211; V\u00e1no\u010dn\u00ed vystoupen\u00ed v KD St\u0159elnice pro studuj\u00edc\u00ed seniory<\/p>\n<p>Do konce \u0161koln\u00edho roku je\u0161t\u011b p\u0159ipravujeme program na tato vystoupen\u00ed:<\/p>\n<p>&#8211; Pe\u010dovatelsk\u00fd d\u016fm ve Vrchlab\u00ed k MD\u017d (b\u0159ezen)<\/p>\n<p>&#8211; Vystoupen\u00ed na M\u00e1jov\u00e9 veselici na n\u00e1m\u011bst\u00ed ve Vrchlab\u00ed (kv\u011bten)<\/p>\n<p>&#8211; Vystoupen\u00ed na vernis\u00e1\u017ei v\u00fdstavy prac\u00ed \u017e\u00e1k\u016f na\u0161\u00ed \u0161koly v Knihkupectv\u00ed ve Vrchlab\u00ed (kv\u011bten)<\/p>\n","protected":false},"excerpt":{"rendered":"<p>1 2 &#9658; P\u011bveck\u00fd sbor &#8222;Li\u0161\u010data&#8220; P\u011bveck\u00fd sbor na t\u00e9to \u0161kole pracuje u\u017e 12 let pod veden\u00edm Jany Formanov\u00e9 a je velmi pot\u011b\u0161uj\u00edc\u00ed fakt, \u017ee je o n\u011bj st\u00e1le velk\u00fd z\u00e1jem. Zpo\u010d\u00e1tku to byl jen z\u00e1jmov\u00fd\u00a0krou\u017eek a mohly ho nav\u0161t\u011bvovat <a href=\"https:\/\/www.zsskolnivr.cz\/?page_id=1281\" class=\"read-more\">Read More &#8230;<\/a><\/p>\n","protected":false},"author":5,"featured_media":0,"parent":1277,"menu_order":0,"comment_status":"closed","ping_status":"closed","template":"","meta":{"ngg_post_thumbnail":0,"footnotes":""},"class_list":["post-1281","page","type-page","status-publish","hentry"],"_links":{"self":[{"href":"https:\/\/www.zsskolnivr.cz\/index.php?rest_route=\/wp\/v2\/pages\/1281","targetHints":{"allow":["GET"]}}],"collection":[{"href":"https:\/\/www.zsskolnivr.cz\/index.php?rest_route=\/wp\/v2\/pages"}],"about":[{"href":"https:\/\/www.zsskolnivr.cz\/index.php?rest_route=\/wp\/v2\/types\/page"}],"author":[{"embeddable":true,"href":"https:\/\/www.zsskolnivr.cz\/index.php?rest_route=\/wp\/v2\/users\/5"}],"replies":[{"embeddable":true,"href":"https:\/\/www.zsskolnivr.cz\/index.php?rest_route=%2Fwp%2Fv2%2Fcomments&post=1281"}],"version-history":[{"count":6,"href":"https:\/\/www.zsskolnivr.cz\/index.php?rest_route=\/wp\/v2\/pages\/1281\/revisions"}],"predecessor-version":[{"id":3897,"href":"https:\/\/www.zsskolnivr.cz\/index.php?rest_route=\/wp\/v2\/pages\/1281\/revisions\/3897"}],"up":[{"embeddable":true,"href":"https:\/\/www.zsskolnivr.cz\/index.php?rest_route=\/wp\/v2\/pages\/1277"}],"wp:attachment":[{"href":"https:\/\/www.zsskolnivr.cz\/index.php?rest_route=%2Fwp%2Fv2%2Fmedia&parent=1281"}],"curies":[{"name":"wp","href":"https:\/\/api.w.org\/{rel}","templated":true}]}}