{"id":1301,"date":"2015-12-16T12:24:10","date_gmt":"2015-12-16T12:24:10","guid":{"rendered":"http:\/\/www.zsskolnivr.cz\/?page_id=1301"},"modified":"2017-01-03T06:00:47","modified_gmt":"2017-01-03T06:00:47","slug":"fotogalerie","status":"publish","type":"page","link":"https:\/\/www.zsskolnivr.cz\/?page_id=1301","title":{"rendered":"Fotogalerie"},"content":{"rendered":"<p><strong>Na\u0161\u00ed LI\u0160CE\u00a0bylo\u00a0v roce 2016 u\u017e\u00a030 let.<br \/>\n<\/strong><strong>Oslava narozenin je za n\u00e1mi.<br \/>\n<\/strong>A zde je\u00a0fotodokumentace akce od pana Nov\u00e1ka:<br \/>\n<a href=\"http:\/\/hory200.rajce.idnes.cz\/30_let_ZS_Skolni_-_Vrchlabi_24.6.2016\/\"><u>30.let Z\u0160 \u0160koln\u00ed \u2013 Vrchlab\u00ed 24.6.2016<\/u><\/a><a href=\"https:\/\/www.zsskolnivr.cz\/wp-content\/uploads\/2016\/05\/Plak\u00e1t_Li\u0161ka2.jpg\"><br \/>\n<\/a><\/p>\n","protected":false},"excerpt":{"rendered":"<p>Na\u0161\u00ed LI\u0160CE\u00a0bylo\u00a0v roce 2016 u\u017e\u00a030 let. Oslava narozenin je za n\u00e1mi. A zde je\u00a0fotodokumentace akce od pana Nov\u00e1ka: 30.let Z\u0160 \u0160koln\u00ed \u2013 Vrchlab\u00ed 24.6.2016<\/p>\n","protected":false},"author":5,"featured_media":0,"parent":0,"menu_order":0,"comment_status":"closed","ping_status":"closed","template":"","meta":{"ngg_post_thumbnail":0,"footnotes":""},"class_list":["post-1301","page","type-page","status-publish","hentry"],"_links":{"self":[{"href":"https:\/\/www.zsskolnivr.cz\/index.php?rest_route=\/wp\/v2\/pages\/1301","targetHints":{"allow":["GET"]}}],"collection":[{"href":"https:\/\/www.zsskolnivr.cz\/index.php?rest_route=\/wp\/v2\/pages"}],"about":[{"href":"https:\/\/www.zsskolnivr.cz\/index.php?rest_route=\/wp\/v2\/types\/page"}],"author":[{"embeddable":true,"href":"https:\/\/www.zsskolnivr.cz\/index.php?rest_route=\/wp\/v2\/users\/5"}],"replies":[{"embeddable":true,"href":"https:\/\/www.zsskolnivr.cz\/index.php?rest_route=%2Fwp%2Fv2%2Fcomments&post=1301"}],"version-history":[{"count":2,"href":"https:\/\/www.zsskolnivr.cz\/index.php?rest_route=\/wp\/v2\/pages\/1301\/revisions"}],"predecessor-version":[{"id":5130,"href":"https:\/\/www.zsskolnivr.cz\/index.php?rest_route=\/wp\/v2\/pages\/1301\/revisions\/5130"}],"wp:attachment":[{"href":"https:\/\/www.zsskolnivr.cz\/index.php?rest_route=%2Fwp%2Fv2%2Fmedia&parent=1301"}],"curies":[{"name":"wp","href":"https:\/\/api.w.org\/{rel}","templated":true}]}}