{"id":1479,"date":"2015-12-17T15:00:35","date_gmt":"2015-12-17T15:00:35","guid":{"rendered":"http:\/\/www.zsskolnivr.cz\/?page_id=1479"},"modified":"2024-11-05T10:31:41","modified_gmt":"2024-11-05T10:31:41","slug":"pocasi","status":"publish","type":"page","link":"https:\/\/www.zsskolnivr.cz\/?page_id=1479","title":{"rendered":"Po\u010das\u00ed"},"content":{"rendered":"<p><strong>Po\u010das\u00ed \u2013 \u0161koln\u00ed meteorologick\u00e1 stanice Z\u0160 \u0160koln\u00ed Vrchlab\u00ed<\/strong><\/p>\n<p>&nbsp;<\/p>\n<p><!-- index.php -->\n<div\n\tclass=\"ngg-galleryoverview\n\t\t\"\n\tid=\"ngg-gallery-48b752e4d117c41013dbda6d74d9f1be-1\">\n\n\t\t\t<!-- Thumbnails -->\n\t\t\t\t<div id=\"ngg-image-0\" class=\"ngg-gallery-thumbnail-box\"\n\t\t\t\t\t\t\t\t\t\t\t>\n\t\t\t\t\t\t<div class=\"ngg-gallery-thumbnail\">\n\t\t\t<a href=\"http:\/\/www.zsskolnivr.cz\/wp-content\/gallery\/meteostanice\/image001.jpg\"\n\t\t\t\ttitle=\"\"\n\t\t\t\tdata-src=\"http:\/\/www.zsskolnivr.cz\/wp-content\/gallery\/meteostanice\/image001.jpg\"\n\t\t\t\tdata-thumbnail=\"http:\/\/www.zsskolnivr.cz\/wp-content\/gallery\/meteostanice\/thumbs\/thumbs_image001.jpg\"\n\t\t\t\tdata-image-id=\"2840\"\n\t\t\t\tdata-title=\"image001\"\n\t\t\t\tdata-description=\"\"\n\t\t\t\tdata-image-slug=\"image001-3\"\n\t\t\t\tclass='use_imagebrowser_effect' data-imagebrowser-url='https:\/\/www.zsskolnivr.cz\/index.php\/nggallery\/image\/%STUB%?page_id=1479'>\n\t\t\t\t<img\n\t\t\t\t\ttitle=\"image001\"\n\t\t\t\t\talt=\"image001\"\n\t\t\t\t\tsrc=\"http:\/\/www.zsskolnivr.cz\/wp-content\/gallery\/meteostanice\/cache\/image001.jpg-nggid042840-ngg0dyn-60x40x100-00f0w010c011r110f110r010t010.jpg\"\n\t\t\t\t\twidth=\"60\"\n\t\t\t\t\theight=\"40\"\n\t\t\t\t\tstyle=\"max-width:100%;\"\n\t\t\t\t\/>\n\t\t\t<\/a>\n\t\t<\/div>\n\t\t\t\t\t\t\t<\/div>\n\t\t\t\n\t\t\t\t\t\t\t\n\t\t\t\t<div id=\"ngg-image-1\" class=\"ngg-gallery-thumbnail-box\"\n\t\t\t\t\t\t\t\t\t\t\t>\n\t\t\t\t\t\t<div class=\"ngg-gallery-thumbnail\">\n\t\t\t<a href=\"http:\/\/www.zsskolnivr.cz\/wp-content\/gallery\/meteostanice\/image002.jpg\"\n\t\t\t\ttitle=\"\"\n\t\t\t\tdata-src=\"http:\/\/www.zsskolnivr.cz\/wp-content\/gallery\/meteostanice\/image002.jpg\"\n\t\t\t\tdata-thumbnail=\"http:\/\/www.zsskolnivr.cz\/wp-content\/gallery\/meteostanice\/thumbs\/thumbs_image002.jpg\"\n\t\t\t\tdata-image-id=\"2841\"\n\t\t\t\tdata-title=\"image002\"\n\t\t\t\tdata-description=\"\"\n\t\t\t\tdata-image-slug=\"image002-2\"\n\t\t\t\tclass='use_imagebrowser_effect' data-imagebrowser-url='https:\/\/www.zsskolnivr.cz\/index.php\/nggallery\/image\/%STUB%?page_id=1479'>\n\t\t\t\t<img\n\t\t\t\t\ttitle=\"image002\"\n\t\t\t\t\talt=\"image002\"\n\t\t\t\t\tsrc=\"http:\/\/www.zsskolnivr.cz\/wp-content\/gallery\/meteostanice\/cache\/image002.jpg-nggid042841-ngg0dyn-60x40x100-00f0w010c011r110f110r010t010.jpg\"\n\t\t\t\t\twidth=\"60\"\n\t\t\t\t\theight=\"40\"\n\t\t\t\t\tstyle=\"max-width:100%;\"\n\t\t\t\t\/>\n\t\t\t<\/a>\n\t\t<\/div>\n\t\t\t\t\t\t\t<\/div>\n\t\t\t\n\t\t\t\t\t\t\t\n\t\t\t\t<div id=\"ngg-image-2\" class=\"ngg-gallery-thumbnail-box\"\n\t\t\t\t\t\t\t\t\t\t\t>\n\t\t\t\t\t\t<div class=\"ngg-gallery-thumbnail\">\n\t\t\t<a href=\"http:\/\/www.zsskolnivr.cz\/wp-content\/gallery\/meteostanice\/image012.jpg\"\n\t\t\t\ttitle=\"\"\n\t\t\t\tdata-src=\"http:\/\/www.zsskolnivr.cz\/wp-content\/gallery\/meteostanice\/image012.jpg\"\n\t\t\t\tdata-thumbnail=\"http:\/\/www.zsskolnivr.cz\/wp-content\/gallery\/meteostanice\/thumbs\/thumbs_image012.jpg\"\n\t\t\t\tdata-image-id=\"2842\"\n\t\t\t\tdata-title=\"image012\"\n\t\t\t\tdata-description=\"\"\n\t\t\t\tdata-image-slug=\"image012-3\"\n\t\t\t\tclass='use_imagebrowser_effect' data-imagebrowser-url='https:\/\/www.zsskolnivr.cz\/index.php\/nggallery\/image\/%STUB%?page_id=1479'>\n\t\t\t\t<img\n\t\t\t\t\ttitle=\"image012\"\n\t\t\t\t\talt=\"image012\"\n\t\t\t\t\tsrc=\"http:\/\/www.zsskolnivr.cz\/wp-content\/gallery\/meteostanice\/cache\/image012.jpg-nggid042842-ngg0dyn-60x40x100-00f0w010c011r110f110r010t010.jpg\"\n\t\t\t\t\twidth=\"60\"\n\t\t\t\t\theight=\"40\"\n\t\t\t\t\tstyle=\"max-width:100%;\"\n\t\t\t\t\/>\n\t\t\t<\/a>\n\t\t<\/div>\n\t\t\t\t\t\t\t<\/div>\n\t\t\t\n\t\t\t\t\t\t\t\n\t\t\t\t<div id=\"ngg-image-3\" class=\"ngg-gallery-thumbnail-box\"\n\t\t\t\t\t\t\t\t\t\t\t>\n\t\t\t\t\t\t<div class=\"ngg-gallery-thumbnail\">\n\t\t\t<a href=\"http:\/\/www.zsskolnivr.cz\/wp-content\/gallery\/meteostanice\/imm22.jpg\"\n\t\t\t\ttitle=\"\"\n\t\t\t\tdata-src=\"http:\/\/www.zsskolnivr.cz\/wp-content\/gallery\/meteostanice\/imm22.jpg\"\n\t\t\t\tdata-thumbnail=\"http:\/\/www.zsskolnivr.cz\/wp-content\/gallery\/meteostanice\/thumbs\/thumbs_imm22.jpg\"\n\t\t\t\tdata-image-id=\"2843\"\n\t\t\t\tdata-title=\"imm22\"\n\t\t\t\tdata-description=\"\"\n\t\t\t\tdata-image-slug=\"imm22\"\n\t\t\t\tclass='use_imagebrowser_effect' data-imagebrowser-url='https:\/\/www.zsskolnivr.cz\/index.php\/nggallery\/image\/%STUB%?page_id=1479'>\n\t\t\t\t<img\n\t\t\t\t\ttitle=\"imm22\"\n\t\t\t\t\talt=\"imm22\"\n\t\t\t\t\tsrc=\"http:\/\/www.zsskolnivr.cz\/wp-content\/gallery\/meteostanice\/cache\/imm22.jpg-nggid042843-ngg0dyn-60x40x100-00f0w010c011r110f110r010t010.jpg\"\n\t\t\t\t\twidth=\"60\"\n\t\t\t\t\theight=\"40\"\n\t\t\t\t\tstyle=\"max-width:100%;\"\n\t\t\t\t\/>\n\t\t\t<\/a>\n\t\t<\/div>\n\t\t\t\t\t\t\t<\/div>\n\t\t\t\n\t\t\t\t\t\t\t\t\t<br style=\"clear: both\" \/>\n\t\t\t\t\t\n\t\t\t\t<div id=\"ngg-image-4\" class=\"ngg-gallery-thumbnail-box\"\n\t\t\t\t\t\t\t\t\t\t\t>\n\t\t\t\t\t\t<div class=\"ngg-gallery-thumbnail\">\n\t\t\t<a href=\"http:\/\/www.zsskolnivr.cz\/wp-content\/gallery\/meteostanice\/meteost.1.JPG\"\n\t\t\t\ttitle=\"\"\n\t\t\t\tdata-src=\"http:\/\/www.zsskolnivr.cz\/wp-content\/gallery\/meteostanice\/meteost.1.JPG\"\n\t\t\t\tdata-thumbnail=\"http:\/\/www.zsskolnivr.cz\/wp-content\/gallery\/meteostanice\/thumbs\/thumbs_meteost.1.JPG\"\n\t\t\t\tdata-image-id=\"2844\"\n\t\t\t\tdata-title=\"OLYMPUS DIGITAL CAMERA\"\n\t\t\t\tdata-description=\"\"\n\t\t\t\tdata-image-slug=\"meteost-1-1\"\n\t\t\t\tclass='use_imagebrowser_effect' data-imagebrowser-url='https:\/\/www.zsskolnivr.cz\/index.php\/nggallery\/image\/%STUB%?page_id=1479'>\n\t\t\t\t<img\n\t\t\t\t\ttitle=\"OLYMPUS DIGITAL CAMERA\"\n\t\t\t\t\talt=\"OLYMPUS DIGITAL CAMERA\"\n\t\t\t\t\tsrc=\"http:\/\/www.zsskolnivr.cz\/wp-content\/gallery\/meteostanice\/cache\/meteost.1.JPG-nggid042844-ngg0dyn-60x40x100-00f0w010c011r110f110r010t010.JPG\"\n\t\t\t\t\twidth=\"60\"\n\t\t\t\t\theight=\"40\"\n\t\t\t\t\tstyle=\"max-width:100%;\"\n\t\t\t\t\/>\n\t\t\t<\/a>\n\t\t<\/div>\n\t\t\t\t\t\t\t<\/div>\n\t\t\t\n\t\t\t\t\t\t\t\n\t\t\t\t<div id=\"ngg-image-5\" class=\"ngg-gallery-thumbnail-box\"\n\t\t\t\t\t\t\t\t\t\t\t>\n\t\t\t\t\t\t<div class=\"ngg-gallery-thumbnail\">\n\t\t\t<a href=\"http:\/\/www.zsskolnivr.cz\/wp-content\/gallery\/meteostanice\/meteost.2.JPG\"\n\t\t\t\ttitle=\"\"\n\t\t\t\tdata-src=\"http:\/\/www.zsskolnivr.cz\/wp-content\/gallery\/meteostanice\/meteost.2.JPG\"\n\t\t\t\tdata-thumbnail=\"http:\/\/www.zsskolnivr.cz\/wp-content\/gallery\/meteostanice\/thumbs\/thumbs_meteost.2.JPG\"\n\t\t\t\tdata-image-id=\"2845\"\n\t\t\t\tdata-title=\"OLYMPUS DIGITAL CAMERA\"\n\t\t\t\tdata-description=\"\"\n\t\t\t\tdata-image-slug=\"meteost-2-1\"\n\t\t\t\tclass='use_imagebrowser_effect' data-imagebrowser-url='https:\/\/www.zsskolnivr.cz\/index.php\/nggallery\/image\/%STUB%?page_id=1479'>\n\t\t\t\t<img\n\t\t\t\t\ttitle=\"OLYMPUS DIGITAL CAMERA\"\n\t\t\t\t\talt=\"OLYMPUS DIGITAL CAMERA\"\n\t\t\t\t\tsrc=\"http:\/\/www.zsskolnivr.cz\/wp-content\/gallery\/meteostanice\/cache\/meteost.2.JPG-nggid042845-ngg0dyn-60x40x100-00f0w010c011r110f110r010t010.JPG\"\n\t\t\t\t\twidth=\"60\"\n\t\t\t\t\theight=\"40\"\n\t\t\t\t\tstyle=\"max-width:100%;\"\n\t\t\t\t\/>\n\t\t\t<\/a>\n\t\t<\/div>\n\t\t\t\t\t\t\t<\/div>\n\t\t\t\n\t\t\t\t\t\t\t\n\t\t\t\t<div id=\"ngg-image-6\" class=\"ngg-gallery-thumbnail-box\"\n\t\t\t\t\t\t\t\t\t\t\t>\n\t\t\t\t\t\t<div class=\"ngg-gallery-thumbnail\">\n\t\t\t<a href=\"http:\/\/www.zsskolnivr.cz\/wp-content\/gallery\/meteostanice\/P6150109.JPG\"\n\t\t\t\ttitle=\"\"\n\t\t\t\tdata-src=\"http:\/\/www.zsskolnivr.cz\/wp-content\/gallery\/meteostanice\/P6150109.JPG\"\n\t\t\t\tdata-thumbnail=\"http:\/\/www.zsskolnivr.cz\/wp-content\/gallery\/meteostanice\/thumbs\/thumbs_P6150109.JPG\"\n\t\t\t\tdata-image-id=\"2846\"\n\t\t\t\tdata-title=\"OLYMPUS DIGITAL CAMERA\"\n\t\t\t\tdata-description=\"\"\n\t\t\t\tdata-image-slug=\"p6150109-1\"\n\t\t\t\tclass='use_imagebrowser_effect' data-imagebrowser-url='https:\/\/www.zsskolnivr.cz\/index.php\/nggallery\/image\/%STUB%?page_id=1479'>\n\t\t\t\t<img\n\t\t\t\t\ttitle=\"OLYMPUS DIGITAL CAMERA\"\n\t\t\t\t\talt=\"OLYMPUS DIGITAL CAMERA\"\n\t\t\t\t\tsrc=\"http:\/\/www.zsskolnivr.cz\/wp-content\/gallery\/meteostanice\/cache\/P6150109.JPG-nggid042846-ngg0dyn-60x40x100-00f0w010c011r110f110r010t010.JPG\"\n\t\t\t\t\twidth=\"60\"\n\t\t\t\t\theight=\"40\"\n\t\t\t\t\tstyle=\"max-width:100%;\"\n\t\t\t\t\/>\n\t\t\t<\/a>\n\t\t<\/div>\n\t\t\t\t\t\t\t<\/div>\n\t\t\t\n\t\t\t\t\t\t\t\n\t\t\t\t<div id=\"ngg-image-7\" class=\"ngg-gallery-thumbnail-box\"\n\t\t\t\t\t\t\t\t\t\t\t>\n\t\t\t\t\t\t<div class=\"ngg-gallery-thumbnail\">\n\t\t\t<a href=\"http:\/\/www.zsskolnivr.cz\/wp-content\/gallery\/meteostanice\/P6150110.JPG\"\n\t\t\t\ttitle=\"\"\n\t\t\t\tdata-src=\"http:\/\/www.zsskolnivr.cz\/wp-content\/gallery\/meteostanice\/P6150110.JPG\"\n\t\t\t\tdata-thumbnail=\"http:\/\/www.zsskolnivr.cz\/wp-content\/gallery\/meteostanice\/thumbs\/thumbs_P6150110.JPG\"\n\t\t\t\tdata-image-id=\"2847\"\n\t\t\t\tdata-title=\"P6150110\"\n\t\t\t\tdata-description=\"\"\n\t\t\t\tdata-image-slug=\"p6150110-1\"\n\t\t\t\tclass='use_imagebrowser_effect' data-imagebrowser-url='https:\/\/www.zsskolnivr.cz\/index.php\/nggallery\/image\/%STUB%?page_id=1479'>\n\t\t\t\t<img\n\t\t\t\t\ttitle=\"P6150110\"\n\t\t\t\t\talt=\"P6150110\"\n\t\t\t\t\tsrc=\"http:\/\/www.zsskolnivr.cz\/wp-content\/gallery\/meteostanice\/cache\/P6150110.JPG-nggid042847-ngg0dyn-60x40x100-00f0w010c011r110f110r010t010.JPG\"\n\t\t\t\t\twidth=\"60\"\n\t\t\t\t\theight=\"40\"\n\t\t\t\t\tstyle=\"max-width:100%;\"\n\t\t\t\t\/>\n\t\t\t<\/a>\n\t\t<\/div>\n\t\t\t\t\t\t\t<\/div>\n\t\t\t\n\t\t\t\t\t\t\t\t\t<br style=\"clear: both\" \/>\n\t\t\t\t\t\n\t\t\t\t<div id=\"ngg-image-8\" class=\"ngg-gallery-thumbnail-box\"\n\t\t\t\t\t\t\t\t\t\t\t>\n\t\t\t\t\t\t<div class=\"ngg-gallery-thumbnail\">\n\t\t\t<a href=\"http:\/\/www.zsskolnivr.cz\/wp-content\/gallery\/meteostanice\/P9290007.JPG\"\n\t\t\t\ttitle=\"\"\n\t\t\t\tdata-src=\"http:\/\/www.zsskolnivr.cz\/wp-content\/gallery\/meteostanice\/P9290007.JPG\"\n\t\t\t\tdata-thumbnail=\"http:\/\/www.zsskolnivr.cz\/wp-content\/gallery\/meteostanice\/thumbs\/thumbs_P9290007.JPG\"\n\t\t\t\tdata-image-id=\"2848\"\n\t\t\t\tdata-title=\"OLYMPUS DIGITAL CAMERA\"\n\t\t\t\tdata-description=\"\"\n\t\t\t\tdata-image-slug=\"p9290007-2\"\n\t\t\t\tclass='use_imagebrowser_effect' data-imagebrowser-url='https:\/\/www.zsskolnivr.cz\/index.php\/nggallery\/image\/%STUB%?page_id=1479'>\n\t\t\t\t<img\n\t\t\t\t\ttitle=\"OLYMPUS DIGITAL CAMERA\"\n\t\t\t\t\talt=\"OLYMPUS DIGITAL CAMERA\"\n\t\t\t\t\tsrc=\"http:\/\/www.zsskolnivr.cz\/wp-content\/gallery\/meteostanice\/cache\/P9290007.JPG-nggid042848-ngg0dyn-60x40x100-00f0w010c011r110f110r010t010.JPG\"\n\t\t\t\t\twidth=\"60\"\n\t\t\t\t\theight=\"40\"\n\t\t\t\t\tstyle=\"max-width:100%;\"\n\t\t\t\t\/>\n\t\t\t<\/a>\n\t\t<\/div>\n\t\t\t\t\t\t\t<\/div>\n\t\t\t\n\t\t\t\t\t\t\t\n\t\t\t\t<div id=\"ngg-image-9\" class=\"ngg-gallery-thumbnail-box\"\n\t\t\t\t\t\t\t\t\t\t\t>\n\t\t\t\t\t\t<div class=\"ngg-gallery-thumbnail\">\n\t\t\t<a href=\"http:\/\/www.zsskolnivr.cz\/wp-content\/gallery\/meteostanice\/P9290008.JPG\"\n\t\t\t\ttitle=\"\"\n\t\t\t\tdata-src=\"http:\/\/www.zsskolnivr.cz\/wp-content\/gallery\/meteostanice\/P9290008.JPG\"\n\t\t\t\tdata-thumbnail=\"http:\/\/www.zsskolnivr.cz\/wp-content\/gallery\/meteostanice\/thumbs\/thumbs_P9290008.JPG\"\n\t\t\t\tdata-image-id=\"2849\"\n\t\t\t\tdata-title=\"OLYMPUS DIGITAL CAMERA\"\n\t\t\t\tdata-description=\"\"\n\t\t\t\tdata-image-slug=\"p9290008-2\"\n\t\t\t\tclass='use_imagebrowser_effect' data-imagebrowser-url='https:\/\/www.zsskolnivr.cz\/index.php\/nggallery\/image\/%STUB%?page_id=1479'>\n\t\t\t\t<img\n\t\t\t\t\ttitle=\"OLYMPUS DIGITAL CAMERA\"\n\t\t\t\t\talt=\"OLYMPUS DIGITAL CAMERA\"\n\t\t\t\t\tsrc=\"http:\/\/www.zsskolnivr.cz\/wp-content\/gallery\/meteostanice\/cache\/P9290008.JPG-nggid042849-ngg0dyn-60x40x100-00f0w010c011r110f110r010t010.JPG\"\n\t\t\t\t\twidth=\"60\"\n\t\t\t\t\theight=\"40\"\n\t\t\t\t\tstyle=\"max-width:100%;\"\n\t\t\t\t\/>\n\t\t\t<\/a>\n\t\t<\/div>\n\t\t\t\t\t\t\t<\/div>\n\t\t\t\n\t\t\t\t\t\t\t\n\t\t\n\t\t<!-- Pagination -->\n\t\t<div class='ngg-clear'><\/div>\t<\/div>\n<\/p>\n<p>\u0160koln\u00ed meteorologick\u00e1 stanice se nach\u00e1z\u00ed na \u0161koln\u00ed zahrad\u011b v&nbsp;Ekoare\u00e1lu Li\u0161ka, cca 490 m n.m., v podh\u016f\u0159\u00ed Krkono\u0161. Byla vybavena s&nbsp;pomoc\u00ed CHM\u00da (<a href=\"http:\/\/www.chmi.cz\/\"><u>www.chmi.cz<\/u><\/a> ). \u017d\u00e1kovsk\u00fd t\u00fdm pravideln\u011b ode\u010d\u00edt\u00e1 a zapisuje \u00fadaje o po\u010das\u00ed \u2013 obla\u010dnost, maxim\u00e1ln\u00ed a minim\u00e1ln\u00ed teplotu, sm\u011br v\u011btru a vlhkost vzduchu. Jednou za rok v\u00fdsledky zpracov\u00e1v\u00e1me a publikujeme ve vrchlabsk\u00e9m Pulsu.<br>Denn\u00ed m\u011b\u0159en\u00ed prob\u00edhaj\u00ed od roku 2003, \u00fadaje se ode\u010d\u00edtaj\u00ed ve 14.00 hod.<\/p>\n<p><strong><span style=\"color: #0000ff;\">Od \u0159\u00edjna 2017 m\u016f\u017eete sledovat on-line po\u010das\u00ed z automatick\u00e9 meteostanice:<\/span><\/strong><\/p>\n<p>meteo zde:<br><a href=\"http:\/\/www.meteo-pocasi.cz\/maps\/cz\/kralovehradecky\/1043-meteostanice-vrchlabi\/\">http:\/\/www.meteo-pocasi.cz\/maps\/cz\/kralovehradecky\/1043-meteostanice-vrchlabi\/<\/a><\/p>\n<p><strong>V\u00fdsledky denn\u00edch m\u011b\u0159en\u00ed (vkl\u00e1d\u00e1no po m\u011bs\u00edci) ZDE:<\/strong><\/p>\n<p><a href=\"https:\/\/www.zsskolnivr.cz\/wp-content\/uploads\/2024\/11\/pocasi_2024.pdf\">2024<\/a><\/p>\n<p><a href=\"https:\/\/www.zsskolnivr.cz\/wp-content\/files\/ekologicka_vychova\/pocasi\/pocasi_2021.doc\">2021<\/a><\/p>\n<p><a href=\"https:\/\/www.zsskolnivr.cz\/wp-content\/files\/ekologicka_vychova\/pocasi\/pocasi_2020.pdf\">2020<\/a><br><a href=\"https:\/\/www.zsskolnivr.cz\/wp-content\/files\/ekologicka_vychova\/pocasi\/pocasi_2019.pdf\">2019<\/a><br><a href=\"https:\/\/www.zsskolnivr.cz\/wp-content\/files\/ekologicka_vychova\/pocasi\/pocasi_2018.pdf\">2018<\/a><br><a href=\"https:\/\/www.zsskolnivr.cz\/wp-content\/files\/ekologicka_vychova\/pocasi\/pocasi_2017.pdf\">2017<\/a><br><a href=\"https:\/\/www.zsskolnivr.cz\/wp-content\/files\/ekologicka_vychova\/pocasi\/pocasi_2016.pdf\">2016<\/a><strong><br><\/strong><a href=\"https:\/\/www.zsskolnivr.cz\/wp-content\/files\/ekologicka_vychova\/pocasi\/pocasi_2015.pdf\">2015<br><\/a><a href=\"https:\/\/www.zsskolnivr.cz\/wp-content\/files\/ekologicka_vychova\/pocasi\/pocasi_2014.pdf\">2014<\/a><br><a href=\"https:\/\/www.zsskolnivr.cz\/wp-content\/files\/ekologicka_vychova\/pocasi\/pocasi_2013.pdf\">2013<\/a><br><a href=\"https:\/\/www.zsskolnivr.cz\/wp-content\/files\/ekologicka_vychova\/pocasi\/pocasi_2012.pdf\">2012<\/a><br><a href=\"https:\/\/www.zsskolnivr.cz\/wp-content\/files\/ekologicka_vychova\/pocasi\/pocasi_2011.pdf\">2011<br><\/a><a href=\"https:\/\/www.zsskolnivr.cz\/wp-content\/files\/ekologicka_vychova\/pocasi\/pocasi_2010.pdf\">2010<br><\/a><a href=\"https:\/\/www.zsskolnivr.cz\/wp-content\/files\/ekologicka_vychova\/pocasi\/pocasi_2009.pdf\">2009<\/a><br><a href=\"https:\/\/www.zsskolnivr.cz\/wp-content\/files\/ekologicka_vychova\/pocasi\/pocasi_2008.pdf\">2008<\/a><br><a href=\"https:\/\/www.zsskolnivr.cz\/wp-content\/files\/ekologicka_vychova\/pocasi\/pocasi_2007.pdf\">2007<\/a><br><a href=\"https:\/\/www.zsskolnivr.cz\/wp-content\/files\/ekologicka_vychova\/pocasi\/pocasi_2006.pdf\">2006<\/a><br><a href=\"https:\/\/www.zsskolnivr.cz\/wp-content\/files\/ekologicka_vychova\/pocasi\/pocasi_2005.pdf\">2005<\/a><br><a href=\"https:\/\/www.zsskolnivr.cz\/wp-content\/files\/ekologicka_vychova\/pocasi\/pocasi_2004.pdf\">2004<br><\/a><a href=\"https:\/\/www.zsskolnivr.cz\/wp-content\/files\/ekologicka_vychova\/pocasi\/pocasi_2003.pdf\">2003<\/a><\/p>\n<p><strong>Komentovan\u00fd v\u00fdvoj po\u010das\u00ed ke sta\u017een\u00ed <a href=\"https:\/\/www.zsskolnivr.cz\/wp-content\/files\/ekologicka_vychova\/pocasi\/komentovane_pocasi.doc\">ZDE<\/a><br><\/strong><\/p>\n<p>Archivn\u00ed projekt Kysel\u00fd d\u00e9\u0161\u0165 &#8211; <a href=\"https:\/\/www.zsskolnivr.cz\/archiv\/kysely_dest.htm\">ZDE&nbsp; <\/a><\/p>\n<p>Archivn\u00ed projekt Oz\u00f3n &#8211; <a href=\"https:\/\/www.zsskolnivr.cz\/archiv\/ozon.htm\">ZDE<\/a><\/p>\n\n\n<p><\/p>\n","protected":false},"excerpt":{"rendered":"<p>Po\u010das\u00ed \u2013 \u0161koln\u00ed meteorologick\u00e1 stanice Z\u0160 \u0160koln\u00ed Vrchlab\u00ed &nbsp; \u0160koln\u00ed meteorologick\u00e1 stanice se nach\u00e1z\u00ed na \u0161koln\u00ed zahrad\u011b v&nbsp;Ekoare\u00e1lu Li\u0161ka, cca 490 m n.m., v podh\u016f\u0159\u00ed Krkono\u0161. Byla vybavena s&nbsp;pomoc\u00ed CHM\u00da (www.chmi.cz ). \u017d\u00e1kovsk\u00fd t\u00fdm pravideln\u011b ode\u010d\u00edt\u00e1 a zapisuje \u00fadaje o <a href=\"https:\/\/www.zsskolnivr.cz\/?page_id=1479\" class=\"read-more\">Read More &#8230;<\/a><\/p>\n","protected":false},"author":3,"featured_media":0,"parent":0,"menu_order":0,"comment_status":"closed","ping_status":"closed","template":"","meta":{"ngg_post_thumbnail":0,"footnotes":""},"class_list":["post-1479","page","type-page","status-publish","hentry"],"_links":{"self":[{"href":"https:\/\/www.zsskolnivr.cz\/index.php?rest_route=\/wp\/v2\/pages\/1479","targetHints":{"allow":["GET"]}}],"collection":[{"href":"https:\/\/www.zsskolnivr.cz\/index.php?rest_route=\/wp\/v2\/pages"}],"about":[{"href":"https:\/\/www.zsskolnivr.cz\/index.php?rest_route=\/wp\/v2\/types\/page"}],"author":[{"embeddable":true,"href":"https:\/\/www.zsskolnivr.cz\/index.php?rest_route=\/wp\/v2\/users\/3"}],"replies":[{"embeddable":true,"href":"https:\/\/www.zsskolnivr.cz\/index.php?rest_route=%2Fwp%2Fv2%2Fcomments&post=1479"}],"version-history":[{"count":38,"href":"https:\/\/www.zsskolnivr.cz\/index.php?rest_route=\/wp\/v2\/pages\/1479\/revisions"}],"predecessor-version":[{"id":15692,"href":"https:\/\/www.zsskolnivr.cz\/index.php?rest_route=\/wp\/v2\/pages\/1479\/revisions\/15692"}],"wp:attachment":[{"href":"https:\/\/www.zsskolnivr.cz\/index.php?rest_route=%2Fwp%2Fv2%2Fmedia&parent=1479"}],"curies":[{"name":"wp","href":"https:\/\/api.w.org\/{rel}","templated":true}]}}