{"id":1529,"date":"2015-12-21T14:19:12","date_gmt":"2015-12-21T14:19:12","guid":{"rendered":"http:\/\/www.zsskolnivr.cz\/?page_id=1529"},"modified":"2015-12-21T14:19:12","modified_gmt":"2015-12-21T14:19:12","slug":"vyzva-57","status":"publish","type":"page","link":"https:\/\/www.zsskolnivr.cz\/?page_id=1529","title":{"rendered":"V\u00fdzva 57"},"content":{"rendered":"<p><span style=\"color: #000000; font-family: Calibri;\">Modernizace \u0161koln\u00ed d\u00edlny, n\u00e1kup n\u00e1\u0159ad\u00ed<br \/>\n<\/span><span style=\"color: #000000; font-family: Calibri;\">On-line jazyky \u2013 v\u00fduka angli\u010dtiny p\u0159es internet<br \/>\n<\/span><span style=\"color: #000000; font-family: Calibri;\">\u0160kolen\u00ed pedagogick\u00fdch pracovn\u00edk\u016f<\/span><\/p>\n","protected":false},"excerpt":{"rendered":"<p>Modernizace \u0161koln\u00ed d\u00edlny, n\u00e1kup n\u00e1\u0159ad\u00ed On-line jazyky \u2013 v\u00fduka angli\u010dtiny p\u0159es internet \u0160kolen\u00ed pedagogick\u00fdch pracovn\u00edk\u016f<\/p>\n","protected":false},"author":5,"featured_media":0,"parent":334,"menu_order":3,"comment_status":"closed","ping_status":"closed","template":"","meta":{"ngg_post_thumbnail":0,"footnotes":""},"class_list":["post-1529","page","type-page","status-publish","hentry"],"_links":{"self":[{"href":"https:\/\/www.zsskolnivr.cz\/index.php?rest_route=\/wp\/v2\/pages\/1529","targetHints":{"allow":["GET"]}}],"collection":[{"href":"https:\/\/www.zsskolnivr.cz\/index.php?rest_route=\/wp\/v2\/pages"}],"about":[{"href":"https:\/\/www.zsskolnivr.cz\/index.php?rest_route=\/wp\/v2\/types\/page"}],"author":[{"embeddable":true,"href":"https:\/\/www.zsskolnivr.cz\/index.php?rest_route=\/wp\/v2\/users\/5"}],"replies":[{"embeddable":true,"href":"https:\/\/www.zsskolnivr.cz\/index.php?rest_route=%2Fwp%2Fv2%2Fcomments&post=1529"}],"version-history":[{"count":1,"href":"https:\/\/www.zsskolnivr.cz\/index.php?rest_route=\/wp\/v2\/pages\/1529\/revisions"}],"predecessor-version":[{"id":1530,"href":"https:\/\/www.zsskolnivr.cz\/index.php?rest_route=\/wp\/v2\/pages\/1529\/revisions\/1530"}],"up":[{"embeddable":true,"href":"https:\/\/www.zsskolnivr.cz\/index.php?rest_route=\/wp\/v2\/pages\/334"}],"wp:attachment":[{"href":"https:\/\/www.zsskolnivr.cz\/index.php?rest_route=%2Fwp%2Fv2%2Fmedia&parent=1529"}],"curies":[{"name":"wp","href":"https:\/\/api.w.org\/{rel}","templated":true}]}}