{"id":1532,"date":"2015-12-21T14:21:10","date_gmt":"2015-12-21T14:21:10","guid":{"rendered":"http:\/\/www.zsskolnivr.cz\/?page_id=1532"},"modified":"2017-11-23T05:00:55","modified_gmt":"2017-11-23T05:00:55","slug":"hodina-pohybu-navic","status":"publish","type":"page","link":"https:\/\/www.zsskolnivr.cz\/?page_id=1532","title":{"rendered":"Hodina pohybu nav\u00edc"},"content":{"rendered":"<p><span style=\"font-family: Calibri;\">Hodina pohybu nav\u00edc,<br \/>\nprojekt pro \u017e\u00e1ky 1. \u2013 3. ro\u010dn\u00edk\u016f,<br \/>\naktivity pod veden\u00edm u\u010ditel\u016f t\u011blesn\u00e9 v\u00fdchovy<\/span><\/p>\n<p>&nbsp;<\/p>\n","protected":false},"excerpt":{"rendered":"<p>Hodina pohybu nav\u00edc, projekt pro \u017e\u00e1ky 1. \u2013 3. ro\u010dn\u00edk\u016f, aktivity pod veden\u00edm u\u010ditel\u016f t\u011blesn\u00e9 v\u00fdchovy &nbsp;<\/p>\n","protected":false},"author":5,"featured_media":0,"parent":334,"menu_order":4,"comment_status":"closed","ping_status":"closed","template":"","meta":{"ngg_post_thumbnail":0,"footnotes":""},"class_list":["post-1532","page","type-page","status-publish","hentry"],"_links":{"self":[{"href":"https:\/\/www.zsskolnivr.cz\/index.php?rest_route=\/wp\/v2\/pages\/1532","targetHints":{"allow":["GET"]}}],"collection":[{"href":"https:\/\/www.zsskolnivr.cz\/index.php?rest_route=\/wp\/v2\/pages"}],"about":[{"href":"https:\/\/www.zsskolnivr.cz\/index.php?rest_route=\/wp\/v2\/types\/page"}],"author":[{"embeddable":true,"href":"https:\/\/www.zsskolnivr.cz\/index.php?rest_route=\/wp\/v2\/users\/5"}],"replies":[{"embeddable":true,"href":"https:\/\/www.zsskolnivr.cz\/index.php?rest_route=%2Fwp%2Fv2%2Fcomments&post=1532"}],"version-history":[{"count":4,"href":"https:\/\/www.zsskolnivr.cz\/index.php?rest_route=\/wp\/v2\/pages\/1532\/revisions"}],"predecessor-version":[{"id":6708,"href":"https:\/\/www.zsskolnivr.cz\/index.php?rest_route=\/wp\/v2\/pages\/1532\/revisions\/6708"}],"up":[{"embeddable":true,"href":"https:\/\/www.zsskolnivr.cz\/index.php?rest_route=\/wp\/v2\/pages\/334"}],"wp:attachment":[{"href":"https:\/\/www.zsskolnivr.cz\/index.php?rest_route=%2Fwp%2Fv2%2Fmedia&parent=1532"}],"curies":[{"name":"wp","href":"https:\/\/api.w.org\/{rel}","templated":true}]}}