{"id":1535,"date":"2015-12-21T14:24:05","date_gmt":"2015-12-21T14:24:05","guid":{"rendered":"http:\/\/www.zsskolnivr.cz\/?page_id=1535"},"modified":"2015-12-21T18:38:19","modified_gmt":"2015-12-21T18:38:19","slug":"skutecne-zdrava-skola","status":"publish","type":"page","link":"https:\/\/www.zsskolnivr.cz\/?page_id=1535","title":{"rendered":"Skute\u010dn\u011b zdrav\u00e1 \u0161kola"},"content":{"rendered":"<p><span style=\"font-family: Calibri;\">skute\u010dn\u011b zdrav\u00e1 \u0161kola, jsme pilotn\u00ed \u0161kolou,<br \/>\npropagace zdrav\u00e9 v\u00fd\u017eivy, spolupr\u00e1ce j\u00eddelny, \u0161koly a rodi\u010d\u016f \u017e\u00e1k\u016f,<br \/>\ninformace z konference: <\/span><a href=\"https:\/\/www.zsskolnivr.cz\/wp-content\/uploads\/2015\/10\/KSZ\u0160.docx\"><u><span style=\"color: #0066cc;\"><span style=\"font-family: Calibri;\">KSZ\u0160<\/span><\/span><\/u><\/a><span style=\"font-family: Calibri;\">,<br \/>\nwebov\u00e9 str\u00e1nky projektu: <\/span><a href=\"http:\/\/www.skutecnezdravaskola.cz\/\"><u><span style=\"color: #0066cc;\"><span style=\"font-family: Calibri;\">Celost\u00e1tn\u00ed str\u00e1nky projektu <\/span><br \/>\n<\/span><\/u><\/a><\/p>\n<p><span style=\"color: #000000; font-family: Calibri;\"><strong>\u0161koln\u00ed str\u00e1nky projektu<\/strong>: <\/span><a href=\"https:\/\/www.zsskolnivr.cz\/?page_id=648\"><u><span style=\"color: #0000ff; font-family: Calibri;\">https:\/\/www.zsskolnivr.cz\/?page_id=648<\/span><\/u><\/a><\/p>\n<p>&nbsp;<\/p>\n<p>&nbsp;<\/p>\n","protected":false},"excerpt":{"rendered":"<p>skute\u010dn\u011b zdrav\u00e1 \u0161kola, jsme pilotn\u00ed \u0161kolou, propagace zdrav\u00e9 v\u00fd\u017eivy, spolupr\u00e1ce j\u00eddelny, \u0161koly a rodi\u010d\u016f \u017e\u00e1k\u016f, informace z konference: KSZ\u0160, webov\u00e9 str\u00e1nky projektu: Celost\u00e1tn\u00ed str\u00e1nky projektu \u0161koln\u00ed str\u00e1nky projektu: https:\/\/www.zsskolnivr.cz\/?page_id=648 &nbsp; &nbsp;<\/p>\n","protected":false},"author":5,"featured_media":0,"parent":334,"menu_order":0,"comment_status":"closed","ping_status":"closed","template":"","meta":{"ngg_post_thumbnail":0,"footnotes":""},"class_list":["post-1535","page","type-page","status-publish","hentry"],"_links":{"self":[{"href":"https:\/\/www.zsskolnivr.cz\/index.php?rest_route=\/wp\/v2\/pages\/1535","targetHints":{"allow":["GET"]}}],"collection":[{"href":"https:\/\/www.zsskolnivr.cz\/index.php?rest_route=\/wp\/v2\/pages"}],"about":[{"href":"https:\/\/www.zsskolnivr.cz\/index.php?rest_route=\/wp\/v2\/types\/page"}],"author":[{"embeddable":true,"href":"https:\/\/www.zsskolnivr.cz\/index.php?rest_route=\/wp\/v2\/users\/5"}],"replies":[{"embeddable":true,"href":"https:\/\/www.zsskolnivr.cz\/index.php?rest_route=%2Fwp%2Fv2%2Fcomments&post=1535"}],"version-history":[{"count":3,"href":"https:\/\/www.zsskolnivr.cz\/index.php?rest_route=\/wp\/v2\/pages\/1535\/revisions"}],"predecessor-version":[{"id":1546,"href":"https:\/\/www.zsskolnivr.cz\/index.php?rest_route=\/wp\/v2\/pages\/1535\/revisions\/1546"}],"up":[{"embeddable":true,"href":"https:\/\/www.zsskolnivr.cz\/index.php?rest_route=\/wp\/v2\/pages\/334"}],"wp:attachment":[{"href":"https:\/\/www.zsskolnivr.cz\/index.php?rest_route=%2Fwp%2Fv2%2Fmedia&parent=1535"}],"curies":[{"name":"wp","href":"https:\/\/api.w.org\/{rel}","templated":true}]}}