{"id":2012,"date":"2016-01-14T08:14:35","date_gmt":"2016-01-14T08:14:35","guid":{"rendered":"http:\/\/www.zsskolnivr.cz\/?page_id=2012"},"modified":"2020-09-12T06:29:37","modified_gmt":"2020-09-12T06:29:37","slug":"vera-vodnarkova","status":"publish","type":"page","link":"https:\/\/www.zsskolnivr.cz\/?page_id=2012","title":{"rendered":"V\u011bra Vodn\u00e1rkov\u00e1"},"content":{"rendered":"<p><strong>Mgr. V\u011bra Vodn\u00e1rkov\u00e1<br \/>\n<img loading=\"lazy\" decoding=\"async\" id=\"shTopImg\" title=\"Kliknut\u00edm zav\u0159\u00edt\" src=\"https:\/\/www.zsskolnivr.cz\/wp-content\/gallery\/fotografie-1\/Verka.jpg?i=21976672\" alt=\"\" width=\"167\" height=\"167\" \/><br \/>\n<\/strong><\/p>\n<p>Kontakt do \u0161koly : Telefon &#8211;\u00a0 499\u00a0421\u00a0563<br \/>\nEmail &#8211; vodnarkova@zsskolnivr.cz<\/p>\n<p>&nbsp;<\/p>\n<p>&nbsp;<\/p>\n<p>&nbsp;<\/p>\n<p><span style=\"color: #000000; font-family: Calibri;\">\u00a0<\/span><\/p>\n<p><span style=\"color: #000000; font-family: Calibri;\">\u00a0<\/span><\/p>\n<p>&nbsp;<\/p>\n<p>&nbsp;<\/p>\n","protected":false},"excerpt":{"rendered":"<p>Mgr. V\u011bra Vodn\u00e1rkov\u00e1 Kontakt do \u0161koly : Telefon &#8211;\u00a0 499\u00a0421\u00a0563 Email &#8211; vodnarkova@zsskolnivr.cz &nbsp; &nbsp; &nbsp; \u00a0 \u00a0 &nbsp; &nbsp;<\/p>\n","protected":false},"author":3,"featured_media":0,"parent":2080,"menu_order":0,"comment_status":"closed","ping_status":"closed","template":"","meta":{"ngg_post_thumbnail":0,"footnotes":""},"class_list":["post-2012","page","type-page","status-publish","hentry"],"_links":{"self":[{"href":"https:\/\/www.zsskolnivr.cz\/index.php?rest_route=\/wp\/v2\/pages\/2012","targetHints":{"allow":["GET"]}}],"collection":[{"href":"https:\/\/www.zsskolnivr.cz\/index.php?rest_route=\/wp\/v2\/pages"}],"about":[{"href":"https:\/\/www.zsskolnivr.cz\/index.php?rest_route=\/wp\/v2\/types\/page"}],"author":[{"embeddable":true,"href":"https:\/\/www.zsskolnivr.cz\/index.php?rest_route=\/wp\/v2\/users\/3"}],"replies":[{"embeddable":true,"href":"https:\/\/www.zsskolnivr.cz\/index.php?rest_route=%2Fwp%2Fv2%2Fcomments&post=2012"}],"version-history":[{"count":27,"href":"https:\/\/www.zsskolnivr.cz\/index.php?rest_route=\/wp\/v2\/pages\/2012\/revisions"}],"predecessor-version":[{"id":11652,"href":"https:\/\/www.zsskolnivr.cz\/index.php?rest_route=\/wp\/v2\/pages\/2012\/revisions\/11652"}],"up":[{"embeddable":true,"href":"https:\/\/www.zsskolnivr.cz\/index.php?rest_route=\/wp\/v2\/pages\/2080"}],"wp:attachment":[{"href":"https:\/\/www.zsskolnivr.cz\/index.php?rest_route=%2Fwp%2Fv2%2Fmedia&parent=2012"}],"curies":[{"name":"wp","href":"https:\/\/api.w.org\/{rel}","templated":true}]}}