{"id":238,"date":"2017-11-06T08:20:25","date_gmt":"2017-11-06T08:20:25","guid":{"rendered":"http:\/\/www.zsskolnivr.cz\/?page_id=238"},"modified":"2026-01-08T08:43:24","modified_gmt":"2026-01-08T08:43:24","slug":"dokumenty-skoly","status":"publish","type":"page","link":"https:\/\/www.zsskolnivr.cz\/?page_id=238","title":{"rendered":"Dokumenty \u0161koly"},"content":{"rendered":"<h6><b>\u0160koln\u00ed \u0159\u00e1d<\/b><span style=\"color: #000000;\"><b>:<\/b> <span style=\"color: #008000; text-decoration: underline;\"><a style=\"color: #008000; text-decoration: underline;\" href=\"https:\/\/www.zsskolnivr.cz\/wp-content\/uploads\/2025\/01\/SR-2425.pdf\">\u0160koln\u00ed \u0159\u00e1d&nbsp;<\/a><\/span><\/span><\/h6>\n<h6><strong>Sank\u010dn\u00ed \u0159\u00e1d: <a href=\"https:\/\/www.zsskolnivr.cz\/wp-content\/uploads\/2024\/09\/SANKCNI-RAD-2425.pdf\">Sank\u010dn\u00ed \u0159\u00e1d<\/a><\/strong><\/h6>\n<p>Sm\u011brnice &#8211; <a href=\"https:\/\/www.zsskolnivr.cz\/wp-content\/uploads\/2025\/11\/Vnitrni-smernice-o-zabezpeceni-vstupu-do-budovy-skoly-podklad.pdf\">vstup do \u0161koly<\/a><\/p>\n<h6><strong>Organizace \u0161koln\u00edho roku 2023\/2024:<\/strong> <span style=\"text-decoration: underline;\"><span style=\"color: #000000;\"><a href=\"https:\/\/www.zsskolnivr.cz\/wp-content\/uploads\/2024\/09\/Organizace_skolniho_roku_2024_2025_oprava_chyby_v_psani.pdf\" target=\"_blank\" rel=\"noopener noreferrer\">org2425<\/a><\/span><\/span><\/h6>\n<h6><span style=\"color: #000000;\"><strong>U\u010debn\u00ed pl\u00e1n 1.stupn\u011b:<\/strong> <span style=\"color: #008000; text-decoration: underline;\"><a href=\"https:\/\/www.zsskolnivr.cz\/wp-content\/files\/dokumenty\/up1-22.pdf\" target=\"_blank\" rel=\"noopener noreferrer\">U\u010debn\u00ed pl\u00e1n 1<\/a><\/span><\/span><\/h6>\n<h6><span style=\"color: #000000;\"><strong>U\u010debn\u00ed pl\u00e1n 2.stupn\u011b:<\/strong> <span style=\"text-decoration: underline;\"><span style=\"color: #008000; text-decoration: underline;\"><a href=\"https:\/\/www.zsskolnivr.cz\/wp-content\/files\/dokumenty\/up2-22.pdf\" target=\"_blank\" rel=\"noopener\">U\u010debn\u00ed pl\u00e1n 2<\/a><\/span><br \/>\n<\/span><\/span><\/h6>\n<h6><span style=\"color: #000000;\"><strong>U\u010debn\u00ed pl\u00e1n 2.stupn\u011b &#8211; sportovn\u00ed t\u0159\u00eddy:<\/strong> <span style=\"text-decoration: underline;\"><span style=\"color: #008000; text-decoration: underline;\"><a href=\"https:\/\/www.zsskolnivr.cz\/wp-content\/uploads\/2024\/04\/Ucebni-plan_sport24.pdf\" target=\"_blank\" rel=\"noopener\">U\u010debn\u00ed pl\u00e1n 2s<\/a><\/span><\/span><\/span><\/h6>\n<p><strong>\u0160koln\u00ed poradensk\u00e9 pracovi\u0161t\u011b: <\/strong><span style=\"color: #000000;\"><span style=\"text-decoration: underline;\"><span style=\"color: #008000; text-decoration: underline;\"><a href=\"https:\/\/www.zsskolnivr.cz\/wp-content\/files\/dokumenty\/skporpr.pdf\" target=\"_blank\" rel=\"noopener\">soubor<\/a><\/span><\/span><\/span><\/p>\n<p><strong>\u0160koln\u00ed preventivn\u00ed program: <\/strong><span style=\"color: #000000;\"><span style=\"text-decoration: underline;\"><span style=\"color: #008000; text-decoration: underline;\"><a href=\"https:\/\/www.zsskolnivr.cz\/wp-content\/files\/dokumenty\/spp.pdf\" target=\"_blank\" rel=\"noopener\">\u0160PP<\/a><\/span><\/span><\/span><\/p>\n<h6><strong>Dokumenty ke sta\u017een\u00ed:<\/strong><\/h6>\n<p><a href=\"https:\/\/www.zsskolnivr.cz\/wp-content\/uploads\/2026\/01\/C.-Vychova-odolneho-ditete.-pdf.pdf\">V\u00fdchova odoln\u00e9ho d\u00edt\u011bte<\/a><\/p>\n<p><a href=\"https:\/\/www.zsskolnivr.cz\/wp-content\/uploads\/2026\/01\/D.-Rozdil-mezi-sikanou-a-prostou-agresi.-pdf.pdf\">\u0160ikana a agrese<\/a><\/p>\n<p><a href=\"https:\/\/www.zsskolnivr.cz\/wp-content\/uploads\/2026\/01\/E.-Odlisne-chovani-doma-a-v-kolektivu-deti.pdf\">Chov\u00e1n\u00ed<\/a><\/p>\n<p><a href=\"https:\/\/www.zsskolnivr.cz\/wp-content\/uploads\/2026\/01\/F.-Hranice-odpovednosti-v-procesu-uceni.pdf\">Hranice odpov\u011bdnosti<\/a><\/p>\n<h6><a href=\"https:\/\/www.zsskolnivr.cz\/wp-content\/uploads\/2024\/09\/Krouzkyweb-2.pdf\"><strong>Krou\u017eky<\/strong><\/a><\/h6>\n<h6><strong><br \/>\n<\/strong><u><\/u><u><a href=\"https:\/\/www.zsskolnivr.cz\/wp-content\/files\/dokumenty\/uvolnenizaka.docx\" target=\"_blank\" rel=\"noopener\">\u017d\u00e1dost o uvoln\u011bn\u00ed \u017e\u00e1ka z vyu\u010dov\u00e1n\u00ed (word)<\/a><\/u><\/h6>\n<h6><u><a href=\"https:\/\/www.zsskolnivr.cz\/wp-content\/files\/dokumenty\/uvolnenizaka.pdf\" target=\"_blank\" rel=\"noopener\">\u017d\u00e1dost o uvoln\u011bn\u00ed \u017e\u00e1ka z vyu\u010dov\u00e1n\u00ed (pdf)<\/a><\/u><\/h6>\n<h6><span style=\"color: #000000;\"><span style=\"text-decoration: underline;\"><a href=\"https:\/\/www.zsskolnivr.cz\/wp-content\/files\/dokumenty\/zadostprestup.doc\" target=\"_blank\" rel=\"noopener\">\u017d\u00e1dost o p\u0159estup \u017e\u00e1ka na na\u0161i \u0161kolu (word)<\/a><\/span><\/span><\/h6>\n<h6><span style=\"color: #000000;\"><span style=\"text-decoration: underline;\"><a href=\"https:\/\/www.zsskolnivr.cz\/wp-content\/uploads\/2025\/04\/zadostprestup-1.pdf\" target=\"_blank\" rel=\"noopener\">\u017d\u00e1dost o p\u0159estup \u017e\u00e1ka na na\u0161i \u0161kolu (pdf)<\/a><\/span><\/span><\/h6>\n<h6><span style=\"color: #000000;\"><br \/>\n<\/span><span style=\"color: #000000;\"><u><a href=\"https:\/\/www.zsskolnivr.cz\/wp-content\/files\/dokumenty\/10rok_zadost.docx\">\u017d\u00e1dost o 10.rok \u0161koln\u00ed doch\u00e1zky<\/a><\/u><\/span><\/h6>\n<h6><span style=\"color: #000000;\"><u><br \/>\n<\/u><\/span><a href=\"https:\/\/www.zsskolnivr.cz\/wp-content\/files\/dokumenty\/zadostivp.docx\">\u017d\u00e1dost o individu\u00e1ln\u00ed vzd\u011bl\u00e1vac\u00ed pl\u00e1n<\/a><\/h6>\n<h6><span style=\"color: #000000;\"><a style=\"color: #000000;\"><b>V\u00fdro\u010dn\u00ed zpr\u00e1vy o \u010dinnosti \u0161koly<\/b><\/a>:<br \/>\n<\/span><\/h6>\n<p>2023\/2024: <a href=\"https:\/\/www.zsskolnivr.cz\/wp-content\/uploads\/2025\/01\/Vyrocni-zprava-o-cinnosti-skoly-23-24b.pdf\">VZ2023<\/a><\/p>\n<h6>2021\/2022:<span style=\"color: #008000;\"><u><a style=\"color: #008000;\" href=\"https:\/\/www.zsskolnivr.cz\/wp-content\/files\/dokumenty\/VZ 2122.pdf\" target=\"_blank\" rel=\"noopener noreferrer\" data-wplink-url-error=\"true\">VZ2122<\/a><\/u><\/span><\/h6>\n<h6><span style=\"color: #000000;\">2020\/2021: <\/span><span style=\"color: #008000;\"><u><a style=\"color: #008000;\" href=\"https:\/\/www.zsskolnivr.cz\/wp-content\/files\/dokumenty\/VZ 20 21.pdf\" target=\"_blank\" rel=\"noopener noreferrer\" data-wplink-url-error=\"true\">VZ2021<\/a><\/u><\/span><\/h6>\n<h6><span style=\"color: #000000;\">2019\/2020:&nbsp;<\/span><span style=\"color: #008000;\"><u><a style=\"color: #008000;\" href=\"https:\/\/www.zsskolnivr.cz\/wp-content\/files\/dokumenty\/VZ1920.pdf\">VZ192<\/a>0<\/u><\/span><\/h6>\n<h6><span style=\"color: #000000;\">2018\/2019: <\/span><span style=\"color: #008000;\"><a style=\"color: #008000;\" href=\"https:\/\/www.zsskolnivr.cz\/wp-content\/files\/dokumenty\/VZ1819.pdf\"><u>VZ1819<\/u><\/a><\/span><\/h6>\n<h6><a href=\"https:\/\/www.zsskolnivr.cz\/wp-content\/files\/dokumenty\/VZ1819.pdf\"><u><span style=\"color: #000000;\">2017\/2018<\/span>: <\/u><\/a><span style=\"color: #008000;\"><u><a style=\"color: #008000;\" href=\"https:\/\/www.zsskolnivr.cz\/wp-content\/files\/dokumenty\/VZ1718.pdf\"><u>VZ1718<\/u><\/a><\/u><\/span><\/h6>\n<h6><u>2016\/2017<a href=\"https:\/\/www.zsskolnivr.cz\/wp-content\/files\/dokumenty\/VZ1718.pdf\">: <\/a><span style=\"color: #000000;\"><span style=\"color: #000000;\"><span style=\"color: #008000;\"><a style=\"color: #008000;\" href=\"https:\/\/www.zsskolnivr.cz\/wp-content\/files\/dokumenty\/VZ1617.pdf\"><u>VZ1617<\/u><\/a><\/span><\/span><\/span><\/u><\/h6>\n<h6><u><span style=\"color: #000000;\"><span style=\"color: #000000;\">2015\/2016: <span style=\"color: #008000;\"><a style=\"color: #008000;\" href=\"https:\/\/www.zsskolnivr.cz\/wp-content\/files\/dokumenty\/VZ1516.docx\"><u>VZ1516<\/u><\/a><\/span><\/span><\/span><\/u><\/h6>\n<h6><u><span style=\"color: #000000;\"><span style=\"color: #000000;\">2014\/2015:<\/span><span style=\"color: #000000; text-decoration: underline;\"> <a href=\"https:\/\/www.zsskolnivr.cz\/wp-content\/files\/dokumenty\/VZ1415.docx\">VZ1415<\/a><\/span><\/span><\/u><\/h6>\n<h6><u><span style=\"color: #000000;\"><span style=\"color: #000000;\">2013\/2014: <span style=\"text-decoration: underline;\"><a href=\"https:\/\/www.zsskolnivr.cz\/wp-content\/files\/dokumenty\/VZ1314.docx\">VZ1314<\/a><\/span><\/span><span style=\"color: #000000; text-decoration: underline;\"><br \/>\n<\/span><\/span><\/u><\/h6>\n<h6>&nbsp;<\/h6>\n","protected":false},"excerpt":{"rendered":"<p>\u0160koln\u00ed \u0159\u00e1d: \u0160koln\u00ed \u0159\u00e1d&nbsp; Sank\u010dn\u00ed \u0159\u00e1d: Sank\u010dn\u00ed \u0159\u00e1d Sm\u011brnice &#8211; vstup do \u0161koly Organizace \u0161koln\u00edho roku 2023\/2024: org2425 U\u010debn\u00ed pl\u00e1n 1.stupn\u011b: U\u010debn\u00ed pl\u00e1n 1 U\u010debn\u00ed pl\u00e1n 2.stupn\u011b: U\u010debn\u00ed pl\u00e1n 2 U\u010debn\u00ed pl\u00e1n 2.stupn\u011b &#8211; sportovn\u00ed t\u0159\u00eddy: U\u010debn\u00ed pl\u00e1n 2s \u0160koln\u00ed <a href=\"https:\/\/www.zsskolnivr.cz\/?page_id=238\" class=\"read-more\">Read More &#8230;<\/a><\/p>\n","protected":false},"author":2,"featured_media":0,"parent":0,"menu_order":0,"comment_status":"closed","ping_status":"closed","template":"","meta":{"ngg_post_thumbnail":0,"footnotes":""},"class_list":["post-238","page","type-page","status-publish","hentry"],"_links":{"self":[{"href":"https:\/\/www.zsskolnivr.cz\/index.php?rest_route=\/wp\/v2\/pages\/238","targetHints":{"allow":["GET"]}}],"collection":[{"href":"https:\/\/www.zsskolnivr.cz\/index.php?rest_route=\/wp\/v2\/pages"}],"about":[{"href":"https:\/\/www.zsskolnivr.cz\/index.php?rest_route=\/wp\/v2\/types\/page"}],"author":[{"embeddable":true,"href":"https:\/\/www.zsskolnivr.cz\/index.php?rest_route=\/wp\/v2\/users\/2"}],"replies":[{"embeddable":true,"href":"https:\/\/www.zsskolnivr.cz\/index.php?rest_route=%2Fwp%2Fv2%2Fcomments&post=238"}],"version-history":[{"count":101,"href":"https:\/\/www.zsskolnivr.cz\/index.php?rest_route=\/wp\/v2\/pages\/238\/revisions"}],"predecessor-version":[{"id":21473,"href":"https:\/\/www.zsskolnivr.cz\/index.php?rest_route=\/wp\/v2\/pages\/238\/revisions\/21473"}],"wp:attachment":[{"href":"https:\/\/www.zsskolnivr.cz\/index.php?rest_route=%2Fwp%2Fv2%2Fmedia&parent=238"}],"curies":[{"name":"wp","href":"https:\/\/api.w.org\/{rel}","templated":true}]}}