{"id":30,"date":"2015-06-15T20:34:28","date_gmt":"2015-06-15T20:34:28","guid":{"rendered":"http:\/\/www.zsskolnivr.cz\/?page_id=30"},"modified":"2021-09-05T20:26:00","modified_gmt":"2021-09-05T20:26:00","slug":"o-skole","status":"publish","type":"page","link":"https:\/\/www.zsskolnivr.cz\/?page_id=30","title":{"rendered":"O \u0161kole"},"content":{"rendered":"<h5>Pl\u00e1n klasifika\u010dn\u00edch obdob\u00ed 2021\/2022<\/h5>\n<h6><span style=\"color: #008000;\">10.11.2021 &#8211; klasifikace za 1.\u010dtvrtlet\u00ed<\/span><\/h6>\n<h6><span style=\"color: #008000;\">10.11.2021 &#8211; sch\u016fze v\u00fdboru rodi\u010d\u016f<\/span><\/h6>\n<h6><span style=\"color: #008000;\">15.11.2021 &#8211; t\u0159\u00eddn\u00ed sch\u016fzky<\/span><\/h6>\n<h6><span style=\"color: #ff0000;\">26.1.2022 &#8211; klasifikace za 2. \u010dtvrtlet\u00ed<\/span><\/h6>\n<h6><span style=\"color: #ff0000;\">31.1.2022- v\u00fdpis vysv\u011bd\u010den\u00ed za 1. pololet\u00ed<\/span><\/h6>\n<h6><span style=\"color: #008000;\">6.4.2022 &#8211; klasifikace za 3.\u010dtvrtlet\u00ed<\/span><\/h6>\n<h6><span style=\"color: #008000;\">6.4.2022 &#8211; sch\u016fze v\u00fdboru rodi\u010d\u016f<\/span><\/h6>\n<h6><span style=\"color: #008000;\">11.4.2022 &#8211; t\u0159\u00eddn\u00ed sch\u016fzky<\/span><\/h6>\n<h6><span style=\"color: #ff0000;\">23.6.2022 &#8211; klasifikace za 4.\u010dtvrtlet\u00ed<\/span><\/h6>\n<h6><span style=\"color: #ff0000;\">29.6.2022 &#8211; vysv\u011bd\u010den\u00ed pro 9. ro\u010dn\u00edky (z\u00e1mek)<\/span><\/h6>\n<h6><span style=\"color: #ff0000;\">30.6.2022 &#8211; vysv\u011bd\u010den\u00ed za 2. pololet\u00ed<\/span><\/h6>\n","protected":false},"excerpt":{"rendered":"<p>Pl\u00e1n klasifika\u010dn\u00edch obdob\u00ed 2021\/2022 10.11.2021 &#8211; klasifikace za 1.\u010dtvrtlet\u00ed 10.11.2021 &#8211; sch\u016fze v\u00fdboru rodi\u010d\u016f 15.11.2021 &#8211; t\u0159\u00eddn\u00ed sch\u016fzky 26.1.2022 &#8211; klasifikace za 2. \u010dtvrtlet\u00ed 31.1.2022- v\u00fdpis vysv\u011bd\u010den\u00ed za 1. pololet\u00ed 6.4.2022 &#8211; klasifikace za 3.\u010dtvrtlet\u00ed 6.4.2022 &#8211; sch\u016fze v\u00fdboru rodi\u010d\u016f <a href=\"https:\/\/www.zsskolnivr.cz\/?page_id=30\" class=\"read-more\">Read More &#8230;<\/a><\/p>\n","protected":false},"author":1,"featured_media":0,"parent":0,"menu_order":0,"comment_status":"closed","ping_status":"closed","template":"","meta":{"ngg_post_thumbnail":0,"footnotes":""},"class_list":["post-30","page","type-page","status-publish","hentry"],"_links":{"self":[{"href":"https:\/\/www.zsskolnivr.cz\/index.php?rest_route=\/wp\/v2\/pages\/30","targetHints":{"allow":["GET"]}}],"collection":[{"href":"https:\/\/www.zsskolnivr.cz\/index.php?rest_route=\/wp\/v2\/pages"}],"about":[{"href":"https:\/\/www.zsskolnivr.cz\/index.php?rest_route=\/wp\/v2\/types\/page"}],"author":[{"embeddable":true,"href":"https:\/\/www.zsskolnivr.cz\/index.php?rest_route=\/wp\/v2\/users\/1"}],"replies":[{"embeddable":true,"href":"https:\/\/www.zsskolnivr.cz\/index.php?rest_route=%2Fwp%2Fv2%2Fcomments&post=30"}],"version-history":[{"count":8,"href":"https:\/\/www.zsskolnivr.cz\/index.php?rest_route=\/wp\/v2\/pages\/30\/revisions"}],"predecessor-version":[{"id":12854,"href":"https:\/\/www.zsskolnivr.cz\/index.php?rest_route=\/wp\/v2\/pages\/30\/revisions\/12854"}],"wp:attachment":[{"href":"https:\/\/www.zsskolnivr.cz\/index.php?rest_route=%2Fwp%2Fv2%2Fmedia&parent=30"}],"curies":[{"name":"wp","href":"https:\/\/api.w.org\/{rel}","templated":true}]}}