{"id":331,"date":"2015-07-08T06:16:16","date_gmt":"2015-07-08T06:16:16","guid":{"rendered":"http:\/\/www.zsskolnivr.cz\/?page_id=331"},"modified":"2020-01-22T21:03:01","modified_gmt":"2020-01-22T21:03:01","slug":"ekologicka-vychova-2","status":"publish","type":"page","link":"https:\/\/www.zsskolnivr.cz\/?page_id=331","title":{"rendered":"Environment\u00e1ln\u00ed v\u00fdchova"},"content":{"rendered":"<p><strong>D\u0159\u00edve ekologick\u00e1 v\u00fdchova<\/strong>. Dnes je ch\u00e1p\u00e1na v \u0161ir\u0161\u00edm smyslu jako pr\u016fse\u010d\u00edk oblast\u00ed &#8211;\u00a0ekologie a ochrany p\u0159\u00edrody, soci\u00e1ln\u00ed oblasti s d\u016frazem na m\u00edstn\u00ed region a ekonomick\u00e9 oblasti s c\u00edlem udr\u017eiteln\u00e9ho rozvoje.<br \/>\nV t\u00e9to slo\u017ece budeme informovat o projektech, kter\u00e9 prol\u00ednaj\u00ed tak\u00e9 p\u0159edm\u011bty <strong>p\u0159\u00edrodopis, zem\u011bpis a chemie.<\/strong><\/p>\n<p>V\u00edce o konkr\u00e9tn\u00edch projektech v rolovac\u00ed<strong>ch z\u00e1lo\u017ek\u00e1ch.<br \/>\n<\/strong><em>Koordin\u00e1torem EVVO na \u0161kole &#8211; Mgr. Du\u0161an Vodn\u00e1rek<\/em><\/p>\n<p>&nbsp;<\/p>\n<p>ARCHIV PROJEKT\u016f:<\/p>\n<p><a href=\"https:\/\/www.zsskolnivr.cz\/archiv\/ekologicka_vychova.htm\">https:\/\/www.zsskolnivr.cz\/archiv\/ekologicka_vychova.htm<\/a><\/p>\n<p><a href=\"https:\/\/www.zsskolnivr.cz\/archiv\/skolni_projekty.htm\">https:\/\/www.zsskolnivr.cz\/archiv\/skolni_projekty.htm<\/a><\/p>\n<p>&nbsp;<\/p>\n","protected":false},"excerpt":{"rendered":"<p>D\u0159\u00edve ekologick\u00e1 v\u00fdchova. Dnes je ch\u00e1p\u00e1na v \u0161ir\u0161\u00edm smyslu jako pr\u016fse\u010d\u00edk oblast\u00ed &#8211;\u00a0ekologie a ochrany p\u0159\u00edrody, soci\u00e1ln\u00ed oblasti s d\u016frazem na m\u00edstn\u00ed region a ekonomick\u00e9 oblasti s c\u00edlem udr\u017eiteln\u00e9ho rozvoje. V t\u00e9to slo\u017ece budeme informovat o projektech, kter\u00e9 prol\u00ednaj\u00ed tak\u00e9 <a href=\"https:\/\/www.zsskolnivr.cz\/?page_id=331\" class=\"read-more\">Read More &#8230;<\/a><\/p>\n","protected":false},"author":2,"featured_media":0,"parent":0,"menu_order":0,"comment_status":"closed","ping_status":"closed","template":"","meta":{"ngg_post_thumbnail":0,"footnotes":""},"class_list":["post-331","page","type-page","status-publish","hentry"],"_links":{"self":[{"href":"https:\/\/www.zsskolnivr.cz\/index.php?rest_route=\/wp\/v2\/pages\/331","targetHints":{"allow":["GET"]}}],"collection":[{"href":"https:\/\/www.zsskolnivr.cz\/index.php?rest_route=\/wp\/v2\/pages"}],"about":[{"href":"https:\/\/www.zsskolnivr.cz\/index.php?rest_route=\/wp\/v2\/types\/page"}],"author":[{"embeddable":true,"href":"https:\/\/www.zsskolnivr.cz\/index.php?rest_route=\/wp\/v2\/users\/2"}],"replies":[{"embeddable":true,"href":"https:\/\/www.zsskolnivr.cz\/index.php?rest_route=%2Fwp%2Fv2%2Fcomments&post=331"}],"version-history":[{"count":7,"href":"https:\/\/www.zsskolnivr.cz\/index.php?rest_route=\/wp\/v2\/pages\/331\/revisions"}],"predecessor-version":[{"id":10960,"href":"https:\/\/www.zsskolnivr.cz\/index.php?rest_route=\/wp\/v2\/pages\/331\/revisions\/10960"}],"wp:attachment":[{"href":"https:\/\/www.zsskolnivr.cz\/index.php?rest_route=%2Fwp%2Fv2%2Fmedia&parent=331"}],"curies":[{"name":"wp","href":"https:\/\/api.w.org\/{rel}","templated":true}]}}