{"id":360,"date":"2021-01-11T05:00:14","date_gmt":"2021-01-11T05:00:14","guid":{"rendered":"http:\/\/www.zsskolnivr.cz\/?page_id=360"},"modified":"2023-05-26T06:46:44","modified_gmt":"2023-05-26T06:46:44","slug":"jidelnicek","status":"publish","type":"page","link":"https:\/\/www.zsskolnivr.cz\/?page_id=360","title":{"rendered":"J\u00eddeln\u00ed\u010dek"},"content":{"rendered":"<p>&nbsp;<\/p>\n<p>&nbsp;<\/p>\n<p><a href=\"https:\/\/www.zsskolnivr.cz\/wp-content\/uploads\/2023\/05\/Jidelnicek-22.-26.5.2023.pdf\">J\u00eddeln\u00ed\u010dek 22.-26.5.2023<\/a><\/p>\n<p><a href=\"https:\/\/www.zsskolnivr.cz\/wp-content\/uploads\/2023\/05\/Jidelnicek-29.5.-2.6.2023.pdf\">J\u00eddeln\u00ed\u010dek 29.5.-2.6.2023<\/a><\/p>\n<p><a href=\"https:\/\/www.zsskolnivr.cz\/wp-content\/uploads\/2023\/05\/Jidelnicek-5.-9.6.2023.pdf\">J\u00eddeln\u00ed\u010dek 5.-9.6.2023<\/a><\/p>\n\n\n<p><\/p>\n","protected":false},"excerpt":{"rendered":"<p>&nbsp; &nbsp; J\u00eddeln\u00ed\u010dek 22.-26.5.2023 J\u00eddeln\u00ed\u010dek 29.5.-2.6.2023 J\u00eddeln\u00ed\u010dek 5.-9.6.2023<\/p>\n","protected":false},"author":5,"featured_media":0,"parent":89,"menu_order":0,"comment_status":"closed","ping_status":"closed","template":"","meta":{"ngg_post_thumbnail":0,"footnotes":""},"class_list":["post-360","page","type-page","status-publish","hentry"],"_links":{"self":[{"href":"https:\/\/www.zsskolnivr.cz\/index.php?rest_route=\/wp\/v2\/pages\/360","targetHints":{"allow":["GET"]}}],"collection":[{"href":"https:\/\/www.zsskolnivr.cz\/index.php?rest_route=\/wp\/v2\/pages"}],"about":[{"href":"https:\/\/www.zsskolnivr.cz\/index.php?rest_route=\/wp\/v2\/types\/page"}],"author":[{"embeddable":true,"href":"https:\/\/www.zsskolnivr.cz\/index.php?rest_route=\/wp\/v2\/users\/5"}],"replies":[{"embeddable":true,"href":"https:\/\/www.zsskolnivr.cz\/index.php?rest_route=%2Fwp%2Fv2%2Fcomments&post=360"}],"version-history":[{"count":545,"href":"https:\/\/www.zsskolnivr.cz\/index.php?rest_route=\/wp\/v2\/pages\/360\/revisions"}],"predecessor-version":[{"id":13211,"href":"https:\/\/www.zsskolnivr.cz\/index.php?rest_route=\/wp\/v2\/pages\/360\/revisions\/13211"}],"up":[{"embeddable":true,"href":"https:\/\/www.zsskolnivr.cz\/index.php?rest_route=\/wp\/v2\/pages\/89"}],"wp:attachment":[{"href":"https:\/\/www.zsskolnivr.cz\/index.php?rest_route=%2Fwp%2Fv2%2Fmedia&parent=360"}],"curies":[{"name":"wp","href":"https:\/\/api.w.org\/{rel}","templated":true}]}}