{"id":370,"date":"2015-07-10T05:17:09","date_gmt":"2015-07-10T05:17:09","guid":{"rendered":"http:\/\/www.zsskolnivr.cz\/?page_id=370"},"modified":"2016-10-26T17:39:38","modified_gmt":"2016-10-26T17:39:38","slug":"sponzori-a-partneri-skoly","status":"publish","type":"page","link":"https:\/\/www.zsskolnivr.cz\/?page_id=370","title":{"rendered":"Sponzo\u0159i a partne\u0159i \u0161koly"},"content":{"rendered":"<p><!-- index.php -->\n<div\n\tclass=\"ngg-galleryoverview\n\t ngg-ajax-pagination-none\t\"\n\tid=\"ngg-gallery-22a34cb77ad072c7d5533d3dfe8fda62-1\">\n\n\t\t\t<!-- Thumbnails -->\n\t\t\t\t<div id=\"ngg-image-0\" class=\"ngg-gallery-thumbnail-box\"\n\t\t\t\t\t\t\t\t\t\t\t>\n\t\t\t\t\t\t<div class=\"ngg-gallery-thumbnail\">\n\t\t\t<a href=\"http:\/\/www.zsskolnivr.cz\/wp-content\/gallery\/loga-1\/LOGO-v4-001.jpg\"\n\t\t\t\ttitle=\"\"\n\t\t\t\tdata-src=\"http:\/\/www.zsskolnivr.cz\/wp-content\/gallery\/loga-1\/LOGO-v4-001.jpg\"\n\t\t\t\tdata-thumbnail=\"http:\/\/www.zsskolnivr.cz\/wp-content\/gallery\/loga-1\/thumbs\/thumbs_LOGO-v4-001.jpg\"\n\t\t\t\tdata-image-id=\"3652\"\n\t\t\t\tdata-title=\"LOGO v4 001\"\n\t\t\t\tdata-description=\"\"\n\t\t\t\tdata-image-slug=\"logo-v4-001-1\"\n\t\t\t\tclass=\"ngg-fancybox\" rel=\"22a34cb77ad072c7d5533d3dfe8fda62\">\n\t\t\t\t<img\n\t\t\t\t\ttitle=\"LOGO v4 001\"\n\t\t\t\t\talt=\"LOGO v4 001\"\n\t\t\t\t\tsrc=\"http:\/\/www.zsskolnivr.cz\/wp-content\/gallery\/loga-1\/cache\/LOGO-v4-001.jpg-nggid043652-ngg0dyn-60x40x100-00f0w010c011r110f110r010t010.jpg\"\n\t\t\t\t\twidth=\"60\"\n\t\t\t\t\theight=\"40\"\n\t\t\t\t\tstyle=\"max-width:100%;\"\n\t\t\t\t\/>\n\t\t\t<\/a>\n\t\t<\/div>\n\t\t\t\t\t\t\t<\/div>\n\t\t\t\n\t\t\t\t\t\t\t\n\t\t\t\t<div id=\"ngg-image-1\" class=\"ngg-gallery-thumbnail-box\"\n\t\t\t\t\t\t\t\t\t\t\t>\n\t\t\t\t\t\t<div class=\"ngg-gallery-thumbnail\">\n\t\t\t<a href=\"http:\/\/www.zsskolnivr.cz\/wp-content\/gallery\/loga-1\/ovoce-do-skol.jpg\"\n\t\t\t\ttitle=\"\"\n\t\t\t\tdata-src=\"http:\/\/www.zsskolnivr.cz\/wp-content\/gallery\/loga-1\/ovoce-do-skol.jpg\"\n\t\t\t\tdata-thumbnail=\"http:\/\/www.zsskolnivr.cz\/wp-content\/gallery\/loga-1\/thumbs\/thumbs_ovoce-do-skol.jpg\"\n\t\t\t\tdata-image-id=\"2502\"\n\t\t\t\tdata-title=\"ovoce do skol\"\n\t\t\t\tdata-description=\"\"\n\t\t\t\tdata-image-slug=\"ovoce-do-skol\"\n\t\t\t\tclass=\"ngg-fancybox\" rel=\"22a34cb77ad072c7d5533d3dfe8fda62\">\n\t\t\t\t<img\n\t\t\t\t\ttitle=\"ovoce do skol\"\n\t\t\t\t\talt=\"ovoce do skol\"\n\t\t\t\t\tsrc=\"http:\/\/www.zsskolnivr.cz\/wp-content\/gallery\/loga-1\/cache\/ovoce-do-skol.jpg-nggid042502-ngg0dyn-60x40x100-00f0w010c011r110f110r010t010.jpg\"\n\t\t\t\t\twidth=\"60\"\n\t\t\t\t\theight=\"40\"\n\t\t\t\t\tstyle=\"max-width:100%;\"\n\t\t\t\t\/>\n\t\t\t<\/a>\n\t\t<\/div>\n\t\t\t\t\t\t\t<\/div>\n\t\t\t\n\t\t\t\t\t\t\t\n\t\t\t\t<div id=\"ngg-image-2\" class=\"ngg-gallery-thumbnail-box\"\n\t\t\t\t\t\t\t\t\t\t\t>\n\t\t\t\t\t\t<div class=\"ngg-gallery-thumbnail\">\n\t\t\t<a href=\"http:\/\/www.zsskolnivr.cz\/wp-content\/gallery\/loga-1\/logo_cista_obec.gif\"\n\t\t\t\ttitle=\"\"\n\t\t\t\tdata-src=\"http:\/\/www.zsskolnivr.cz\/wp-content\/gallery\/loga-1\/logo_cista_obec.gif\"\n\t\t\t\tdata-thumbnail=\"http:\/\/www.zsskolnivr.cz\/wp-content\/gallery\/loga-1\/thumbs\/thumbs_logo_cista_obec.gif\"\n\t\t\t\tdata-image-id=\"2226\"\n\t\t\t\tdata-title=\"logo_cista_obec\"\n\t\t\t\tdata-description=\"\"\n\t\t\t\tdata-image-slug=\"logo_cista_obec\"\n\t\t\t\tclass=\"ngg-fancybox\" rel=\"22a34cb77ad072c7d5533d3dfe8fda62\">\n\t\t\t\t<img\n\t\t\t\t\ttitle=\"logo_cista_obec\"\n\t\t\t\t\talt=\"logo_cista_obec\"\n\t\t\t\t\tsrc=\"http:\/\/www.zsskolnivr.cz\/wp-content\/gallery\/loga-1\/cache\/logo_cista_obec.gif-nggid042226-ngg0dyn-60x40x100-00f0w010c011r110f110r010t010.gif\"\n\t\t\t\t\twidth=\"60\"\n\t\t\t\t\theight=\"40\"\n\t\t\t\t\tstyle=\"max-width:100%;\"\n\t\t\t\t\/>\n\t\t\t<\/a>\n\t\t<\/div>\n\t\t\t\t\t\t\t<\/div>\n\t\t\t\n\t\t\t\t\t\t\t\n\t\t\t\t<div id=\"ngg-image-3\" class=\"ngg-gallery-thumbnail-box\"\n\t\t\t\t\t\t\t\t\t\t\t>\n\t\t\t\t\t\t<div class=\"ngg-gallery-thumbnail\">\n\t\t\t<a href=\"http:\/\/www.zsskolnivr.cz\/wp-content\/gallery\/loga-1\/logo-prir.zahrada-oficinal.jpg\"\n\t\t\t\ttitle=\"\"\n\t\t\t\tdata-src=\"http:\/\/www.zsskolnivr.cz\/wp-content\/gallery\/loga-1\/logo-prir.zahrada-oficinal.jpg\"\n\t\t\t\tdata-thumbnail=\"http:\/\/www.zsskolnivr.cz\/wp-content\/gallery\/loga-1\/thumbs\/thumbs_logo-prir.zahrada-oficinal.jpg\"\n\t\t\t\tdata-image-id=\"2610\"\n\t\t\t\tdata-title=\"logo prir.zahrada oficinal\"\n\t\t\t\tdata-description=\"\"\n\t\t\t\tdata-image-slug=\"logo-prir-zahrada-oficinal\"\n\t\t\t\tclass=\"ngg-fancybox\" rel=\"22a34cb77ad072c7d5533d3dfe8fda62\">\n\t\t\t\t<img\n\t\t\t\t\ttitle=\"logo prir.zahrada oficinal\"\n\t\t\t\t\talt=\"logo prir.zahrada oficinal\"\n\t\t\t\t\tsrc=\"http:\/\/www.zsskolnivr.cz\/wp-content\/gallery\/loga-1\/cache\/logo-prir.zahrada-oficinal.jpg-nggid042610-ngg0dyn-60x40x100-00f0w010c011r110f110r010t010.jpg\"\n\t\t\t\t\twidth=\"60\"\n\t\t\t\t\theight=\"40\"\n\t\t\t\t\tstyle=\"max-width:100%;\"\n\t\t\t\t\/>\n\t\t\t<\/a>\n\t\t<\/div>\n\t\t\t\t\t\t\t<\/div>\n\t\t\t\n\t\t\t\t\t\t\t\t\t<br style=\"clear: both\" \/>\n\t\t\t\t\t\n\t\t\t\t<div id=\"ngg-image-4\" class=\"ngg-gallery-thumbnail-box\"\n\t\t\t\t\t\t\t\t\t\t\t>\n\t\t\t\t\t\t<div class=\"ngg-gallery-thumbnail\">\n\t\t\t<a href=\"http:\/\/www.zsskolnivr.cz\/wp-content\/gallery\/loga-1\/Vyliz_talir.jpg\"\n\t\t\t\ttitle=\"\"\n\t\t\t\tdata-src=\"http:\/\/www.zsskolnivr.cz\/wp-content\/gallery\/loga-1\/Vyliz_talir.jpg\"\n\t\t\t\tdata-thumbnail=\"http:\/\/www.zsskolnivr.cz\/wp-content\/gallery\/loga-1\/thumbs\/thumbs_Vyliz_talir.jpg\"\n\t\t\t\tdata-image-id=\"2622\"\n\t\t\t\tdata-title=\"Vyliz_talir\"\n\t\t\t\tdata-description=\"\"\n\t\t\t\tdata-image-slug=\"vyliz_talir\"\n\t\t\t\tclass=\"ngg-fancybox\" rel=\"22a34cb77ad072c7d5533d3dfe8fda62\">\n\t\t\t\t<img\n\t\t\t\t\ttitle=\"Vyliz_talir\"\n\t\t\t\t\talt=\"Vyliz_talir\"\n\t\t\t\t\tsrc=\"http:\/\/www.zsskolnivr.cz\/wp-content\/gallery\/loga-1\/cache\/Vyliz_talir.jpg-nggid042622-ngg0dyn-60x40x100-00f0w010c011r110f110r010t010.jpg\"\n\t\t\t\t\twidth=\"60\"\n\t\t\t\t\theight=\"40\"\n\t\t\t\t\tstyle=\"max-width:100%;\"\n\t\t\t\t\/>\n\t\t\t<\/a>\n\t\t<\/div>\n\t\t\t\t\t\t\t<\/div>\n\t\t\t\n\t\t\t\t\t\t\t\n\t\t\t\t<div id=\"ngg-image-5\" class=\"ngg-gallery-thumbnail-box\"\n\t\t\t\t\t\t\t\t\t\t\t>\n\t\t\t\t\t\t<div class=\"ngg-gallery-thumbnail\">\n\t\t\t<a href=\"http:\/\/www.zsskolnivr.cz\/wp-content\/gallery\/loga-1\/sablony2.jpg\"\n\t\t\t\ttitle=\"\"\n\t\t\t\tdata-src=\"http:\/\/www.zsskolnivr.cz\/wp-content\/gallery\/loga-1\/sablony2.jpg\"\n\t\t\t\tdata-thumbnail=\"http:\/\/www.zsskolnivr.cz\/wp-content\/gallery\/loga-1\/thumbs\/thumbs_sablony2.jpg\"\n\t\t\t\tdata-image-id=\"2640\"\n\t\t\t\tdata-title=\"sablony2\"\n\t\t\t\tdata-description=\"\"\n\t\t\t\tdata-image-slug=\"sablony2\"\n\t\t\t\tclass=\"ngg-fancybox\" rel=\"22a34cb77ad072c7d5533d3dfe8fda62\">\n\t\t\t\t<img\n\t\t\t\t\ttitle=\"sablony2\"\n\t\t\t\t\talt=\"sablony2\"\n\t\t\t\t\tsrc=\"http:\/\/www.zsskolnivr.cz\/wp-content\/gallery\/loga-1\/cache\/sablony2.jpg-nggid042640-ngg0dyn-60x40x100-00f0w010c011r110f110r010t010.jpg\"\n\t\t\t\t\twidth=\"60\"\n\t\t\t\t\theight=\"40\"\n\t\t\t\t\tstyle=\"max-width:100%;\"\n\t\t\t\t\/>\n\t\t\t<\/a>\n\t\t<\/div>\n\t\t\t\t\t\t\t<\/div>\n\t\t\t\n\t\t\t\t\t\t\t\n\t\t\t\t<div id=\"ngg-image-6\" class=\"ngg-gallery-thumbnail-box\"\n\t\t\t\t\t\t\t\t\t\t\t>\n\t\t\t\t\t\t<div class=\"ngg-gallery-thumbnail\">\n\t\t\t<a href=\"http:\/\/www.zsskolnivr.cz\/wp-content\/gallery\/loga-1\/veselavedalogo.png\"\n\t\t\t\ttitle=\"\"\n\t\t\t\tdata-src=\"http:\/\/www.zsskolnivr.cz\/wp-content\/gallery\/loga-1\/veselavedalogo.png\"\n\t\t\t\tdata-thumbnail=\"http:\/\/www.zsskolnivr.cz\/wp-content\/gallery\/loga-1\/thumbs\/thumbs_veselavedalogo.png\"\n\t\t\t\tdata-image-id=\"2625\"\n\t\t\t\tdata-title=\"veselavedalogo\"\n\t\t\t\tdata-description=\"\"\n\t\t\t\tdata-image-slug=\"veselavedalogo\"\n\t\t\t\tclass=\"ngg-fancybox\" rel=\"22a34cb77ad072c7d5533d3dfe8fda62\">\n\t\t\t\t<img\n\t\t\t\t\ttitle=\"veselavedalogo\"\n\t\t\t\t\talt=\"veselavedalogo\"\n\t\t\t\t\tsrc=\"http:\/\/www.zsskolnivr.cz\/wp-content\/gallery\/loga-1\/cache\/veselavedalogo.png-nggid042625-ngg0dyn-60x40x100-00f0w010c011r110f110r010t010.png\"\n\t\t\t\t\twidth=\"60\"\n\t\t\t\t\theight=\"40\"\n\t\t\t\t\tstyle=\"max-width:100%;\"\n\t\t\t\t\/>\n\t\t\t<\/a>\n\t\t<\/div>\n\t\t\t\t\t\t\t<\/div>\n\t\t\t\n\t\t\t\t\t\t\t\n\t\t\t\t<div id=\"ngg-image-7\" class=\"ngg-gallery-thumbnail-box\"\n\t\t\t\t\t\t\t\t\t\t\t>\n\t\t\t\t\t\t<div class=\"ngg-gallery-thumbnail\">\n\t\t\t<a href=\"http:\/\/www.zsskolnivr.cz\/wp-content\/gallery\/loga-1\/Ho%C5%99ice-m%C4%9Bsto-kamenn%C3%A9-kr%C3%A1sy.jpg\"\n\t\t\t\ttitle=\"\"\n\t\t\t\tdata-src=\"http:\/\/www.zsskolnivr.cz\/wp-content\/gallery\/loga-1\/Ho%C5%99ice-m%C4%9Bsto-kamenn%C3%A9-kr%C3%A1sy.jpg\"\n\t\t\t\tdata-thumbnail=\"http:\/\/www.zsskolnivr.cz\/wp-content\/gallery\/loga-1\/thumbs\/thumbs_Ho%C5%99ice-m%C4%9Bsto-kamenn%C3%A9-kr%C3%A1sy.jpg\"\n\t\t\t\tdata-image-id=\"3250\"\n\t\t\t\tdata-title=\"Ho\u0159ice, m\u011bsto kamenn\u00e9 kr\u00e1sy\"\n\t\t\t\tdata-description=\"\"\n\t\t\t\tdata-image-slug=\"ho%c5%99ice-m%c4%9bsto-kamenn%c3%a9-kr%c3%a1sy\"\n\t\t\t\tclass=\"ngg-fancybox\" rel=\"22a34cb77ad072c7d5533d3dfe8fda62\">\n\t\t\t\t<img\n\t\t\t\t\ttitle=\"Ho\u0159ice, m\u011bsto kamenn\u00e9 kr\u00e1sy\"\n\t\t\t\t\talt=\"Ho\u0159ice, m\u011bsto kamenn\u00e9 kr\u00e1sy\"\n\t\t\t\t\tsrc=\"http:\/\/www.zsskolnivr.cz\/wp-content\/gallery\/loga-1\/cache\/Ho%C5%99ice-m%C4%9Bsto-kamenn%C3%A9-kr%C3%A1sy.jpg-nggid043250-ngg0dyn-60x40x100-00f0w010c011r110f110r010t010.jpg\"\n\t\t\t\t\twidth=\"60\"\n\t\t\t\t\theight=\"40\"\n\t\t\t\t\tstyle=\"max-width:100%;\"\n\t\t\t\t\/>\n\t\t\t<\/a>\n\t\t<\/div>\n\t\t\t\t\t\t\t<\/div>\n\t\t\t\n\t\t\t\t\t\t\t\t\t<br style=\"clear: both\" \/>\n\t\t\t\t\t\n\t\t\t\t<div id=\"ngg-image-8\" class=\"ngg-gallery-thumbnail-box\"\n\t\t\t\t\t\t\t\t\t\t\t>\n\t\t\t\t\t\t<div class=\"ngg-gallery-thumbnail\">\n\t\t\t<a href=\"http:\/\/www.zsskolnivr.cz\/wp-content\/gallery\/loga-1\/LOGO-GLACENSIS-001.jpg\"\n\t\t\t\ttitle=\"\"\n\t\t\t\tdata-src=\"http:\/\/www.zsskolnivr.cz\/wp-content\/gallery\/loga-1\/LOGO-GLACENSIS-001.jpg\"\n\t\t\t\tdata-thumbnail=\"http:\/\/www.zsskolnivr.cz\/wp-content\/gallery\/loga-1\/thumbs\/thumbs_LOGO-GLACENSIS-001.jpg\"\n\t\t\t\tdata-image-id=\"3651\"\n\t\t\t\tdata-title=\"LOGO GLACENSIS 001\"\n\t\t\t\tdata-description=\"\"\n\t\t\t\tdata-image-slug=\"logo-glacensis-001-1\"\n\t\t\t\tclass=\"ngg-fancybox\" rel=\"22a34cb77ad072c7d5533d3dfe8fda62\">\n\t\t\t\t<img\n\t\t\t\t\ttitle=\"LOGO GLACENSIS 001\"\n\t\t\t\t\talt=\"LOGO GLACENSIS 001\"\n\t\t\t\t\tsrc=\"http:\/\/www.zsskolnivr.cz\/wp-content\/gallery\/loga-1\/cache\/LOGO-GLACENSIS-001.jpg-nggid043651-ngg0dyn-60x40x100-00f0w010c011r110f110r010t010.jpg\"\n\t\t\t\t\twidth=\"60\"\n\t\t\t\t\theight=\"40\"\n\t\t\t\t\tstyle=\"max-width:100%;\"\n\t\t\t\t\/>\n\t\t\t<\/a>\n\t\t<\/div>\n\t\t\t\t\t\t\t<\/div>\n\t\t\t\n\t\t\t\t\t\t\t\n\t\t\t\t<div id=\"ngg-image-9\" class=\"ngg-gallery-thumbnail-box\"\n\t\t\t\t\t\t\t\t\t\t\t>\n\t\t\t\t\t\t<div class=\"ngg-gallery-thumbnail\">\n\t\t\t<a href=\"http:\/\/www.zsskolnivr.cz\/wp-content\/gallery\/loga-1\/SPH-logo-z%C3%A1kladn%C3%AD.png\"\n\t\t\t\ttitle=\"\"\n\t\t\t\tdata-src=\"http:\/\/www.zsskolnivr.cz\/wp-content\/gallery\/loga-1\/SPH-logo-z%C3%A1kladn%C3%AD.png\"\n\t\t\t\tdata-thumbnail=\"http:\/\/www.zsskolnivr.cz\/wp-content\/gallery\/loga-1\/thumbs\/thumbs_SPH-logo-z%C3%A1kladn%C3%AD.png\"\n\t\t\t\tdata-image-id=\"3877\"\n\t\t\t\tdata-title=\"SPH logo z\u00e1kladn\u00ed\"\n\t\t\t\tdata-description=\"\"\n\t\t\t\tdata-image-slug=\"sph-logo-z%c3%a1kladn%c3%ad\"\n\t\t\t\tclass=\"ngg-fancybox\" rel=\"22a34cb77ad072c7d5533d3dfe8fda62\">\n\t\t\t\t<img\n\t\t\t\t\ttitle=\"SPH logo z\u00e1kladn\u00ed\"\n\t\t\t\t\talt=\"SPH logo z\u00e1kladn\u00ed\"\n\t\t\t\t\tsrc=\"http:\/\/www.zsskolnivr.cz\/wp-content\/gallery\/loga-1\/cache\/SPH-logo-z%C3%A1kladn%C3%AD.png-nggid043877-ngg0dyn-60x40x100-00f0w010c011r110f110r010t010.png\"\n\t\t\t\t\twidth=\"60\"\n\t\t\t\t\theight=\"40\"\n\t\t\t\t\tstyle=\"max-width:100%;\"\n\t\t\t\t\/>\n\t\t\t<\/a>\n\t\t<\/div>\n\t\t\t\t\t\t\t<\/div>\n\t\t\t\n\t\t\t\t\t\t\t\n\t\t\t\t<div id=\"ngg-image-10\" class=\"ngg-gallery-thumbnail-box\"\n\t\t\t\t\t\t\t\t\t\t\t>\n\t\t\t\t\t\t<div class=\"ngg-gallery-thumbnail\">\n\t\t\t<a href=\"http:\/\/www.zsskolnivr.cz\/wp-content\/gallery\/loga-1\/LOGO-Cemex.jpg\"\n\t\t\t\ttitle=\"\"\n\t\t\t\tdata-src=\"http:\/\/www.zsskolnivr.cz\/wp-content\/gallery\/loga-1\/LOGO-Cemex.jpg\"\n\t\t\t\tdata-thumbnail=\"http:\/\/www.zsskolnivr.cz\/wp-content\/gallery\/loga-1\/thumbs\/thumbs_LOGO-Cemex.jpg\"\n\t\t\t\tdata-image-id=\"3251\"\n\t\t\t\tdata-title=\"LOGO Cemex\"\n\t\t\t\tdata-description=\"\"\n\t\t\t\tdata-image-slug=\"logo-cemex\"\n\t\t\t\tclass=\"ngg-fancybox\" rel=\"22a34cb77ad072c7d5533d3dfe8fda62\">\n\t\t\t\t<img\n\t\t\t\t\ttitle=\"LOGO Cemex\"\n\t\t\t\t\talt=\"LOGO Cemex\"\n\t\t\t\t\tsrc=\"http:\/\/www.zsskolnivr.cz\/wp-content\/gallery\/loga-1\/cache\/LOGO-Cemex.jpg-nggid043251-ngg0dyn-60x40x100-00f0w010c011r110f110r010t010.jpg\"\n\t\t\t\t\twidth=\"60\"\n\t\t\t\t\theight=\"40\"\n\t\t\t\t\tstyle=\"max-width:100%;\"\n\t\t\t\t\/>\n\t\t\t<\/a>\n\t\t<\/div>\n\t\t\t\t\t\t\t<\/div>\n\t\t\t\n\t\t\t\t\t\t\t\n\t\t\t\t<div id=\"ngg-image-11\" class=\"ngg-gallery-thumbnail-box\"\n\t\t\t\t\t\t\t\t\t\t\t>\n\t\t\t\t\t\t<div class=\"ngg-gallery-thumbnail\">\n\t\t\t<a href=\"http:\/\/www.zsskolnivr.cz\/wp-content\/gallery\/loga-1\/Zetka-Str%C3%A1%C5%BEn%C3%ADk.jpg\"\n\t\t\t\ttitle=\"\"\n\t\t\t\tdata-src=\"http:\/\/www.zsskolnivr.cz\/wp-content\/gallery\/loga-1\/Zetka-Str%C3%A1%C5%BEn%C3%ADk.jpg\"\n\t\t\t\tdata-thumbnail=\"http:\/\/www.zsskolnivr.cz\/wp-content\/gallery\/loga-1\/thumbs\/thumbs_Zetka-Str%C3%A1%C5%BEn%C3%ADk.jpg\"\n\t\t\t\tdata-image-id=\"3252\"\n\t\t\t\tdata-title=\"Zetka Str\u00e1\u017en\u00edk\"\n\t\t\t\tdata-description=\"\"\n\t\t\t\tdata-image-slug=\"zetka-str%c3%a1%c5%ben%c3%adk\"\n\t\t\t\tclass=\"ngg-fancybox\" rel=\"22a34cb77ad072c7d5533d3dfe8fda62\">\n\t\t\t\t<img\n\t\t\t\t\ttitle=\"Zetka Str\u00e1\u017en\u00edk\"\n\t\t\t\t\talt=\"Zetka Str\u00e1\u017en\u00edk\"\n\t\t\t\t\tsrc=\"http:\/\/www.zsskolnivr.cz\/wp-content\/gallery\/loga-1\/cache\/Zetka-Str%C3%A1%C5%BEn%C3%ADk.jpg-nggid043252-ngg0dyn-60x40x100-00f0w010c011r110f110r010t010.jpg\"\n\t\t\t\t\twidth=\"60\"\n\t\t\t\t\theight=\"40\"\n\t\t\t\t\tstyle=\"max-width:100%;\"\n\t\t\t\t\/>\n\t\t\t<\/a>\n\t\t<\/div>\n\t\t\t\t\t\t\t<\/div>\n\t\t\t\n\t\t\t\t\t\t\t\t\t<br style=\"clear: both\" \/>\n\t\t\t\t\t\n\t\t\t\t<div id=\"ngg-image-12\" class=\"ngg-gallery-thumbnail-box\"\n\t\t\t\t\t\t\t\t\t\t\t>\n\t\t\t\t\t\t<div class=\"ngg-gallery-thumbnail\">\n\t\t\t<a href=\"http:\/\/www.zsskolnivr.cz\/wp-content\/gallery\/loga-1\/rorysi-skola.png\"\n\t\t\t\ttitle=\"\"\n\t\t\t\tdata-src=\"http:\/\/www.zsskolnivr.cz\/wp-content\/gallery\/loga-1\/rorysi-skola.png\"\n\t\t\t\tdata-thumbnail=\"http:\/\/www.zsskolnivr.cz\/wp-content\/gallery\/loga-1\/thumbs\/thumbs_rorysi-skola.png\"\n\t\t\t\tdata-image-id=\"2503\"\n\t\t\t\tdata-title=\"rorysi skola\"\n\t\t\t\tdata-description=\"\"\n\t\t\t\tdata-image-slug=\"rorysi-skola\"\n\t\t\t\tclass=\"ngg-fancybox\" rel=\"22a34cb77ad072c7d5533d3dfe8fda62\">\n\t\t\t\t<img\n\t\t\t\t\ttitle=\"rorysi skola\"\n\t\t\t\t\talt=\"rorysi skola\"\n\t\t\t\t\tsrc=\"http:\/\/www.zsskolnivr.cz\/wp-content\/gallery\/loga-1\/cache\/rorysi-skola.png-nggid042503-ngg0dyn-60x40x100-00f0w010c011r110f110r010t010.png\"\n\t\t\t\t\twidth=\"60\"\n\t\t\t\t\theight=\"40\"\n\t\t\t\t\tstyle=\"max-width:100%;\"\n\t\t\t\t\/>\n\t\t\t<\/a>\n\t\t<\/div>\n\t\t\t\t\t\t\t<\/div>\n\t\t\t\n\t\t\t\t\t\t\t\n\t\t\t\t<div id=\"ngg-image-13\" class=\"ngg-gallery-thumbnail-box\"\n\t\t\t\t\t\t\t\t\t\t\t>\n\t\t\t\t\t\t<div class=\"ngg-gallery-thumbnail\">\n\t\t\t<a href=\"http:\/\/www.zsskolnivr.cz\/wp-content\/gallery\/loga-1\/LOGOLINK-D-DUR-%C5%A1u%C5%BE.jpg\"\n\t\t\t\ttitle=\"\"\n\t\t\t\tdata-src=\"http:\/\/www.zsskolnivr.cz\/wp-content\/gallery\/loga-1\/LOGOLINK-D-DUR-%C5%A1u%C5%BE.jpg\"\n\t\t\t\tdata-thumbnail=\"http:\/\/www.zsskolnivr.cz\/wp-content\/gallery\/loga-1\/thumbs\/thumbs_LOGOLINK-D-DUR-%C5%A1u%C5%BE.jpg\"\n\t\t\t\tdata-image-id=\"3253\"\n\t\t\t\tdata-title=\"LOGOLINK D-DUR \u0161u\u017e\"\n\t\t\t\tdata-description=\"\"\n\t\t\t\tdata-image-slug=\"logolink-d-dur-%c5%a1u%c5%be\"\n\t\t\t\tclass=\"ngg-fancybox\" rel=\"22a34cb77ad072c7d5533d3dfe8fda62\">\n\t\t\t\t<img\n\t\t\t\t\ttitle=\"LOGOLINK D-DUR \u0161u\u017e\"\n\t\t\t\t\talt=\"LOGOLINK D-DUR \u0161u\u017e\"\n\t\t\t\t\tsrc=\"http:\/\/www.zsskolnivr.cz\/wp-content\/gallery\/loga-1\/cache\/LOGOLINK-D-DUR-%C5%A1u%C5%BE.jpg-nggid043253-ngg0dyn-60x40x100-00f0w010c011r110f110r010t010.jpg\"\n\t\t\t\t\twidth=\"60\"\n\t\t\t\t\theight=\"40\"\n\t\t\t\t\tstyle=\"max-width:100%;\"\n\t\t\t\t\/>\n\t\t\t<\/a>\n\t\t<\/div>\n\t\t\t\t\t\t\t<\/div>\n\t\t\t\n\t\t\t\t\t\t\t\n\t\t\t\t<div id=\"ngg-image-14\" class=\"ngg-gallery-thumbnail-box\"\n\t\t\t\t\t\t\t\t\t\t\t>\n\t\t\t\t\t\t<div class=\"ngg-gallery-thumbnail\">\n\t\t\t<a href=\"http:\/\/www.zsskolnivr.cz\/wp-content\/gallery\/loga-1\/eu_flag_co_funded_pos_rgb_right-1.jpg\"\n\t\t\t\ttitle=\"\"\n\t\t\t\tdata-src=\"http:\/\/www.zsskolnivr.cz\/wp-content\/gallery\/loga-1\/eu_flag_co_funded_pos_rgb_right-1.jpg\"\n\t\t\t\tdata-thumbnail=\"http:\/\/www.zsskolnivr.cz\/wp-content\/gallery\/loga-1\/thumbs\/thumbs_eu_flag_co_funded_pos_rgb_right-1.jpg\"\n\t\t\t\tdata-image-id=\"3937\"\n\t\t\t\tdata-title=\"Print\"\n\t\t\t\tdata-description=\"\"\n\t\t\t\tdata-image-slug=\"eu_flag_co_funded_pos_rgb_right-1\"\n\t\t\t\tclass=\"ngg-fancybox\" rel=\"22a34cb77ad072c7d5533d3dfe8fda62\">\n\t\t\t\t<img\n\t\t\t\t\ttitle=\"Print\"\n\t\t\t\t\talt=\"Print\"\n\t\t\t\t\tsrc=\"http:\/\/www.zsskolnivr.cz\/wp-content\/gallery\/loga-1\/cache\/eu_flag_co_funded_pos_rgb_right-1.jpg-nggid043937-ngg0dyn-60x40x100-00f0w010c011r110f110r010t010.jpg\"\n\t\t\t\t\twidth=\"60\"\n\t\t\t\t\theight=\"40\"\n\t\t\t\t\tstyle=\"max-width:100%;\"\n\t\t\t\t\/>\n\t\t\t<\/a>\n\t\t<\/div>\n\t\t\t\t\t\t\t<\/div>\n\t\t\t\n\t\t\t\t\t\t\t\n\t\t\t\t<div id=\"ngg-image-15\" class=\"ngg-gallery-thumbnail-box\"\n\t\t\t\t\t\t\t\t\t\t\t>\n\t\t\t\t\t\t<div class=\"ngg-gallery-thumbnail\">\n\t\t\t<a href=\"http:\/\/www.zsskolnivr.cz\/wp-content\/gallery\/loga-1\/logo-Vrchlabi.jpg\"\n\t\t\t\ttitle=\"\"\n\t\t\t\tdata-src=\"http:\/\/www.zsskolnivr.cz\/wp-content\/gallery\/loga-1\/logo-Vrchlabi.jpg\"\n\t\t\t\tdata-thumbnail=\"http:\/\/www.zsskolnivr.cz\/wp-content\/gallery\/loga-1\/thumbs\/thumbs_logo-Vrchlabi.jpg\"\n\t\t\t\tdata-image-id=\"1694\"\n\t\t\t\tdata-title=\"01 Vrchlabi\"\n\t\t\t\tdata-description=\"\"\n\t\t\t\tdata-image-slug=\"logo-vrchlabi\"\n\t\t\t\tclass=\"ngg-fancybox\" rel=\"22a34cb77ad072c7d5533d3dfe8fda62\">\n\t\t\t\t<img\n\t\t\t\t\ttitle=\"01 Vrchlabi\"\n\t\t\t\t\talt=\"01 Vrchlabi\"\n\t\t\t\t\tsrc=\"http:\/\/www.zsskolnivr.cz\/wp-content\/gallery\/loga-1\/cache\/logo-Vrchlabi.jpg-nggid041694-ngg0dyn-60x40x100-00f0w010c011r110f110r010t010.jpg\"\n\t\t\t\t\twidth=\"60\"\n\t\t\t\t\theight=\"40\"\n\t\t\t\t\tstyle=\"max-width:100%;\"\n\t\t\t\t\/>\n\t\t\t<\/a>\n\t\t<\/div>\n\t\t\t\t\t\t\t<\/div>\n\t\t\t\n\t\t\t\t\t\t\t\t\t<br style=\"clear: both\" \/>\n\t\t\t\t\t\n\t\t\t\t<div id=\"ngg-image-16\" class=\"ngg-gallery-thumbnail-box\"\n\t\t\t\t\t\t\t\t\t\t\t>\n\t\t\t\t\t\t<div class=\"ngg-gallery-thumbnail\">\n\t\t\t<a href=\"http:\/\/www.zsskolnivr.cz\/wp-content\/gallery\/loga-1\/hk_kraj.jpg\"\n\t\t\t\ttitle=\"\"\n\t\t\t\tdata-src=\"http:\/\/www.zsskolnivr.cz\/wp-content\/gallery\/loga-1\/hk_kraj.jpg\"\n\t\t\t\tdata-thumbnail=\"http:\/\/www.zsskolnivr.cz\/wp-content\/gallery\/loga-1\/thumbs\/thumbs_hk_kraj.jpg\"\n\t\t\t\tdata-image-id=\"1061\"\n\t\t\t\tdata-title=\"02 kraj\"\n\t\t\t\tdata-description=\"\"\n\t\t\t\tdata-image-slug=\"hk_kraj\"\n\t\t\t\tclass=\"ngg-fancybox\" rel=\"22a34cb77ad072c7d5533d3dfe8fda62\">\n\t\t\t\t<img\n\t\t\t\t\ttitle=\"02 kraj\"\n\t\t\t\t\talt=\"02 kraj\"\n\t\t\t\t\tsrc=\"http:\/\/www.zsskolnivr.cz\/wp-content\/gallery\/loga-1\/cache\/hk_kraj.jpg-nggid041061-ngg0dyn-60x40x100-00f0w010c011r110f110r010t010.jpg\"\n\t\t\t\t\twidth=\"60\"\n\t\t\t\t\theight=\"40\"\n\t\t\t\t\tstyle=\"max-width:100%;\"\n\t\t\t\t\/>\n\t\t\t<\/a>\n\t\t<\/div>\n\t\t\t\t\t\t\t<\/div>\n\t\t\t\n\t\t\t\t\t\t\t\n\t\t\t\t<div id=\"ngg-image-17\" class=\"ngg-gallery-thumbnail-box\"\n\t\t\t\t\t\t\t\t\t\t\t>\n\t\t\t\t\t\t<div class=\"ngg-gallery-thumbnail\">\n\t\t\t<a href=\"http:\/\/www.zsskolnivr.cz\/wp-content\/gallery\/loga-1\/logo-krnap.jpg\"\n\t\t\t\ttitle=\"\"\n\t\t\t\tdata-src=\"http:\/\/www.zsskolnivr.cz\/wp-content\/gallery\/loga-1\/logo-krnap.jpg\"\n\t\t\t\tdata-thumbnail=\"http:\/\/www.zsskolnivr.cz\/wp-content\/gallery\/loga-1\/thumbs\/thumbs_logo-krnap.jpg\"\n\t\t\t\tdata-image-id=\"1062\"\n\t\t\t\tdata-title=\"04 krnap\"\n\t\t\t\tdata-description=\"\"\n\t\t\t\tdata-image-slug=\"logo-krnap\"\n\t\t\t\tclass=\"ngg-fancybox\" rel=\"22a34cb77ad072c7d5533d3dfe8fda62\">\n\t\t\t\t<img\n\t\t\t\t\ttitle=\"04 krnap\"\n\t\t\t\t\talt=\"04 krnap\"\n\t\t\t\t\tsrc=\"http:\/\/www.zsskolnivr.cz\/wp-content\/gallery\/loga-1\/cache\/logo-krnap.jpg-nggid041062-ngg0dyn-60x40x100-00f0w010c011r110f110r010t010.jpg\"\n\t\t\t\t\twidth=\"60\"\n\t\t\t\t\theight=\"40\"\n\t\t\t\t\tstyle=\"max-width:100%;\"\n\t\t\t\t\/>\n\t\t\t<\/a>\n\t\t<\/div>\n\t\t\t\t\t\t\t<\/div>\n\t\t\t\n\t\t\t\t\t\t\t\n\t\t\t\t<div id=\"ngg-image-18\" class=\"ngg-gallery-thumbnail-box\"\n\t\t\t\t\t\t\t\t\t\t\t>\n\t\t\t\t\t\t<div class=\"ngg-gallery-thumbnail\">\n\t\t\t<a href=\"http:\/\/www.zsskolnivr.cz\/wp-content\/gallery\/loga-1\/skoda.jpg\"\n\t\t\t\ttitle=\"\"\n\t\t\t\tdata-src=\"http:\/\/www.zsskolnivr.cz\/wp-content\/gallery\/loga-1\/skoda.jpg\"\n\t\t\t\tdata-thumbnail=\"http:\/\/www.zsskolnivr.cz\/wp-content\/gallery\/loga-1\/thumbs\/thumbs_skoda.jpg\"\n\t\t\t\tdata-image-id=\"1695\"\n\t\t\t\tdata-title=\"05 skoda\"\n\t\t\t\tdata-description=\"\"\n\t\t\t\tdata-image-slug=\"skoda\"\n\t\t\t\tclass=\"ngg-fancybox\" rel=\"22a34cb77ad072c7d5533d3dfe8fda62\">\n\t\t\t\t<img\n\t\t\t\t\ttitle=\"05 skoda\"\n\t\t\t\t\talt=\"05 skoda\"\n\t\t\t\t\tsrc=\"http:\/\/www.zsskolnivr.cz\/wp-content\/gallery\/loga-1\/cache\/skoda.jpg-nggid041695-ngg0dyn-60x40x100-00f0w010c011r110f110r010t010.jpg\"\n\t\t\t\t\twidth=\"60\"\n\t\t\t\t\theight=\"40\"\n\t\t\t\t\tstyle=\"max-width:100%;\"\n\t\t\t\t\/>\n\t\t\t<\/a>\n\t\t<\/div>\n\t\t\t\t\t\t\t<\/div>\n\t\t\t\n\t\t\t\t\t\t\t\n\t\t\t\t<div id=\"ngg-image-19\" class=\"ngg-gallery-thumbnail-box\"\n\t\t\t\t\t\t\t\t\t\t\t>\n\t\t\t\t\t\t<div class=\"ngg-gallery-thumbnail\">\n\t\t\t<a href=\"http:\/\/www.zsskolnivr.cz\/wp-content\/gallery\/loga-1\/MZP-logo.jpg\"\n\t\t\t\ttitle=\"\"\n\t\t\t\tdata-src=\"http:\/\/www.zsskolnivr.cz\/wp-content\/gallery\/loga-1\/MZP-logo.jpg\"\n\t\t\t\tdata-thumbnail=\"http:\/\/www.zsskolnivr.cz\/wp-content\/gallery\/loga-1\/thumbs\/thumbs_MZP-logo.jpg\"\n\t\t\t\tdata-image-id=\"1621\"\n\t\t\t\tdata-title=\"06 MZP\"\n\t\t\t\tdata-description=\"\"\n\t\t\t\tdata-image-slug=\"mzp-logo\"\n\t\t\t\tclass=\"ngg-fancybox\" rel=\"22a34cb77ad072c7d5533d3dfe8fda62\">\n\t\t\t\t<img\n\t\t\t\t\ttitle=\"06 MZP\"\n\t\t\t\t\talt=\"06 MZP\"\n\t\t\t\t\tsrc=\"http:\/\/www.zsskolnivr.cz\/wp-content\/gallery\/loga-1\/cache\/MZP-logo.jpg-nggid041621-ngg0dyn-60x40x100-00f0w010c011r110f110r010t010.jpg\"\n\t\t\t\t\twidth=\"60\"\n\t\t\t\t\theight=\"40\"\n\t\t\t\t\tstyle=\"max-width:100%;\"\n\t\t\t\t\/>\n\t\t\t<\/a>\n\t\t<\/div>\n\t\t\t\t\t\t\t<\/div>\n\t\t\t\n\t\t\t\t\t\t\t\t\t<br style=\"clear: both\" \/>\n\t\t\t\t\t\n\t\t\n\t\t<!-- Pagination -->\n\t\t<div class='ngg-navigation'><span class='current'>1<\/span>\n<a class='page-numbers' data-pageid='2' href='https:\/\/www.zsskolnivr.cz\/index.php\/nggallery\/page\/2?page_id=370'>2<\/a>\n<a class='prev' href='https:\/\/www.zsskolnivr.cz\/index.php\/nggallery\/page\/2?page_id=370' data-pageid=2>&#9658;<\/a><\/div>\t<\/div>\n<\/p>\n<p>D\u011bkujeme, \u017ee n\u00e1m pom\u00e1h\u00e1te zlep\u0161ovat pr\u00e1ci s \u017e\u00e1ky, \u017ee i d\u00edky v\u00e1m je na\u0161e v\u00fduka pest\u0159ej\u0161\u00ed, kvalitn\u011bj\u0161\u00ed a zaj\u00edmav\u011bj\u0161\u00ed.<\/p>\n<p>Po\u0159ad\u00ed v um\u00edst\u011bn\u00ed nen\u00ed \u00fam\u011brn\u00e9 m\u00ed\u0159e podpory.<\/p>\n","protected":false},"excerpt":{"rendered":"<p>1 2 &#9658; D\u011bkujeme, \u017ee n\u00e1m pom\u00e1h\u00e1te zlep\u0161ovat pr\u00e1ci s \u017e\u00e1ky, \u017ee i d\u00edky v\u00e1m je na\u0161e v\u00fduka pest\u0159ej\u0161\u00ed, kvalitn\u011bj\u0161\u00ed a zaj\u00edmav\u011bj\u0161\u00ed. Po\u0159ad\u00ed v um\u00edst\u011bn\u00ed nen\u00ed \u00fam\u011brn\u00e9 m\u00ed\u0159e podpory.<\/p>\n","protected":false},"author":2,"featured_media":0,"parent":0,"menu_order":0,"comment_status":"closed","ping_status":"closed","template":"","meta":{"ngg_post_thumbnail":0,"footnotes":""},"class_list":["post-370","page","type-page","status-publish","hentry"],"_links":{"self":[{"href":"https:\/\/www.zsskolnivr.cz\/index.php?rest_route=\/wp\/v2\/pages\/370","targetHints":{"allow":["GET"]}}],"collection":[{"href":"https:\/\/www.zsskolnivr.cz\/index.php?rest_route=\/wp\/v2\/pages"}],"about":[{"href":"https:\/\/www.zsskolnivr.cz\/index.php?rest_route=\/wp\/v2\/types\/page"}],"author":[{"embeddable":true,"href":"https:\/\/www.zsskolnivr.cz\/index.php?rest_route=\/wp\/v2\/users\/2"}],"replies":[{"embeddable":true,"href":"https:\/\/www.zsskolnivr.cz\/index.php?rest_route=%2Fwp%2Fv2%2Fcomments&post=370"}],"version-history":[{"count":8,"href":"https:\/\/www.zsskolnivr.cz\/index.php?rest_route=\/wp\/v2\/pages\/370\/revisions"}],"predecessor-version":[{"id":4827,"href":"https:\/\/www.zsskolnivr.cz\/index.php?rest_route=\/wp\/v2\/pages\/370\/revisions\/4827"}],"wp:attachment":[{"href":"https:\/\/www.zsskolnivr.cz\/index.php?rest_route=%2Fwp%2Fv2%2Fmedia&parent=370"}],"curies":[{"name":"wp","href":"https:\/\/api.w.org\/{rel}","templated":true}]}}