{"id":3738,"date":"2016-05-27T06:56:55","date_gmt":"2016-05-27T06:56:55","guid":{"rendered":"http:\/\/www.zsskolnivr.cz\/?page_id=3738"},"modified":"2016-05-27T13:46:40","modified_gmt":"2016-05-27T13:46:40","slug":"virtualni-prohlidka-skoly","status":"publish","type":"page","link":"https:\/\/www.zsskolnivr.cz\/?page_id=3738","title":{"rendered":"Virtu\u00e1ln\u00ed prohl\u00eddka \u0161koly"},"content":{"rendered":"<p><a href=\"https:\/\/www.zsskolnivr.cz\/wp-content\/files\/virtual_prohlidka\/VirtualTour_ZSSkolniVrchlabi.html\">Virtu\u00e1lni_prohl\u00eddka<\/a><\/p>\n","protected":false},"excerpt":{"rendered":"<p>Virtu\u00e1lni_prohl\u00eddka<\/p>\n","protected":false},"author":2,"featured_media":0,"parent":0,"menu_order":0,"comment_status":"closed","ping_status":"closed","template":"","meta":{"ngg_post_thumbnail":0,"footnotes":""},"class_list":["post-3738","page","type-page","status-publish","hentry"],"_links":{"self":[{"href":"https:\/\/www.zsskolnivr.cz\/index.php?rest_route=\/wp\/v2\/pages\/3738","targetHints":{"allow":["GET"]}}],"collection":[{"href":"https:\/\/www.zsskolnivr.cz\/index.php?rest_route=\/wp\/v2\/pages"}],"about":[{"href":"https:\/\/www.zsskolnivr.cz\/index.php?rest_route=\/wp\/v2\/types\/page"}],"author":[{"embeddable":true,"href":"https:\/\/www.zsskolnivr.cz\/index.php?rest_route=\/wp\/v2\/users\/2"}],"replies":[{"embeddable":true,"href":"https:\/\/www.zsskolnivr.cz\/index.php?rest_route=%2Fwp%2Fv2%2Fcomments&post=3738"}],"version-history":[{"count":3,"href":"https:\/\/www.zsskolnivr.cz\/index.php?rest_route=\/wp\/v2\/pages\/3738\/revisions"}],"predecessor-version":[{"id":3743,"href":"https:\/\/www.zsskolnivr.cz\/index.php?rest_route=\/wp\/v2\/pages\/3738\/revisions\/3743"}],"wp:attachment":[{"href":"https:\/\/www.zsskolnivr.cz\/index.php?rest_route=%2Fwp%2Fv2%2Fmedia&parent=3738"}],"curies":[{"name":"wp","href":"https:\/\/api.w.org\/{rel}","templated":true}]}}