{"id":5404,"date":"2017-04-06T06:06:33","date_gmt":"2017-04-06T06:06:33","guid":{"rendered":"http:\/\/www.zsskolnivr.cz\/?page_id=5404"},"modified":"2018-10-09T06:58:20","modified_gmt":"2018-10-09T06:58:20","slug":"op-vvv-sablony-pro-zv","status":"publish","type":"page","link":"https:\/\/www.zsskolnivr.cz\/?page_id=5404","title":{"rendered":"OP VVV \u0161ablony pro ZV"},"content":{"rendered":"<p><span style=\"color: #3366ff;\"><strong>\u0160ablony II<\/strong><\/span><\/p>\n<p><span style=\"color: #3366ff;\"><strong>Projekt: <\/strong><strong>Person\u00e1ln\u00ed podpora &#8211; Z\u0160 Vrchlab\u00ed, \u0160koln\u00ed 1336 <\/strong><strong>CZ.02.3.68\/0.0\/0.0\/18_063\/0009559<br \/>\n<\/strong><strong>V\u00dd\u0160E PODPORY \u2013 1\u00a0947\u00a0977,- K\u010d<br \/>\n<\/strong><\/span><span style=\"color: #3366ff;\"><strong>\u201eTento projekt je spolufinancov\u00e1n EU\u201c.<\/strong><\/span><\/p>\n<p>Podrobnosti k projektu: <span style=\"text-decoration: underline;\"><a href=\"https:\/\/www.zsskolnivr.cz\/wp-content\/files\/projekty\/sablony2.pdf\"><span style=\"color: #0066cc; text-decoration: underline;\">\u0160ablony 2<\/span><\/a><\/span><\/p>\n<p>&nbsp;<\/p>\n<p>Ukon\u010den\u00fd projekt:<br \/>\n<span style=\"color: #3366ff;\"><strong>\u0160ablony I<\/strong><\/span><\/p>\n<p>Zah\u00e1jen\u00ed projektu &#8211; \u0159\u00edjen 2016<br \/>\nUkon\u010den\u00ed projektu &#8211; z\u00e1\u0159\u00ed 2018<\/p>\n<p>Z projektu je financov\u00e1no:<br \/>\n&#8211; dou\u010dov\u00e1n\u00ed \u017e\u00e1k\u016f ohro\u017een\u00fdch \u0161koln\u00edm ne\u00fasp\u011bchem<br \/>\n&#8211; klub z\u00e1bavn\u00e9 logiky pro \u017e\u00e1ky 1. stupn\u011b<br \/>\n&#8211; \u010dten\u00e1\u0159sk\u00fd klub pro \u017e\u00e1ky 1. stupn\u011b<br \/>\n&#8211; pozice \u0161koln\u00edch asistent\u016f<\/p>\n<p>Plak\u00e1t publicity: <span style=\"text-decoration: underline;\"><a href=\"https:\/\/www.zsskolnivr.cz\/wp-content\/files\/projekty\/logoopvvva4.pdf\"><span style=\"color: #0066cc; text-decoration: underline;\">V\u00fdzva 22<\/span><\/a><\/span><\/p>\n","protected":false},"excerpt":{"rendered":"<p>\u0160ablony II Projekt: Person\u00e1ln\u00ed podpora &#8211; Z\u0160 Vrchlab\u00ed, \u0160koln\u00ed 1336 CZ.02.3.68\/0.0\/0.0\/18_063\/0009559 V\u00dd\u0160E PODPORY \u2013 1\u00a0947\u00a0977,- K\u010d \u201eTento projekt je spolufinancov\u00e1n EU\u201c. Podrobnosti k projektu: \u0160ablony 2 &nbsp; Ukon\u010den\u00fd projekt: \u0160ablony I Zah\u00e1jen\u00ed projektu &#8211; \u0159\u00edjen 2016 Ukon\u010den\u00ed projektu &#8211; z\u00e1\u0159\u00ed <a href=\"https:\/\/www.zsskolnivr.cz\/?page_id=5404\" class=\"read-more\">Read More &#8230;<\/a><\/p>\n","protected":false},"author":5,"featured_media":0,"parent":334,"menu_order":0,"comment_status":"closed","ping_status":"closed","template":"","meta":{"ngg_post_thumbnail":0,"footnotes":""},"class_list":["post-5404","page","type-page","status-publish","hentry"],"_links":{"self":[{"href":"https:\/\/www.zsskolnivr.cz\/index.php?rest_route=\/wp\/v2\/pages\/5404","targetHints":{"allow":["GET"]}}],"collection":[{"href":"https:\/\/www.zsskolnivr.cz\/index.php?rest_route=\/wp\/v2\/pages"}],"about":[{"href":"https:\/\/www.zsskolnivr.cz\/index.php?rest_route=\/wp\/v2\/types\/page"}],"author":[{"embeddable":true,"href":"https:\/\/www.zsskolnivr.cz\/index.php?rest_route=\/wp\/v2\/users\/5"}],"replies":[{"embeddable":true,"href":"https:\/\/www.zsskolnivr.cz\/index.php?rest_route=%2Fwp%2Fv2%2Fcomments&post=5404"}],"version-history":[{"count":16,"href":"https:\/\/www.zsskolnivr.cz\/index.php?rest_route=\/wp\/v2\/pages\/5404\/revisions"}],"predecessor-version":[{"id":8165,"href":"https:\/\/www.zsskolnivr.cz\/index.php?rest_route=\/wp\/v2\/pages\/5404\/revisions\/8165"}],"up":[{"embeddable":true,"href":"https:\/\/www.zsskolnivr.cz\/index.php?rest_route=\/wp\/v2\/pages\/334"}],"wp:attachment":[{"href":"https:\/\/www.zsskolnivr.cz\/index.php?rest_route=%2Fwp%2Fv2%2Fmedia&parent=5404"}],"curies":[{"name":"wp","href":"https:\/\/api.w.org\/{rel}","templated":true}]}}