{"id":556,"date":"2020-02-05T06:53:19","date_gmt":"2020-02-05T06:53:19","guid":{"rendered":"http:\/\/www.zsskolnivr.cz\/?page_id=556"},"modified":"2025-11-26T10:18:52","modified_gmt":"2025-11-26T10:18:52","slug":"seznam-zaku-1-trid","status":"publish","type":"page","link":"https:\/\/www.zsskolnivr.cz\/?page_id=556","title":{"rendered":"Seznamy"},"content":{"rendered":"<h2><span style=\"color: #00ff00;\"><strong>Nov\u00fd \u0161koln\u00ed rok 2024\/2025<\/strong><\/span><\/h2>\n<h3><strong><span style=\"color: #ff0000;\"><em>Um\u00edst\u011bn\u00ed t\u0159\u00edd 2024\/2025:<\/em><\/span><\/strong><\/h3>\n<h3><span style=\"color: #ff0000;\"><em><a style=\"color: #ff0000;\" href=\"https:\/\/www.zsskolnivr.cz\/wp-content\/uploads\/2025\/08\/Umisteni-trid-2526.png\" target=\"_blank\" rel=\"noopener noreferrer\">T\u0158\u00cdDY 2024\/2025<\/a><\/em><\/span><\/h3>\n<h3><strong><span style=\"color: #ff0000;\"><em><span style=\"color: #ff0000;\">Seznam pedagogick\u00fdch zam\u011bstnanc\u016f \u0161koly 2024\/2025:<\/span><\/em><\/span><\/strong><\/h3>\n<h3><span style=\"color: #ff0000;\"><em><a style=\"color: #ff0000;\" href=\"https:\/\/www.zsskolnivr.cz\/wp-content\/uploads\/2025\/11\/Vyucujici-2526.pdf\" target=\"_blank\" rel=\"noopener noreferrer\">U\u010cITEL\u00c9<\/a><\/em><\/span><\/h3>\n<p><em>&nbsp;<\/em><\/p>\n\n\n<p><\/p>\n","protected":false},"excerpt":{"rendered":"<p>Nov\u00fd \u0161koln\u00ed rok 2024\/2025 Um\u00edst\u011bn\u00ed t\u0159\u00edd 2024\/2025: T\u0158\u00cdDY 2024\/2025 Seznam pedagogick\u00fdch zam\u011bstnanc\u016f \u0161koly 2024\/2025: U\u010cITEL\u00c9 &nbsp;<\/p>\n","protected":false},"author":2,"featured_media":0,"parent":0,"menu_order":0,"comment_status":"closed","ping_status":"closed","template":"","meta":{"ngg_post_thumbnail":0,"footnotes":""},"class_list":["post-556","page","type-page","status-publish","hentry"],"_links":{"self":[{"href":"https:\/\/www.zsskolnivr.cz\/index.php?rest_route=\/wp\/v2\/pages\/556","targetHints":{"allow":["GET"]}}],"collection":[{"href":"https:\/\/www.zsskolnivr.cz\/index.php?rest_route=\/wp\/v2\/pages"}],"about":[{"href":"https:\/\/www.zsskolnivr.cz\/index.php?rest_route=\/wp\/v2\/types\/page"}],"author":[{"embeddable":true,"href":"https:\/\/www.zsskolnivr.cz\/index.php?rest_route=\/wp\/v2\/users\/2"}],"replies":[{"embeddable":true,"href":"https:\/\/www.zsskolnivr.cz\/index.php?rest_route=%2Fwp%2Fv2%2Fcomments&post=556"}],"version-history":[{"count":85,"href":"https:\/\/www.zsskolnivr.cz\/index.php?rest_route=\/wp\/v2\/pages\/556\/revisions"}],"predecessor-version":[{"id":21448,"href":"https:\/\/www.zsskolnivr.cz\/index.php?rest_route=\/wp\/v2\/pages\/556\/revisions\/21448"}],"wp:attachment":[{"href":"https:\/\/www.zsskolnivr.cz\/index.php?rest_route=%2Fwp%2Fv2%2Fmedia&parent=556"}],"curies":[{"name":"wp","href":"https:\/\/api.w.org\/{rel}","templated":true}]}}