{"id":63,"date":"2015-07-01T07:09:24","date_gmt":"2015-07-01T07:09:24","guid":{"rendered":"http:\/\/www.zsskolnivr.cz\/?page_id=63"},"modified":"2015-07-09T07:10:20","modified_gmt":"2015-07-09T07:10:20","slug":"informatika","status":"publish","type":"page","link":"https:\/\/www.zsskolnivr.cz\/?page_id=63","title":{"rendered":"Informatika"},"content":{"rendered":"<p><a href=\"https:\/\/www.zsskolnivr.cz\/wp-content\/files\/informatika\/VY_32_INOVACE_45_Periferie_PC.pptx\">Perifern\u00ed za\u0159\u00edzen\u00ed<\/a><br \/>\n<a href=\"https:\/\/www.zsskolnivr.cz\/wp-content\/files\/informatika\/VY_32_INOVACE_57_MS_Malovani_I.pptx\">Malov\u00e1n\u00ed I<\/a><br \/>\n<a href=\"https:\/\/www.zsskolnivr.cz\/wp-content\/files\/informatika\/VY_32_INOVACE_58_MS_Malovani_II.pptx\">Malov\u00e1n\u00ed II<\/a><br \/>\n<a href=\"https:\/\/www.zsskolnivr.cz\/wp-content\/files\/informatika\/VY_32_INOVACE_59_Zoner_Callisto4_I.pptx\">Zoner 4 I<\/a><br \/>\n<a href=\"https:\/\/www.zsskolnivr.cz\/wp-content\/files\/informatika\/VY_32_INOVACE_60_Zoner_Callisto4_II.pptx\">Zoner 4 II<\/a><br \/>\n<a href=\"https:\/\/www.zsskolnivr.cz\/wp-content\/files\/informatika\/VY_32_INOVACE_52_MS_Word_ I.pptx\">Word I<\/a><\/p>\n","protected":false},"excerpt":{"rendered":"<p>Perifern\u00ed za\u0159\u00edzen\u00ed Malov\u00e1n\u00ed I Malov\u00e1n\u00ed II Zoner 4 I Zoner 4 II Word I<\/p>\n","protected":false},"author":1,"featured_media":0,"parent":0,"menu_order":0,"comment_status":"closed","ping_status":"closed","template":"","meta":{"ngg_post_thumbnail":0,"footnotes":""},"class_list":["post-63","page","type-page","status-publish","hentry"],"_links":{"self":[{"href":"https:\/\/www.zsskolnivr.cz\/index.php?rest_route=\/wp\/v2\/pages\/63","targetHints":{"allow":["GET"]}}],"collection":[{"href":"https:\/\/www.zsskolnivr.cz\/index.php?rest_route=\/wp\/v2\/pages"}],"about":[{"href":"https:\/\/www.zsskolnivr.cz\/index.php?rest_route=\/wp\/v2\/types\/page"}],"author":[{"embeddable":true,"href":"https:\/\/www.zsskolnivr.cz\/index.php?rest_route=\/wp\/v2\/users\/1"}],"replies":[{"embeddable":true,"href":"https:\/\/www.zsskolnivr.cz\/index.php?rest_route=%2Fwp%2Fv2%2Fcomments&post=63"}],"version-history":[{"count":20,"href":"https:\/\/www.zsskolnivr.cz\/index.php?rest_route=\/wp\/v2\/pages\/63\/revisions"}],"predecessor-version":[{"id":324,"href":"https:\/\/www.zsskolnivr.cz\/index.php?rest_route=\/wp\/v2\/pages\/63\/revisions\/324"}],"wp:attachment":[{"href":"https:\/\/www.zsskolnivr.cz\/index.php?rest_route=%2Fwp%2Fv2%2Fmedia&parent=63"}],"curies":[{"name":"wp","href":"https:\/\/api.w.org\/{rel}","templated":true}]}}