{"id":648,"date":"2015-09-29T09:21:42","date_gmt":"2015-09-29T09:21:42","guid":{"rendered":"http:\/\/www.zsskolnivr.cz\/?page_id=648"},"modified":"2016-01-19T07:45:51","modified_gmt":"2016-01-19T07:45:51","slug":"skutecne-zdrava-skola","status":"publish","type":"page","link":"https:\/\/www.zsskolnivr.cz\/?page_id=648","title":{"rendered":"Skute\u010dn\u011b zdrav\u00e1 \u0161kola"},"content":{"rendered":"<p><strong>Z\u0160 \u0160koln\u00ed Vrchlab\u00ed &#8211; dr\u017eitel bronzov\u00e9ho certifik\u00e1tu SZ\u0160<\/strong><\/p>\n<p><a href=\"https:\/\/www.zsskolnivr.cz\/wp-content\/uploads\/2015\/09\/image002.jpg\"><img loading=\"lazy\" decoding=\"async\" class=\"alignnone wp-image-650\" src=\"https:\/\/www.zsskolnivr.cz\/wp-content\/uploads\/2015\/09\/image002-300x168.jpg\" alt=\"image002\" width=\"241\" height=\"135\" srcset=\"https:\/\/www.zsskolnivr.cz\/wp-content\/uploads\/2015\/09\/image002-300x168.jpg 300w, https:\/\/www.zsskolnivr.cz\/wp-content\/uploads\/2015\/09\/image002.jpg 382w\" sizes=\"auto, (max-width: 241px) 100vw, 241px\" \/><\/a><img loading=\"lazy\" decoding=\"async\" class=\"alignnone wp-image-720\" src=\"https:\/\/www.zsskolnivr.cz\/wp-content\/uploads\/2015\/10\/LENOVO-25-WIN_20151026_122824-300x169.jpg\" alt=\"LENOVO-25 - WIN_20151026_122824\" width=\"230\" height=\"129\" srcset=\"https:\/\/www.zsskolnivr.cz\/wp-content\/uploads\/2015\/10\/LENOVO-25-WIN_20151026_122824-300x169.jpg 300w, https:\/\/www.zsskolnivr.cz\/wp-content\/uploads\/2015\/10\/LENOVO-25-WIN_20151026_122824.jpg 896w\" sizes=\"auto, (max-width: 230px) 100vw, 230px\" \/><\/p>\n<p><strong>Skute\u010dn\u011b zdrav\u00e1 \u0161kola je komplexn\u00ed program zdrav\u00e9ho \u0161koln\u00edho stravov\u00e1n\u00ed<\/strong>. Sna\u017e\u00ed se, aby si d\u011bti j\u00eddla v\u00e1\u017eily, dok\u00e1zaly si jej vychutnat a v\u011bd\u011bly, odkud j\u00eddlo poch\u00e1z\u00ed a jak vznik\u00e1. Skute\u010dn\u011b zdrav\u00e1 \u0161kola pom\u00e1h\u00e1 d\u011btem v rozvoji dovednost\u00ed a n\u00e1vyk\u016f, kter\u00e9 budou pot\u0159ebovat ke zdrav\u00e9mu a \u00fasp\u011b\u0161n\u00e9mu \u017eivotu.<\/p>\n<p><strong>Program Skute\u010dn\u011b zdrav\u00e1 \u0161kola pom\u00e1h\u00e1 vytv\u00e1\u0159et ve \u0161kol\u00e1ch a \u0161koln\u00edch j\u00eddeln\u00e1ch kulturu zdrav\u00e9ho stravov\u00e1n\u00ed<\/strong>. Sna\u017e\u00ed se, aby \u0161koln\u00ed j\u00eddelny nab\u00edzely zdrav\u00e9 a chutn\u00e9 pokrmy p\u0159ipraven\u00e9 z \u010derstv\u00fdch a sez\u00f3nn\u00edch produkt\u016f, kter\u00e9 nakoupily od m\u00edstn\u00edch zem\u011bd\u011blc\u016f nebo potravin\u00e1\u0159\u016f. <strong>Chce, aby d\u011bti nejen zdrav\u011b jedly, ale aby o zdrav\u00e9 v\u00fd\u017eiv\u011b tak\u00e9 v\u011bd\u011bly v\u0161e, co je d\u016fle\u017eit\u00e9.<\/strong> Skute\u010dn\u011b zdrav\u00e1 \u0161kola nastavuje protiklad trendu \u201efast food = rychl\u00e9ho j\u00eddla\u201c, kter\u00fd nebuduje \u017e\u00e1dn\u00fd vztah k j\u00eddlu a nut\u00ed k akceptov\u00e1n\u00ed nekvalitn\u00edch a nutri\u010dn\u011b nevyv\u00e1\u017een\u00fdch potravin, nevhodn\u00fdch pro zdrav\u00ed d\u011bt\u00ed i dosp\u011bl\u00fdch.<\/p>\n<p><strong>Na\u0161e vize:<\/strong><\/p>\n<p>Skute\u010dn\u011b zdrav\u00e9 \u0161koly nab\u00edzej\u00ed d\u011btem j\u00eddlo, kter\u00e9 je chutn\u00e9 a zdrav\u00e9. Pom\u00e1haj\u00ed d\u011btem tak\u00e9 z\u00edskat p\u0159edstavu o tom, odkud j\u00eddlo poch\u00e1z\u00ed a jak se p\u011bstuje nebo vyr\u00e1b\u00ed. Umo\u017e\u0148uj\u00ed sv\u00fdm \u017e\u00e1k\u016fm porozum\u011bt vztah\u016fm mezi j\u00eddlem, kter\u00e9 j\u00ed, a sv\u011btem, ve kter\u00e9m \u017eij\u00ed. D\u011bti si ze \u0161koly odn\u00e1\u0161ej\u00ed z\u00e1klady zdrav\u00fdch stravovac\u00edch n\u00e1vyk\u016f a d\u016fle\u017eit\u00e9 informace, d\u00edky kter\u00fdm si v \u017eivot\u011b dok\u00e1\u017eou vybrat zdrav\u00e9 a kvalitn\u00ed potraviny.<\/p>\n<p>Hlavn\u00ed str\u00e1nky programu: <strong><a href=\"http:\/\/www.skutecnezdravaskola.cz\/\"><u>http:\/\/www.skutecnezdravaskola.cz\/<\/u><\/a>\u00a0<\/strong><strong><br \/>\n<\/strong><\/p>\n<p><strong>FOTOGALERIE ZDE<\/strong><\/p>\n<p><a href=\"http:\/\/profesordv.rajce.idnes.cz\/Skutecne_zdrava_skola\/\"><u>http:\/\/profesordv.rajce.idnes.cz\/Skutecne_zdrava_skola\/<\/u><\/a><\/p>\n<p><em><strong>Zdrav\u00fd j\u00eddeln\u00ed\u010dek s fotografiemi a slo\u017een\u00edm naleznete na horn\u00ed li\u0161t\u011b, v z\u00e1hlav\u00ed \u00favodn\u00ed str\u00e1nky \u0161koly, v sekci j\u00eddelna.<\/strong><\/em><\/p>\n<p><a class=\"albumName\" href=\"http:\/\/profesordv.rajce.idnes.cz\/Beseda_s_Margit_o_zdrave_vyzive\/\"><u><span style=\"color: #0066cc;\">Beseda s Margit o zdrav\u00e9 v\u00fd\u017eiv\u011b<\/span><\/u><\/a><\/p>\n<div><\/div>\n<div class=\"desc limitedHeight\">\n<div class=\"limitedHeight-\">2.6.2015 prob\u011bhla v prostor\u00e1ch \u0161koln\u00ed j\u00eddelny velmi zaj\u00edmav\u00e1 beseda s v\u00fd\u017eivovou poradkyn\u00ed Margit Slim\u00e1kovou. Rodi\u010de i \u0161ir\u0161\u00ed ve\u0159ejnost se dozv\u011bd\u011bli nov\u00e9 trendy v oblasti stravov\u00e1n\u00ed a \u00faskal\u00ed s t\u00edm spojen\u00e1, z\u00edskali informace o vlivu v\u00fd\u017eivy na zdrav\u00ed d\u011bt\u00ed i na jejich chov\u00e1n\u00ed a \u0161koln\u00ed v\u00fdkonnost. Diskutovalo se i o spot\u0159ebn\u00edm ko\u0161i, bio potravin\u00e1ch, GMO potravin\u00e1ch, o potravin\u00e1\u0159sk\u00fdch aditivech, tzv. \u00c9\u010dk\u00e1ch, o \u0161patn\u00e9m vlivu cukru na lidsk\u00e9 zdrav\u00ed. Poslucha\u010di odch\u00e1zeli dom\u016f s informac\u00ed, \u017ee nejlep\u0161\u00ed je va\u0159it ze z\u00e1kladn\u00edch surovin a co nejv\u00edce omezovat polotovary a r\u016fzn\u00e9 potravinov\u00e9 koncentr\u00e1ty.<\/div>\n<div class=\"limitedHeight-\"><\/div>\n<\/div>\n<p><a href=\"http:\/\/www.skutecnezdravaskola.cz\/\">Celost\u00e1tn\u00ed str\u00e1nky projektu<\/a><\/p>\n<p>&nbsp;<\/p>\n","protected":false},"excerpt":{"rendered":"<p>Z\u0160 \u0160koln\u00ed Vrchlab\u00ed &#8211; dr\u017eitel bronzov\u00e9ho certifik\u00e1tu SZ\u0160 Skute\u010dn\u011b zdrav\u00e1 \u0161kola je komplexn\u00ed program zdrav\u00e9ho \u0161koln\u00edho stravov\u00e1n\u00ed. Sna\u017e\u00ed se, aby si d\u011bti j\u00eddla v\u00e1\u017eily, dok\u00e1zaly si jej vychutnat a v\u011bd\u011bly, odkud j\u00eddlo poch\u00e1z\u00ed a jak vznik\u00e1. Skute\u010dn\u011b zdrav\u00e1 \u0161kola pom\u00e1h\u00e1 <a href=\"https:\/\/www.zsskolnivr.cz\/?page_id=648\" class=\"read-more\">Read More &#8230;<\/a><\/p>\n","protected":false},"author":3,"featured_media":0,"parent":0,"menu_order":0,"comment_status":"closed","ping_status":"closed","template":"","meta":{"ngg_post_thumbnail":0,"footnotes":""},"class_list":["post-648","page","type-page","status-publish","hentry"],"_links":{"self":[{"href":"https:\/\/www.zsskolnivr.cz\/index.php?rest_route=\/wp\/v2\/pages\/648","targetHints":{"allow":["GET"]}}],"collection":[{"href":"https:\/\/www.zsskolnivr.cz\/index.php?rest_route=\/wp\/v2\/pages"}],"about":[{"href":"https:\/\/www.zsskolnivr.cz\/index.php?rest_route=\/wp\/v2\/types\/page"}],"author":[{"embeddable":true,"href":"https:\/\/www.zsskolnivr.cz\/index.php?rest_route=\/wp\/v2\/users\/3"}],"replies":[{"embeddable":true,"href":"https:\/\/www.zsskolnivr.cz\/index.php?rest_route=%2Fwp%2Fv2%2Fcomments&post=648"}],"version-history":[{"count":11,"href":"https:\/\/www.zsskolnivr.cz\/index.php?rest_route=\/wp\/v2\/pages\/648\/revisions"}],"predecessor-version":[{"id":2078,"href":"https:\/\/www.zsskolnivr.cz\/index.php?rest_route=\/wp\/v2\/pages\/648\/revisions\/2078"}],"wp:attachment":[{"href":"https:\/\/www.zsskolnivr.cz\/index.php?rest_route=%2Fwp%2Fv2%2Fmedia&parent=648"}],"curies":[{"name":"wp","href":"https:\/\/api.w.org\/{rel}","templated":true}]}}