{"id":6488,"date":"2017-10-12T04:46:19","date_gmt":"2017-10-12T04:46:19","guid":{"rendered":"http:\/\/www.zsskolnivr.cz\/?page_id=6488"},"modified":"2026-01-12T15:15:51","modified_gmt":"2026-01-12T15:15:51","slug":"meteostanice-on-line","status":"publish","type":"page","link":"https:\/\/www.zsskolnivr.cz\/?page_id=6488","title":{"rendered":"Meteostanice on-line"},"content":{"rendered":"<p><iframe loading=\"lazy\" id=\"iframe\" style=\"width: 1280px; height: 150px;\" src=\"\/\/api.meteo-pocasi.cz\/banner\/?template=6&amp;id=1043&amp;bid=714&amp;ver=3&amp;content=9919&amp;name=Ekoare%C3%A1l%20Li%C5%A1ka%20Vrchlab%C3%AD&amp;code=8e7abdd88d18430d0294e55f1a11a43ec79b17ed\" width=\"300\" height=\"150\" frameborder=\"0\" scrolling=\"no\"><\/iframe><\/p>\n<p align=\"center\"><a href=\"http:\/\/www.meteo-pocasi.cz\/maps\/cz\/kralovehradecky\/1043-meteostanice-vrchlabi\/\">V\u00edce o po\u010das\u00ed<\/a><\/p>\n<p>Stanice <strong>Vrchlab\u00ed 495 m.n.m<\/strong>, sou\u010d\u00e1st \u0161koln\u00ed zahrady na Li\u0161\u010d\u00edm kopci.<\/p>\n<p><img loading=\"lazy\" decoding=\"async\" id=\"shTopImg\" title=\"Kliknut\u00edm zav\u0159\u00edt\" src=\"https:\/\/www.zsskolnivr.cz\/wp-content\/gallery\/ekoareal-1\/meteost.1.JPG?i=1440062081\" width=\"737\" height=\"553\" \/><\/p>\n<p><img loading=\"lazy\" decoding=\"async\" id=\"shTopImg\" title=\"Kliknut\u00edm zav\u0159\u00edt\" src=\"https:\/\/www.zsskolnivr.cz\/wp-content\/gallery\/ekoareal-1\/meteost.2.JPG?i=1167849391\" width=\"737\" height=\"553\" \/><\/p>\n<p><a href=\"http:\/\/85.207.218.162\/\">http:\/\/85.207.218.162\/<\/a><\/p>\n<p><strong>Realizov\u00e1no za finan\u010dn\u00ed podpory M\u011bsta Vrchlab\u00ed, jako sou\u010d\u00e1st projektu &#8211; P\u0159\u00edrodov\u011bdn\u00fd krou\u017eek, v provozu od \u0159\u00edjna 2017.<br \/>\n<\/strong><\/p>\n<p><img loading=\"lazy\" decoding=\"async\" id=\"shTopImg\" class=\"\" title=\"Kliknut\u00edm zav\u0159\u00edt\" src=\"https:\/\/www.zsskolnivr.cz\/wp-content\/gallery\/loga-1\/logo-Vrchlabi.jpg?i=1836344940\" width=\"120\" height=\"157\" \/> \u00a0\u00a0\u00a0\u00a0\u00a0\u00a0 <img loading=\"lazy\" decoding=\"async\" id=\"shTopImg\" class=\"\" title=\"Kliknut\u00edm zav\u0159\u00edt\" src=\"https:\/\/www.zsskolnivr.cz\/wp-content\/gallery\/loga-1\/liska.jpg?i=472270246\" width=\"159\" height=\"121\" \/><\/p>\n<p>&nbsp;<\/p>\n\n\n<p>Odkazy:<\/p>\n\n\n\n<p><a href=\"https:\/\/www.zsskolnivr.cz\/wp-content\/uploads\/2025\/02\/pocasi_2024-2.pdf\" data-type=\"link\" data-id=\"https:\/\/www.zsskolnivr.cz\/wp-content\/uploads\/2025\/01\/pocasi_2024-1.pdf\">Po\u010das\u00ed 2024<\/a><\/p>\n\n\n\n<p><a href=\"https:\/\/www.zsskolnivr.cz\/wp-content\/uploads\/2025\/11\/pocasi_2025_11.pdf\">Po\u010das\u00ed 2025<\/a><\/p>\n\n\n\n<p><a href=\"https:\/\/www.zsskolnivr.cz\/wp-content\/uploads\/2026\/01\/komentovane_pocasi-2.pdf\">Komenty 2025<\/a><\/p>\n\n\n\n<p>Po\u010das\u00ed 2004<a href=\"https:\/\/www.zsskolnivr.cz\/wp-content\/uploads\/2025\/10\/pocasi_2004.pdf\">https:\/\/www.zsskolnivr.cz\/wp-content\/uploads\/2025\/10\/pocasi_2004.pdf<\/a><\/p>\n\n\n\n<p><a href=\"https:\/\/www.zsskolnivr.cz\/wp-content\/uploads\/2025\/10\/pocasi_2008.pdf\">Po\u010das\u00ed 2008<\/a><\/p>\n\n\n\n<p><\/p>\n","protected":false},"excerpt":{"rendered":"<p>V\u00edce o po\u010das\u00ed Stanice Vrchlab\u00ed 495 m.n.m, sou\u010d\u00e1st \u0161koln\u00ed zahrady na Li\u0161\u010d\u00edm kopci. http:\/\/85.207.218.162\/ Realizov\u00e1no za finan\u010dn\u00ed podpory M\u011bsta Vrchlab\u00ed, jako sou\u010d\u00e1st projektu &#8211; P\u0159\u00edrodov\u011bdn\u00fd krou\u017eek, v provozu od \u0159\u00edjna 2017. \u00a0\u00a0\u00a0\u00a0\u00a0\u00a0 &nbsp; Odkazy: Po\u010das\u00ed 2024 Po\u010das\u00ed 2025 Komenty 2025 <a href=\"https:\/\/www.zsskolnivr.cz\/?page_id=6488\" class=\"read-more\">Read More &#8230;<\/a><\/p>\n","protected":false},"author":2,"featured_media":0,"parent":0,"menu_order":0,"comment_status":"closed","ping_status":"closed","template":"","meta":{"ngg_post_thumbnail":0,"footnotes":""},"class_list":["post-6488","page","type-page","status-publish","hentry"],"_links":{"self":[{"href":"https:\/\/www.zsskolnivr.cz\/index.php?rest_route=\/wp\/v2\/pages\/6488","targetHints":{"allow":["GET"]}}],"collection":[{"href":"https:\/\/www.zsskolnivr.cz\/index.php?rest_route=\/wp\/v2\/pages"}],"about":[{"href":"https:\/\/www.zsskolnivr.cz\/index.php?rest_route=\/wp\/v2\/types\/page"}],"author":[{"embeddable":true,"href":"https:\/\/www.zsskolnivr.cz\/index.php?rest_route=\/wp\/v2\/users\/2"}],"replies":[{"embeddable":true,"href":"https:\/\/www.zsskolnivr.cz\/index.php?rest_route=%2Fwp%2Fv2%2Fcomments&post=6488"}],"version-history":[{"count":23,"href":"https:\/\/www.zsskolnivr.cz\/index.php?rest_route=\/wp\/v2\/pages\/6488\/revisions"}],"predecessor-version":[{"id":21475,"href":"https:\/\/www.zsskolnivr.cz\/index.php?rest_route=\/wp\/v2\/pages\/6488\/revisions\/21475"}],"wp:attachment":[{"href":"https:\/\/www.zsskolnivr.cz\/index.php?rest_route=%2Fwp%2Fv2%2Fmedia&parent=6488"}],"curies":[{"name":"wp","href":"https:\/\/api.w.org\/{rel}","templated":true}]}}