{"id":7514,"date":"2018-04-17T10:16:56","date_gmt":"2018-04-17T10:16:56","guid":{"rendered":"http:\/\/www.zsskolnivr.cz\/?page_id=7514"},"modified":"2018-04-23T04:42:01","modified_gmt":"2018-04-23T04:42:01","slug":"bodlinka-na-liscim-kopci","status":"publish","type":"page","link":"https:\/\/www.zsskolnivr.cz\/?page_id=7514","title":{"rendered":"Bodlinka na Li\u0161\u010d\u00edm kopci"},"content":{"rendered":"<p><!-- index.php -->\n<div\n\tclass=\"ngg-galleryoverview\n\t\t\"\n\tid=\"ngg-gallery-82f130a49bfceb763ba46d170d625697-1\">\n\n\t\t\t<!-- Thumbnails -->\n\t\t\t\t<div id=\"ngg-image-0\" class=\"ngg-gallery-thumbnail-box\"\n\t\t\t\t\t\t\t\t\t\t\t>\n\t\t\t\t\t\t<div class=\"ngg-gallery-thumbnail\">\n\t\t\t<a href=\"http:\/\/www.zsskolnivr.cz\/wp-content\/gallery\/bodlinka\/P1050078.JPG\"\n\t\t\t\ttitle=\"\"\n\t\t\t\tdata-src=\"http:\/\/www.zsskolnivr.cz\/wp-content\/gallery\/bodlinka\/P1050078.JPG\"\n\t\t\t\tdata-thumbnail=\"http:\/\/www.zsskolnivr.cz\/wp-content\/gallery\/bodlinka\/thumbs\/thumbs_P1050078.JPG\"\n\t\t\t\tdata-image-id=\"2478\"\n\t\t\t\tdata-title=\"OLYMPUS DIGITAL CAMERA\"\n\t\t\t\tdata-description=\"\"\n\t\t\t\tdata-image-slug=\"p1050078\"\n\t\t\t\tclass=\"ngg-fancybox\" rel=\"82f130a49bfceb763ba46d170d625697\">\n\t\t\t\t<img\n\t\t\t\t\ttitle=\"OLYMPUS DIGITAL CAMERA\"\n\t\t\t\t\talt=\"OLYMPUS DIGITAL CAMERA\"\n\t\t\t\t\tsrc=\"http:\/\/www.zsskolnivr.cz\/wp-content\/gallery\/bodlinka\/cache\/P1050078.JPG-nggid042478-ngg0dyn-60x40x100-00f0w010c011r110f110r010t010.JPG\"\n\t\t\t\t\twidth=\"60\"\n\t\t\t\t\theight=\"40\"\n\t\t\t\t\tstyle=\"max-width:100%;\"\n\t\t\t\t\/>\n\t\t\t<\/a>\n\t\t<\/div>\n\t\t\t\t\t\t\t<\/div>\n\t\t\t\n\t\t\t\t\t\t\t\n\t\t\t\t<div id=\"ngg-image-1\" class=\"ngg-gallery-thumbnail-box\"\n\t\t\t\t\t\t\t\t\t\t\t>\n\t\t\t\t\t\t<div class=\"ngg-gallery-thumbnail\">\n\t\t\t<a href=\"http:\/\/www.zsskolnivr.cz\/wp-content\/gallery\/bodlinka\/P1050080.JPG\"\n\t\t\t\ttitle=\"\"\n\t\t\t\tdata-src=\"http:\/\/www.zsskolnivr.cz\/wp-content\/gallery\/bodlinka\/P1050080.JPG\"\n\t\t\t\tdata-thumbnail=\"http:\/\/www.zsskolnivr.cz\/wp-content\/gallery\/bodlinka\/thumbs\/thumbs_P1050080.JPG\"\n\t\t\t\tdata-image-id=\"2479\"\n\t\t\t\tdata-title=\"OLYMPUS DIGITAL CAMERA\"\n\t\t\t\tdata-description=\"\"\n\t\t\t\tdata-image-slug=\"p1050080\"\n\t\t\t\tclass=\"ngg-fancybox\" rel=\"82f130a49bfceb763ba46d170d625697\">\n\t\t\t\t<img\n\t\t\t\t\ttitle=\"OLYMPUS DIGITAL CAMERA\"\n\t\t\t\t\talt=\"OLYMPUS DIGITAL CAMERA\"\n\t\t\t\t\tsrc=\"http:\/\/www.zsskolnivr.cz\/wp-content\/gallery\/bodlinka\/cache\/P1050080.JPG-nggid042479-ngg0dyn-60x40x100-00f0w010c011r110f110r010t010.JPG\"\n\t\t\t\t\twidth=\"60\"\n\t\t\t\t\theight=\"40\"\n\t\t\t\t\tstyle=\"max-width:100%;\"\n\t\t\t\t\/>\n\t\t\t<\/a>\n\t\t<\/div>\n\t\t\t\t\t\t\t<\/div>\n\t\t\t\n\t\t\t\t\t\t\t\n\t\t\t\t<div id=\"ngg-image-2\" class=\"ngg-gallery-thumbnail-box\"\n\t\t\t\t\t\t\t\t\t\t\t>\n\t\t\t\t\t\t<div class=\"ngg-gallery-thumbnail\">\n\t\t\t<a href=\"http:\/\/www.zsskolnivr.cz\/wp-content\/gallery\/bodlinka\/P1050081.JPG\"\n\t\t\t\ttitle=\"\"\n\t\t\t\tdata-src=\"http:\/\/www.zsskolnivr.cz\/wp-content\/gallery\/bodlinka\/P1050081.JPG\"\n\t\t\t\tdata-thumbnail=\"http:\/\/www.zsskolnivr.cz\/wp-content\/gallery\/bodlinka\/thumbs\/thumbs_P1050081.JPG\"\n\t\t\t\tdata-image-id=\"2480\"\n\t\t\t\tdata-title=\"OLYMPUS DIGITAL CAMERA\"\n\t\t\t\tdata-description=\"\"\n\t\t\t\tdata-image-slug=\"p1050081\"\n\t\t\t\tclass=\"ngg-fancybox\" rel=\"82f130a49bfceb763ba46d170d625697\">\n\t\t\t\t<img\n\t\t\t\t\ttitle=\"OLYMPUS DIGITAL CAMERA\"\n\t\t\t\t\talt=\"OLYMPUS DIGITAL CAMERA\"\n\t\t\t\t\tsrc=\"http:\/\/www.zsskolnivr.cz\/wp-content\/gallery\/bodlinka\/cache\/P1050081.JPG-nggid042480-ngg0dyn-60x40x100-00f0w010c011r110f110r010t010.JPG\"\n\t\t\t\t\twidth=\"60\"\n\t\t\t\t\theight=\"40\"\n\t\t\t\t\tstyle=\"max-width:100%;\"\n\t\t\t\t\/>\n\t\t\t<\/a>\n\t\t<\/div>\n\t\t\t\t\t\t\t<\/div>\n\t\t\t\n\t\t\t\t\t\t\t\n\t\t\t\t<div id=\"ngg-image-3\" class=\"ngg-gallery-thumbnail-box\"\n\t\t\t\t\t\t\t\t\t\t\t>\n\t\t\t\t\t\t<div class=\"ngg-gallery-thumbnail\">\n\t\t\t<a href=\"http:\/\/www.zsskolnivr.cz\/wp-content\/gallery\/bodlinka\/P1050082.JPG\"\n\t\t\t\ttitle=\"\"\n\t\t\t\tdata-src=\"http:\/\/www.zsskolnivr.cz\/wp-content\/gallery\/bodlinka\/P1050082.JPG\"\n\t\t\t\tdata-thumbnail=\"http:\/\/www.zsskolnivr.cz\/wp-content\/gallery\/bodlinka\/thumbs\/thumbs_P1050082.JPG\"\n\t\t\t\tdata-image-id=\"2481\"\n\t\t\t\tdata-title=\"OLYMPUS DIGITAL CAMERA\"\n\t\t\t\tdata-description=\"\"\n\t\t\t\tdata-image-slug=\"p1050082\"\n\t\t\t\tclass=\"ngg-fancybox\" rel=\"82f130a49bfceb763ba46d170d625697\">\n\t\t\t\t<img\n\t\t\t\t\ttitle=\"OLYMPUS DIGITAL CAMERA\"\n\t\t\t\t\talt=\"OLYMPUS DIGITAL CAMERA\"\n\t\t\t\t\tsrc=\"http:\/\/www.zsskolnivr.cz\/wp-content\/gallery\/bodlinka\/cache\/P1050082.JPG-nggid042481-ngg0dyn-60x40x100-00f0w010c011r110f110r010t010.JPG\"\n\t\t\t\t\twidth=\"60\"\n\t\t\t\t\theight=\"40\"\n\t\t\t\t\tstyle=\"max-width:100%;\"\n\t\t\t\t\/>\n\t\t\t<\/a>\n\t\t<\/div>\n\t\t\t\t\t\t\t<\/div>\n\t\t\t\n\t\t\t\t\t\t\t\t\t<br style=\"clear: both\" \/>\n\t\t\t\t\t\n\t\t\t\t<div id=\"ngg-image-4\" class=\"ngg-gallery-thumbnail-box\"\n\t\t\t\t\t\t\t\t\t\t\t>\n\t\t\t\t\t\t<div class=\"ngg-gallery-thumbnail\">\n\t\t\t<a href=\"http:\/\/www.zsskolnivr.cz\/wp-content\/gallery\/bodlinka\/P1050083.JPG\"\n\t\t\t\ttitle=\"\"\n\t\t\t\tdata-src=\"http:\/\/www.zsskolnivr.cz\/wp-content\/gallery\/bodlinka\/P1050083.JPG\"\n\t\t\t\tdata-thumbnail=\"http:\/\/www.zsskolnivr.cz\/wp-content\/gallery\/bodlinka\/thumbs\/thumbs_P1050083.JPG\"\n\t\t\t\tdata-image-id=\"2482\"\n\t\t\t\tdata-title=\"OLYMPUS DIGITAL CAMERA\"\n\t\t\t\tdata-description=\"\"\n\t\t\t\tdata-image-slug=\"p1050083\"\n\t\t\t\tclass=\"ngg-fancybox\" rel=\"82f130a49bfceb763ba46d170d625697\">\n\t\t\t\t<img\n\t\t\t\t\ttitle=\"OLYMPUS DIGITAL CAMERA\"\n\t\t\t\t\talt=\"OLYMPUS DIGITAL CAMERA\"\n\t\t\t\t\tsrc=\"http:\/\/www.zsskolnivr.cz\/wp-content\/gallery\/bodlinka\/cache\/P1050083.JPG-nggid042482-ngg0dyn-60x40x100-00f0w010c011r110f110r010t010.JPG\"\n\t\t\t\t\twidth=\"60\"\n\t\t\t\t\theight=\"40\"\n\t\t\t\t\tstyle=\"max-width:100%;\"\n\t\t\t\t\/>\n\t\t\t<\/a>\n\t\t<\/div>\n\t\t\t\t\t\t\t<\/div>\n\t\t\t\n\t\t\t\t\t\t\t\n\t\t\t\t<div id=\"ngg-image-5\" class=\"ngg-gallery-thumbnail-box\"\n\t\t\t\t\t\t\t\t\t\t\t>\n\t\t\t\t\t\t<div class=\"ngg-gallery-thumbnail\">\n\t\t\t<a href=\"http:\/\/www.zsskolnivr.cz\/wp-content\/gallery\/bodlinka\/P4060084.JPG\"\n\t\t\t\ttitle=\"\"\n\t\t\t\tdata-src=\"http:\/\/www.zsskolnivr.cz\/wp-content\/gallery\/bodlinka\/P4060084.JPG\"\n\t\t\t\tdata-thumbnail=\"http:\/\/www.zsskolnivr.cz\/wp-content\/gallery\/bodlinka\/thumbs\/thumbs_P4060084.JPG\"\n\t\t\t\tdata-image-id=\"2483\"\n\t\t\t\tdata-title=\"OLYMPUS DIGITAL CAMERA\"\n\t\t\t\tdata-description=\"\"\n\t\t\t\tdata-image-slug=\"p4060084\"\n\t\t\t\tclass=\"ngg-fancybox\" rel=\"82f130a49bfceb763ba46d170d625697\">\n\t\t\t\t<img\n\t\t\t\t\ttitle=\"OLYMPUS DIGITAL CAMERA\"\n\t\t\t\t\talt=\"OLYMPUS DIGITAL CAMERA\"\n\t\t\t\t\tsrc=\"http:\/\/www.zsskolnivr.cz\/wp-content\/gallery\/bodlinka\/cache\/P4060084.JPG-nggid042483-ngg0dyn-60x40x100-00f0w010c011r110f110r010t010.JPG\"\n\t\t\t\t\twidth=\"60\"\n\t\t\t\t\theight=\"40\"\n\t\t\t\t\tstyle=\"max-width:100%;\"\n\t\t\t\t\/>\n\t\t\t<\/a>\n\t\t<\/div>\n\t\t\t\t\t\t\t<\/div>\n\t\t\t\n\t\t\t\t\t\t\t\n\t\t\t\t<div id=\"ngg-image-6\" class=\"ngg-gallery-thumbnail-box\"\n\t\t\t\t\t\t\t\t\t\t\t>\n\t\t\t\t\t\t<div class=\"ngg-gallery-thumbnail\">\n\t\t\t<a href=\"http:\/\/www.zsskolnivr.cz\/wp-content\/gallery\/bodlinka\/P4060085.JPG\"\n\t\t\t\ttitle=\"\"\n\t\t\t\tdata-src=\"http:\/\/www.zsskolnivr.cz\/wp-content\/gallery\/bodlinka\/P4060085.JPG\"\n\t\t\t\tdata-thumbnail=\"http:\/\/www.zsskolnivr.cz\/wp-content\/gallery\/bodlinka\/thumbs\/thumbs_P4060085.JPG\"\n\t\t\t\tdata-image-id=\"2484\"\n\t\t\t\tdata-title=\"OLYMPUS DIGITAL CAMERA\"\n\t\t\t\tdata-description=\"\"\n\t\t\t\tdata-image-slug=\"p4060085\"\n\t\t\t\tclass=\"ngg-fancybox\" rel=\"82f130a49bfceb763ba46d170d625697\">\n\t\t\t\t<img\n\t\t\t\t\ttitle=\"OLYMPUS DIGITAL CAMERA\"\n\t\t\t\t\talt=\"OLYMPUS DIGITAL CAMERA\"\n\t\t\t\t\tsrc=\"http:\/\/www.zsskolnivr.cz\/wp-content\/gallery\/bodlinka\/cache\/P4060085.JPG-nggid042484-ngg0dyn-60x40x100-00f0w010c011r110f110r010t010.JPG\"\n\t\t\t\t\twidth=\"60\"\n\t\t\t\t\theight=\"40\"\n\t\t\t\t\tstyle=\"max-width:100%;\"\n\t\t\t\t\/>\n\t\t\t<\/a>\n\t\t<\/div>\n\t\t\t\t\t\t\t<\/div>\n\t\t\t\n\t\t\t\t\t\t\t\n\t\t\t\t<div id=\"ngg-image-7\" class=\"ngg-gallery-thumbnail-box\"\n\t\t\t\t\t\t\t\t\t\t\t>\n\t\t\t\t\t\t<div class=\"ngg-gallery-thumbnail\">\n\t\t\t<a href=\"http:\/\/www.zsskolnivr.cz\/wp-content\/gallery\/bodlinka\/P4060086.JPG\"\n\t\t\t\ttitle=\"\"\n\t\t\t\tdata-src=\"http:\/\/www.zsskolnivr.cz\/wp-content\/gallery\/bodlinka\/P4060086.JPG\"\n\t\t\t\tdata-thumbnail=\"http:\/\/www.zsskolnivr.cz\/wp-content\/gallery\/bodlinka\/thumbs\/thumbs_P4060086.JPG\"\n\t\t\t\tdata-image-id=\"2485\"\n\t\t\t\tdata-title=\"OLYMPUS DIGITAL CAMERA\"\n\t\t\t\tdata-description=\"\"\n\t\t\t\tdata-image-slug=\"p4060086\"\n\t\t\t\tclass=\"ngg-fancybox\" rel=\"82f130a49bfceb763ba46d170d625697\">\n\t\t\t\t<img\n\t\t\t\t\ttitle=\"OLYMPUS DIGITAL CAMERA\"\n\t\t\t\t\talt=\"OLYMPUS DIGITAL CAMERA\"\n\t\t\t\t\tsrc=\"http:\/\/www.zsskolnivr.cz\/wp-content\/gallery\/bodlinka\/cache\/P4060086.JPG-nggid042485-ngg0dyn-60x40x100-00f0w010c011r110f110r010t010.JPG\"\n\t\t\t\t\twidth=\"60\"\n\t\t\t\t\theight=\"40\"\n\t\t\t\t\tstyle=\"max-width:100%;\"\n\t\t\t\t\/>\n\t\t\t<\/a>\n\t\t<\/div>\n\t\t\t\t\t\t\t<\/div>\n\t\t\t\n\t\t\t\t\t\t\t\t\t<br style=\"clear: both\" \/>\n\t\t\t\t\t\n\t\t\t\t<div id=\"ngg-image-8\" class=\"ngg-gallery-thumbnail-box\"\n\t\t\t\t\t\t\t\t\t\t\t>\n\t\t\t\t\t\t<div class=\"ngg-gallery-thumbnail\">\n\t\t\t<a href=\"http:\/\/www.zsskolnivr.cz\/wp-content\/gallery\/bodlinka\/P4060087.JPG\"\n\t\t\t\ttitle=\"\"\n\t\t\t\tdata-src=\"http:\/\/www.zsskolnivr.cz\/wp-content\/gallery\/bodlinka\/P4060087.JPG\"\n\t\t\t\tdata-thumbnail=\"http:\/\/www.zsskolnivr.cz\/wp-content\/gallery\/bodlinka\/thumbs\/thumbs_P4060087.JPG\"\n\t\t\t\tdata-image-id=\"2486\"\n\t\t\t\tdata-title=\"OLYMPUS DIGITAL CAMERA\"\n\t\t\t\tdata-description=\"\"\n\t\t\t\tdata-image-slug=\"p4060087\"\n\t\t\t\tclass=\"ngg-fancybox\" rel=\"82f130a49bfceb763ba46d170d625697\">\n\t\t\t\t<img\n\t\t\t\t\ttitle=\"OLYMPUS DIGITAL CAMERA\"\n\t\t\t\t\talt=\"OLYMPUS DIGITAL CAMERA\"\n\t\t\t\t\tsrc=\"http:\/\/www.zsskolnivr.cz\/wp-content\/gallery\/bodlinka\/cache\/P4060087.JPG-nggid042486-ngg0dyn-60x40x100-00f0w010c011r110f110r010t010.JPG\"\n\t\t\t\t\twidth=\"60\"\n\t\t\t\t\theight=\"40\"\n\t\t\t\t\tstyle=\"max-width:100%;\"\n\t\t\t\t\/>\n\t\t\t<\/a>\n\t\t<\/div>\n\t\t\t\t\t\t\t<\/div>\n\t\t\t\n\t\t\t\t\t\t\t\n\t\t\t\t<div id=\"ngg-image-9\" class=\"ngg-gallery-thumbnail-box\"\n\t\t\t\t\t\t\t\t\t\t\t>\n\t\t\t\t\t\t<div class=\"ngg-gallery-thumbnail\">\n\t\t\t<a href=\"http:\/\/www.zsskolnivr.cz\/wp-content\/gallery\/bodlinka\/P4060088.JPG\"\n\t\t\t\ttitle=\"\"\n\t\t\t\tdata-src=\"http:\/\/www.zsskolnivr.cz\/wp-content\/gallery\/bodlinka\/P4060088.JPG\"\n\t\t\t\tdata-thumbnail=\"http:\/\/www.zsskolnivr.cz\/wp-content\/gallery\/bodlinka\/thumbs\/thumbs_P4060088.JPG\"\n\t\t\t\tdata-image-id=\"2487\"\n\t\t\t\tdata-title=\"OLYMPUS DIGITAL CAMERA\"\n\t\t\t\tdata-description=\"\"\n\t\t\t\tdata-image-slug=\"p4060088\"\n\t\t\t\tclass=\"ngg-fancybox\" rel=\"82f130a49bfceb763ba46d170d625697\">\n\t\t\t\t<img\n\t\t\t\t\ttitle=\"OLYMPUS DIGITAL CAMERA\"\n\t\t\t\t\talt=\"OLYMPUS DIGITAL CAMERA\"\n\t\t\t\t\tsrc=\"http:\/\/www.zsskolnivr.cz\/wp-content\/gallery\/bodlinka\/cache\/P4060088.JPG-nggid042487-ngg0dyn-60x40x100-00f0w010c011r110f110r010t010.JPG\"\n\t\t\t\t\twidth=\"60\"\n\t\t\t\t\theight=\"40\"\n\t\t\t\t\tstyle=\"max-width:100%;\"\n\t\t\t\t\/>\n\t\t\t<\/a>\n\t\t<\/div>\n\t\t\t\t\t\t\t<\/div>\n\t\t\t\n\t\t\t\t\t\t\t\n\t\t\t\t<div id=\"ngg-image-10\" class=\"ngg-gallery-thumbnail-box\"\n\t\t\t\t\t\t\t\t\t\t\t>\n\t\t\t\t\t\t<div class=\"ngg-gallery-thumbnail\">\n\t\t\t<a href=\"http:\/\/www.zsskolnivr.cz\/wp-content\/gallery\/bodlinka\/P4060089.JPG\"\n\t\t\t\ttitle=\"\"\n\t\t\t\tdata-src=\"http:\/\/www.zsskolnivr.cz\/wp-content\/gallery\/bodlinka\/P4060089.JPG\"\n\t\t\t\tdata-thumbnail=\"http:\/\/www.zsskolnivr.cz\/wp-content\/gallery\/bodlinka\/thumbs\/thumbs_P4060089.JPG\"\n\t\t\t\tdata-image-id=\"2488\"\n\t\t\t\tdata-title=\"OLYMPUS DIGITAL CAMERA\"\n\t\t\t\tdata-description=\"\"\n\t\t\t\tdata-image-slug=\"p4060089\"\n\t\t\t\tclass=\"ngg-fancybox\" rel=\"82f130a49bfceb763ba46d170d625697\">\n\t\t\t\t<img\n\t\t\t\t\ttitle=\"OLYMPUS DIGITAL CAMERA\"\n\t\t\t\t\talt=\"OLYMPUS DIGITAL CAMERA\"\n\t\t\t\t\tsrc=\"http:\/\/www.zsskolnivr.cz\/wp-content\/gallery\/bodlinka\/cache\/P4060089.JPG-nggid042488-ngg0dyn-60x40x100-00f0w010c011r110f110r010t010.JPG\"\n\t\t\t\t\twidth=\"60\"\n\t\t\t\t\theight=\"40\"\n\t\t\t\t\tstyle=\"max-width:100%;\"\n\t\t\t\t\/>\n\t\t\t<\/a>\n\t\t<\/div>\n\t\t\t\t\t\t\t<\/div>\n\t\t\t\n\t\t\t\t\t\t\t\n\t\t\t\t<div id=\"ngg-image-11\" class=\"ngg-gallery-thumbnail-box\"\n\t\t\t\t\t\t\t\t\t\t\t>\n\t\t\t\t\t\t<div class=\"ngg-gallery-thumbnail\">\n\t\t\t<a href=\"http:\/\/www.zsskolnivr.cz\/wp-content\/gallery\/bodlinka\/P4060090.JPG\"\n\t\t\t\ttitle=\"\"\n\t\t\t\tdata-src=\"http:\/\/www.zsskolnivr.cz\/wp-content\/gallery\/bodlinka\/P4060090.JPG\"\n\t\t\t\tdata-thumbnail=\"http:\/\/www.zsskolnivr.cz\/wp-content\/gallery\/bodlinka\/thumbs\/thumbs_P4060090.JPG\"\n\t\t\t\tdata-image-id=\"2489\"\n\t\t\t\tdata-title=\"OLYMPUS DIGITAL CAMERA\"\n\t\t\t\tdata-description=\"\"\n\t\t\t\tdata-image-slug=\"p4060090\"\n\t\t\t\tclass=\"ngg-fancybox\" rel=\"82f130a49bfceb763ba46d170d625697\">\n\t\t\t\t<img\n\t\t\t\t\ttitle=\"OLYMPUS DIGITAL CAMERA\"\n\t\t\t\t\talt=\"OLYMPUS DIGITAL CAMERA\"\n\t\t\t\t\tsrc=\"http:\/\/www.zsskolnivr.cz\/wp-content\/gallery\/bodlinka\/cache\/P4060090.JPG-nggid042489-ngg0dyn-60x40x100-00f0w010c011r110f110r010t010.JPG\"\n\t\t\t\t\twidth=\"60\"\n\t\t\t\t\theight=\"40\"\n\t\t\t\t\tstyle=\"max-width:100%;\"\n\t\t\t\t\/>\n\t\t\t<\/a>\n\t\t<\/div>\n\t\t\t\t\t\t\t<\/div>\n\t\t\t\n\t\t\t\t\t\t\t\t\t<br style=\"clear: both\" \/>\n\t\t\t\t\t\n\t\t\n\t\t<!-- Pagination -->\n\t\t<div class='ngg-clear'><\/div>\t<\/div>\n<\/p>\n<p>&nbsp;<\/p>\n<p>Bodlinka u n\u00e1s &#8211; v\u00fdukov\u00fd program Spr\u00e1vy KRNAP.<\/p>\n<p>V r\u00e1mci tohoto programu se \u017e\u00e1ci dozv\u011bd\u00ed mnoh\u00e9 zaj\u00edmavosti o je\u017ekovi, biologick\u00e9 i etologick\u00e9 informace. Pot\u00e9 dostanou \u017e\u00e1ci instrukt\u00e1\u017e, jak pe\u010dovat o je\u017eka.<\/p>\n<p>Na na\u0161\u00ed \u0161kole se p\u0159es zimu v\u011bt\u0161inou star\u00e1me o dva je\u017eky. Jednoho maj\u00ed \u017e\u00e1ci na prvn\u00edm a 2. na druh\u00e9m stupni. Je\u017eek je po celou zimu aktivn\u00ed. \u017d\u00e1ci ho krm\u00ed, vypou\u0161t\u00ed na prob\u011bhnut\u00ed, ukl\u00edz\u00ed mu v\u00fdb\u011bh, v\u00e1\u017e\u00ed ho a pozoruj\u00ed jeho zdravotn\u00ed stav. V dubnu je\u017eka vypou\u0161t\u00edme do voln\u00e9 p\u0159\u00edrody.<\/p>\n<p><img loading=\"lazy\" decoding=\"async\" src=\"https:\/\/www.zsskolnivr.cz\/wp-content\/gallery\/loga-1\/logo-krnap.jpg?i=1621243789\" width=\"143\" height=\"143\" \/>garant programu<\/p>\n","protected":false},"excerpt":{"rendered":"<p>&nbsp; Bodlinka u n\u00e1s &#8211; v\u00fdukov\u00fd program Spr\u00e1vy KRNAP. V r\u00e1mci tohoto programu se \u017e\u00e1ci dozv\u011bd\u00ed mnoh\u00e9 zaj\u00edmavosti o je\u017ekovi, biologick\u00e9 i etologick\u00e9 informace. Pot\u00e9 dostanou \u017e\u00e1ci instrukt\u00e1\u017e, jak pe\u010dovat o je\u017eka. Na na\u0161\u00ed \u0161kole se p\u0159es zimu v\u011bt\u0161inou star\u00e1me <a href=\"https:\/\/www.zsskolnivr.cz\/?page_id=7514\" class=\"read-more\">Read More &#8230;<\/a><\/p>\n","protected":false},"author":3,"featured_media":0,"parent":0,"menu_order":0,"comment_status":"closed","ping_status":"closed","template":"","meta":{"ngg_post_thumbnail":0,"footnotes":""},"class_list":["post-7514","page","type-page","status-publish","hentry"],"_links":{"self":[{"href":"https:\/\/www.zsskolnivr.cz\/index.php?rest_route=\/wp\/v2\/pages\/7514","targetHints":{"allow":["GET"]}}],"collection":[{"href":"https:\/\/www.zsskolnivr.cz\/index.php?rest_route=\/wp\/v2\/pages"}],"about":[{"href":"https:\/\/www.zsskolnivr.cz\/index.php?rest_route=\/wp\/v2\/types\/page"}],"author":[{"embeddable":true,"href":"https:\/\/www.zsskolnivr.cz\/index.php?rest_route=\/wp\/v2\/users\/3"}],"replies":[{"embeddable":true,"href":"https:\/\/www.zsskolnivr.cz\/index.php?rest_route=%2Fwp%2Fv2%2Fcomments&post=7514"}],"version-history":[{"count":6,"href":"https:\/\/www.zsskolnivr.cz\/index.php?rest_route=\/wp\/v2\/pages\/7514\/revisions"}],"predecessor-version":[{"id":7563,"href":"https:\/\/www.zsskolnivr.cz\/index.php?rest_route=\/wp\/v2\/pages\/7514\/revisions\/7563"}],"wp:attachment":[{"href":"https:\/\/www.zsskolnivr.cz\/index.php?rest_route=%2Fwp%2Fv2%2Fmedia&parent=7514"}],"curies":[{"name":"wp","href":"https:\/\/api.w.org\/{rel}","templated":true}]}}