{"id":8055,"date":"2018-09-07T06:21:06","date_gmt":"2018-09-07T06:21:06","guid":{"rendered":"http:\/\/www.zsskolnivr.cz\/?page_id=8055"},"modified":"2025-12-08T06:37:36","modified_gmt":"2025-12-08T06:37:36","slug":"kronika-skoly-2","status":"publish","type":"page","link":"https:\/\/www.zsskolnivr.cz\/?page_id=8055","title":{"rendered":"Kronika \u0161koly"},"content":{"rendered":"\n<h5 class=\"wp-block-heading\"><strong><span style=\"color: #000000;\"><a href=\"https:\/\/www.zsskolnivr.cz\/wp-content\/uploads\/2025\/10\/Kronika_skoly.pdf\">Kronika Z\u0160 \u0160koln\u00ed Vrchlab\u00ed<\/a><\/span><\/strong><\/h5>\n\n\n\n<h5 class=\"wp-block-heading\"><strong><span style=\"color: #000000;\"><a href=\"https:\/\/www.zsskolnivr.cz\/wp-content\/uploads\/2025\/10\/Kronika_fotopedagogu.pdf\">Fotogalerie pedagogick\u00e9ho sboru od roku&nbsp;<\/a><\/span><\/strong><\/h5>\n\n\n\n<h5 class=\"wp-block-heading\"><strong><span style=\"color: #000000;\"><a href=\"https:\/\/www.zsskolnivr.cz\/wp-content\/uploads\/2025\/10\/Kronika_seznampedagogu.pdf\">Seznam v\u0161ech pedagog\u016f p\u016fsob\u00edc\u00edch (i v minulosti) v na\u0161\u00ed \u0161kole<\/a><\/span><\/strong><\/h5>\n\n\n\n<p><a href=\"https:\/\/www.zsskolnivr.cz\/wp-content\/uploads\/2025\/12\/Kronika_personalskoly.pdf\"><strong>Seznam dal\u0161\u00edch pracovn\u00edk\u016f \u0161koly<\/strong><\/a><\/p>\n\n\n\n<p><\/p>\n","protected":false},"excerpt":{"rendered":"<p>Kronika Z\u0160 \u0160koln\u00ed Vrchlab\u00ed Fotogalerie pedagogick\u00e9ho sboru od roku&nbsp; Seznam v\u0161ech pedagog\u016f p\u016fsob\u00edc\u00edch (i v minulosti) v na\u0161\u00ed \u0161kole Seznam dal\u0161\u00edch pracovn\u00edk\u016f \u0161koly<\/p>\n","protected":false},"author":3,"featured_media":0,"parent":0,"menu_order":0,"comment_status":"closed","ping_status":"closed","template":"","meta":{"ngg_post_thumbnail":0,"footnotes":""},"class_list":["post-8055","page","type-page","status-publish","hentry"],"_links":{"self":[{"href":"https:\/\/www.zsskolnivr.cz\/index.php?rest_route=\/wp\/v2\/pages\/8055","targetHints":{"allow":["GET"]}}],"collection":[{"href":"https:\/\/www.zsskolnivr.cz\/index.php?rest_route=\/wp\/v2\/pages"}],"about":[{"href":"https:\/\/www.zsskolnivr.cz\/index.php?rest_route=\/wp\/v2\/types\/page"}],"author":[{"embeddable":true,"href":"https:\/\/www.zsskolnivr.cz\/index.php?rest_route=\/wp\/v2\/users\/3"}],"replies":[{"embeddable":true,"href":"https:\/\/www.zsskolnivr.cz\/index.php?rest_route=%2Fwp%2Fv2%2Fcomments&post=8055"}],"version-history":[{"count":19,"href":"https:\/\/www.zsskolnivr.cz\/index.php?rest_route=\/wp\/v2\/pages\/8055\/revisions"}],"predecessor-version":[{"id":21454,"href":"https:\/\/www.zsskolnivr.cz\/index.php?rest_route=\/wp\/v2\/pages\/8055\/revisions\/21454"}],"wp:attachment":[{"href":"https:\/\/www.zsskolnivr.cz\/index.php?rest_route=%2Fwp%2Fv2%2Fmedia&parent=8055"}],"curies":[{"name":"wp","href":"https:\/\/api.w.org\/{rel}","templated":true}]}}