{"id":9334,"date":"2019-04-03T19:17:30","date_gmt":"2019-04-03T19:17:30","guid":{"rendered":"http:\/\/www.zsskolnivr.cz\/?page_id=9334"},"modified":"2019-04-03T19:36:03","modified_gmt":"2019-04-03T19:36:03","slug":"sokolnictvi-dravci-sovy","status":"publish","type":"page","link":"https:\/\/www.zsskolnivr.cz\/?page_id=9334","title":{"rendered":"Sokolnictv\u00ed, dravci, sovy"},"content":{"rendered":"<p><img loading=\"lazy\" decoding=\"async\" id=\"shTopImg\" title=\"Kliknut\u00edm zav\u0159\u00edt\" src=\"https:\/\/www.zsskolnivr.cz\/wp-content\/gallery\/fotografie-1\/P4030112.JPG?i=1392049081\" width=\"728\" height=\"546\" \/><\/p>\n<p>Pravideln\u011b zveme do na\u0161\u00ed \u0161koly sokoln\u00edky, kte\u0159\u00ed seznamuj\u00ed na\u0161e \u017e\u00e1ky s jejich prac\u00ed, s drav\u00fdmi pt\u00e1ky i s probl\u00e9my, kter\u00fdm mus\u00ed \u010delit ve voln\u00e9 p\u0159\u00edrod\u011b.<\/p>\n<p>Fotogalerie:<\/p>\n<p><a href=\"https:\/\/profesordv.rajce.idnes.cz\/Sokolnik_ve_skole\">https:\/\/profesordv.rajce.idnes.cz\/Sokolnik_ve_skole<\/a><\/p>\n<p><a href=\"https:\/\/www.zsskolnivr.cz\/archiv\/zvirata%20ve%20skole.htm\">https:\/\/www.zsskolnivr.cz\/archiv\/zvirata%20ve%20skole.htm<\/a><\/p>\n<p>&nbsp;<\/p>\n","protected":false},"excerpt":{"rendered":"<p>Pravideln\u011b zveme do na\u0161\u00ed \u0161koly sokoln\u00edky, kte\u0159\u00ed seznamuj\u00ed na\u0161e \u017e\u00e1ky s jejich prac\u00ed, s drav\u00fdmi pt\u00e1ky i s probl\u00e9my, kter\u00fdm mus\u00ed \u010delit ve voln\u00e9 p\u0159\u00edrod\u011b. Fotogalerie: https:\/\/profesordv.rajce.idnes.cz\/Sokolnik_ve_skole https:\/\/www.zsskolnivr.cz\/archiv\/zvirata%20ve%20skole.htm &nbsp;<\/p>\n","protected":false},"author":3,"featured_media":0,"parent":0,"menu_order":0,"comment_status":"closed","ping_status":"closed","template":"","meta":{"ngg_post_thumbnail":0,"footnotes":""},"class_list":["post-9334","page","type-page","status-publish","hentry"],"_links":{"self":[{"href":"https:\/\/www.zsskolnivr.cz\/index.php?rest_route=\/wp\/v2\/pages\/9334","targetHints":{"allow":["GET"]}}],"collection":[{"href":"https:\/\/www.zsskolnivr.cz\/index.php?rest_route=\/wp\/v2\/pages"}],"about":[{"href":"https:\/\/www.zsskolnivr.cz\/index.php?rest_route=\/wp\/v2\/types\/page"}],"author":[{"embeddable":true,"href":"https:\/\/www.zsskolnivr.cz\/index.php?rest_route=\/wp\/v2\/users\/3"}],"replies":[{"embeddable":true,"href":"https:\/\/www.zsskolnivr.cz\/index.php?rest_route=%2Fwp%2Fv2%2Fcomments&post=9334"}],"version-history":[{"count":10,"href":"https:\/\/www.zsskolnivr.cz\/index.php?rest_route=\/wp\/v2\/pages\/9334\/revisions"}],"predecessor-version":[{"id":9348,"href":"https:\/\/www.zsskolnivr.cz\/index.php?rest_route=\/wp\/v2\/pages\/9334\/revisions\/9348"}],"wp:attachment":[{"href":"https:\/\/www.zsskolnivr.cz\/index.php?rest_route=%2Fwp%2Fv2%2Fmedia&parent=9334"}],"curies":[{"name":"wp","href":"https:\/\/api.w.org\/{rel}","templated":true}]}}