{"id":974,"date":"2017-12-13T05:36:53","date_gmt":"2017-12-13T05:36:53","guid":{"rendered":"http:\/\/www.zsskolnivr.cz\/?page_id=974"},"modified":"2019-12-16T20:46:08","modified_gmt":"2019-12-16T20:46:08","slug":"vanocni-trhy","status":"publish","type":"page","link":"https:\/\/www.zsskolnivr.cz\/?page_id=974","title":{"rendered":"V\u00e1no\u010dn\u00ed trhy"},"content":{"rendered":"<h4><span style=\"color: #008000;\"><strong><em>V\u00e1no\u010dn\u00ed trhy \u2013 U\u010d\u00edme se pom\u00e1hat pot\u0159ebn\u00fdm<\/em><\/strong><\/span><\/h4>\n<p><span style=\"color: #ff0000;\">\u00a0<strong>6<\/strong><strong><em>. 12. 2019 &#8211; 17. V\u00c1NO\u010cN\u00cd TRHY<br \/>\n&#8211; vybran\u00e9 finan\u010dn\u00ed prost\u0159edky budou pouk\u00e1z\u00e1ny Dobr\u00e9mu and\u011blovi a \u010d\u00e1st p\u0159\u00edpadn\u00e9 pomoci soci\u00e1ln\u011b slab\u0161\u00edm \u017e\u00e1k\u016fm \u0161koly prost\u0159ednictv\u00edm v\u00fdboru rodi\u010d\u016f<br \/>\n<\/em><\/strong><\/span><\/p>\n<p>&nbsp;<\/p>\n<p><span style=\"color: #339966;\">\u00a0<strong>7<\/strong><\/span><strong><em><span style=\"color: #ff0000;\"><span style=\"color: #339966;\">. 12. 2018 &#8211; 16. V\u00c1NO\u010cN\u00cd TRHY<br \/>\n<\/span><\/span><\/em><\/strong><span style=\"color: #ff0000;\"><span style=\"color: #339966;\">&#8211; vybran\u00e9 finan\u010dn\u00ed prost\u0159edky budou pouk\u00e1z\u00e1ny Dobr\u00e9mu and\u011blovi a ko\u010di\u010d\u00edmu depozitu Basted z.s. s pobo\u010dkou ve Vrchlab\u00ed.<br \/>\n<\/span><\/span><\/p>\n<p>Fotogalerie:<a href=\"https:\/\/profesordv.rajce.idnes.cz\/Vanocni_trhy_2018\">https:\/\/profesordv.rajce.idnes.cz\/Vanocni_trhy_2018<\/a><\/p>\n<p>&nbsp;<\/p>\n<p><!-- index.php -->\n<div\n\tclass=\"ngg-galleryoverview\n\t ngg-ajax-pagination-none\t\"\n\tid=\"ngg-gallery-219f12b5044f9956a26ce25d91a3a042-1\">\n\n\t\t\t<!-- Thumbnails -->\n\t\t\t\t<div id=\"ngg-image-0\" class=\"ngg-gallery-thumbnail-box\"\n\t\t\t\t\t\t\t\t\t\t\t>\n\t\t\t\t\t\t<div class=\"ngg-gallery-thumbnail\">\n\t\t\t<a href=\"http:\/\/www.zsskolnivr.cz\/wp-content\/gallery\/trhy-1\/PC100050.JPG\"\n\t\t\t\ttitle=\"\"\n\t\t\t\tdata-src=\"http:\/\/www.zsskolnivr.cz\/wp-content\/gallery\/trhy-1\/PC100050.JPG\"\n\t\t\t\tdata-thumbnail=\"http:\/\/www.zsskolnivr.cz\/wp-content\/gallery\/trhy-1\/thumbs\/thumbs_PC100050.JPG\"\n\t\t\t\tdata-image-id=\"574\"\n\t\t\t\tdata-title=\"Vyr\u00e1b\u00edme v\u00fdrobky 1\"\n\t\t\t\tdata-description=\"\"\n\t\t\t\tdata-image-slug=\"pc100050-1\"\n\t\t\t\tclass=\"ngg-fancybox\" rel=\"219f12b5044f9956a26ce25d91a3a042\">\n\t\t\t\t<img\n\t\t\t\t\ttitle=\"Vyr\u00e1b\u00edme v\u00fdrobky 1\"\n\t\t\t\t\talt=\"Vyr\u00e1b\u00edme v\u00fdrobky 1\"\n\t\t\t\t\tsrc=\"http:\/\/www.zsskolnivr.cz\/wp-content\/gallery\/trhy-1\/cache\/PC100050.JPG-nggid03574-ngg0dyn-60x40x100-00f0w010c011r110f110r010t010.JPG\"\n\t\t\t\t\twidth=\"60\"\n\t\t\t\t\theight=\"40\"\n\t\t\t\t\tstyle=\"max-width:100%;\"\n\t\t\t\t\/>\n\t\t\t<\/a>\n\t\t<\/div>\n\t\t\t\t\t\t\t<\/div>\n\t\t\t\n\t\t\t\t\t\t\t\n\t\t\t\t<div id=\"ngg-image-1\" class=\"ngg-gallery-thumbnail-box\"\n\t\t\t\t\t\t\t\t\t\t\t>\n\t\t\t\t\t\t<div class=\"ngg-gallery-thumbnail\">\n\t\t\t<a href=\"http:\/\/www.zsskolnivr.cz\/wp-content\/gallery\/trhy-1\/PC100051.JPG\"\n\t\t\t\ttitle=\"\"\n\t\t\t\tdata-src=\"http:\/\/www.zsskolnivr.cz\/wp-content\/gallery\/trhy-1\/PC100051.JPG\"\n\t\t\t\tdata-thumbnail=\"http:\/\/www.zsskolnivr.cz\/wp-content\/gallery\/trhy-1\/thumbs\/thumbs_PC100051.JPG\"\n\t\t\t\tdata-image-id=\"575\"\n\t\t\t\tdata-title=\"Vyr\u00e1b\u00edme v\u00fdrobky 2\"\n\t\t\t\tdata-description=\"\"\n\t\t\t\tdata-image-slug=\"pc100051-1\"\n\t\t\t\tclass=\"ngg-fancybox\" rel=\"219f12b5044f9956a26ce25d91a3a042\">\n\t\t\t\t<img\n\t\t\t\t\ttitle=\"Vyr\u00e1b\u00edme v\u00fdrobky 2\"\n\t\t\t\t\talt=\"Vyr\u00e1b\u00edme v\u00fdrobky 2\"\n\t\t\t\t\tsrc=\"http:\/\/www.zsskolnivr.cz\/wp-content\/gallery\/trhy-1\/cache\/PC100051.JPG-nggid03575-ngg0dyn-60x40x100-00f0w010c011r110f110r010t010.JPG\"\n\t\t\t\t\twidth=\"60\"\n\t\t\t\t\theight=\"40\"\n\t\t\t\t\tstyle=\"max-width:100%;\"\n\t\t\t\t\/>\n\t\t\t<\/a>\n\t\t<\/div>\n\t\t\t\t\t\t\t<\/div>\n\t\t\t\n\t\t\t\t\t\t\t\n\t\t\t\t<div id=\"ngg-image-2\" class=\"ngg-gallery-thumbnail-box\"\n\t\t\t\t\t\t\t\t\t\t\t>\n\t\t\t\t\t\t<div class=\"ngg-gallery-thumbnail\">\n\t\t\t<a href=\"http:\/\/www.zsskolnivr.cz\/wp-content\/gallery\/trhy-1\/PC100054.JPG\"\n\t\t\t\ttitle=\"\"\n\t\t\t\tdata-src=\"http:\/\/www.zsskolnivr.cz\/wp-content\/gallery\/trhy-1\/PC100054.JPG\"\n\t\t\t\tdata-thumbnail=\"http:\/\/www.zsskolnivr.cz\/wp-content\/gallery\/trhy-1\/thumbs\/thumbs_PC100054.JPG\"\n\t\t\t\tdata-image-id=\"576\"\n\t\t\t\tdata-title=\"Pe\u010deme cukrov\u00ed\"\n\t\t\t\tdata-description=\"\"\n\t\t\t\tdata-image-slug=\"pc100054-1\"\n\t\t\t\tclass=\"ngg-fancybox\" rel=\"219f12b5044f9956a26ce25d91a3a042\">\n\t\t\t\t<img\n\t\t\t\t\ttitle=\"Pe\u010deme cukrov\u00ed\"\n\t\t\t\t\talt=\"Pe\u010deme cukrov\u00ed\"\n\t\t\t\t\tsrc=\"http:\/\/www.zsskolnivr.cz\/wp-content\/gallery\/trhy-1\/cache\/PC100054.JPG-nggid03576-ngg0dyn-60x40x100-00f0w010c011r110f110r010t010.JPG\"\n\t\t\t\t\twidth=\"60\"\n\t\t\t\t\theight=\"40\"\n\t\t\t\t\tstyle=\"max-width:100%;\"\n\t\t\t\t\/>\n\t\t\t<\/a>\n\t\t<\/div>\n\t\t\t\t\t\t\t<\/div>\n\t\t\t\n\t\t\t\t\t\t\t\t\t<br style=\"clear: both\" \/>\n\t\t\t\t\t\n\t\t\t\t<div id=\"ngg-image-3\" class=\"ngg-gallery-thumbnail-box\"\n\t\t\t\t\t\t\t\t\t\t\t>\n\t\t\t\t\t\t<div class=\"ngg-gallery-thumbnail\">\n\t\t\t<a href=\"http:\/\/www.zsskolnivr.cz\/wp-content\/gallery\/trhy-1\/PC110062.JPG\"\n\t\t\t\ttitle=\"\"\n\t\t\t\tdata-src=\"http:\/\/www.zsskolnivr.cz\/wp-content\/gallery\/trhy-1\/PC110062.JPG\"\n\t\t\t\tdata-thumbnail=\"http:\/\/www.zsskolnivr.cz\/wp-content\/gallery\/trhy-1\/thumbs\/thumbs_PC110062.JPG\"\n\t\t\t\tdata-image-id=\"577\"\n\t\t\t\tdata-title=\"Prodejn\u00ed st\u00e1nky 1\"\n\t\t\t\tdata-description=\"\"\n\t\t\t\tdata-image-slug=\"pc110062-1\"\n\t\t\t\tclass=\"ngg-fancybox\" rel=\"219f12b5044f9956a26ce25d91a3a042\">\n\t\t\t\t<img\n\t\t\t\t\ttitle=\"Prodejn\u00ed st\u00e1nky 1\"\n\t\t\t\t\talt=\"Prodejn\u00ed st\u00e1nky 1\"\n\t\t\t\t\tsrc=\"http:\/\/www.zsskolnivr.cz\/wp-content\/gallery\/trhy-1\/cache\/PC110062.JPG-nggid03577-ngg0dyn-60x40x100-00f0w010c011r110f110r010t010.JPG\"\n\t\t\t\t\twidth=\"60\"\n\t\t\t\t\theight=\"40\"\n\t\t\t\t\tstyle=\"max-width:100%;\"\n\t\t\t\t\/>\n\t\t\t<\/a>\n\t\t<\/div>\n\t\t\t\t\t\t\t<\/div>\n\t\t\t\n\t\t\t\t\t\t\t\n\t\t\t\t<div id=\"ngg-image-4\" class=\"ngg-gallery-thumbnail-box\"\n\t\t\t\t\t\t\t\t\t\t\t>\n\t\t\t\t\t\t<div class=\"ngg-gallery-thumbnail\">\n\t\t\t<a href=\"http:\/\/www.zsskolnivr.cz\/wp-content\/gallery\/trhy-1\/PC110065.JPG\"\n\t\t\t\ttitle=\"\"\n\t\t\t\tdata-src=\"http:\/\/www.zsskolnivr.cz\/wp-content\/gallery\/trhy-1\/PC110065.JPG\"\n\t\t\t\tdata-thumbnail=\"http:\/\/www.zsskolnivr.cz\/wp-content\/gallery\/trhy-1\/thumbs\/thumbs_PC110065.JPG\"\n\t\t\t\tdata-image-id=\"578\"\n\t\t\t\tdata-title=\"Se sv\u00fdmi v\u00fdrobky p\u0159isp\u00edv\u00e1 i p. Rozsypalov\u00e1\"\n\t\t\t\tdata-description=\"\"\n\t\t\t\tdata-image-slug=\"pc110065-1\"\n\t\t\t\tclass=\"ngg-fancybox\" rel=\"219f12b5044f9956a26ce25d91a3a042\">\n\t\t\t\t<img\n\t\t\t\t\ttitle=\"Se sv\u00fdmi v\u00fdrobky p\u0159isp\u00edv\u00e1 i p. Rozsypalov\u00e1\"\n\t\t\t\t\talt=\"Se sv\u00fdmi v\u00fdrobky p\u0159isp\u00edv\u00e1 i p. Rozsypalov\u00e1\"\n\t\t\t\t\tsrc=\"http:\/\/www.zsskolnivr.cz\/wp-content\/gallery\/trhy-1\/cache\/PC110065.JPG-nggid03578-ngg0dyn-60x40x100-00f0w010c011r110f110r010t010.JPG\"\n\t\t\t\t\twidth=\"60\"\n\t\t\t\t\theight=\"40\"\n\t\t\t\t\tstyle=\"max-width:100%;\"\n\t\t\t\t\/>\n\t\t\t<\/a>\n\t\t<\/div>\n\t\t\t\t\t\t\t<\/div>\n\t\t\t\n\t\t\t\t\t\t\t\n\t\t\t\t<div id=\"ngg-image-5\" class=\"ngg-gallery-thumbnail-box\"\n\t\t\t\t\t\t\t\t\t\t\t>\n\t\t\t\t\t\t<div class=\"ngg-gallery-thumbnail\">\n\t\t\t<a href=\"http:\/\/www.zsskolnivr.cz\/wp-content\/gallery\/trhy-1\/PC110066.JPG\"\n\t\t\t\ttitle=\"\"\n\t\t\t\tdata-src=\"http:\/\/www.zsskolnivr.cz\/wp-content\/gallery\/trhy-1\/PC110066.JPG\"\n\t\t\t\tdata-thumbnail=\"http:\/\/www.zsskolnivr.cz\/wp-content\/gallery\/trhy-1\/thumbs\/thumbs_PC110066.JPG\"\n\t\t\t\tdata-image-id=\"579\"\n\t\t\t\tdata-title=\"Prodejn\u00ed st\u00e1nek dru\u017einy\"\n\t\t\t\tdata-description=\"\"\n\t\t\t\tdata-image-slug=\"pc110066-1\"\n\t\t\t\tclass=\"ngg-fancybox\" rel=\"219f12b5044f9956a26ce25d91a3a042\">\n\t\t\t\t<img\n\t\t\t\t\ttitle=\"Prodejn\u00ed st\u00e1nek dru\u017einy\"\n\t\t\t\t\talt=\"Prodejn\u00ed st\u00e1nek dru\u017einy\"\n\t\t\t\t\tsrc=\"http:\/\/www.zsskolnivr.cz\/wp-content\/gallery\/trhy-1\/cache\/PC110066.JPG-nggid03579-ngg0dyn-60x40x100-00f0w010c011r110f110r010t010.JPG\"\n\t\t\t\t\twidth=\"60\"\n\t\t\t\t\theight=\"40\"\n\t\t\t\t\tstyle=\"max-width:100%;\"\n\t\t\t\t\/>\n\t\t\t<\/a>\n\t\t<\/div>\n\t\t\t\t\t\t\t<\/div>\n\t\t\t\n\t\t\t\t\t\t\t\t\t<br style=\"clear: both\" \/>\n\t\t\t\t\t\n\t\t\t\t<div id=\"ngg-image-6\" class=\"ngg-gallery-thumbnail-box\"\n\t\t\t\t\t\t\t\t\t\t\t>\n\t\t\t\t\t\t<div class=\"ngg-gallery-thumbnail\">\n\t\t\t<a href=\"http:\/\/www.zsskolnivr.cz\/wp-content\/gallery\/trhy-1\/PC110068.JPG\"\n\t\t\t\ttitle=\"\"\n\t\t\t\tdata-src=\"http:\/\/www.zsskolnivr.cz\/wp-content\/gallery\/trhy-1\/PC110068.JPG\"\n\t\t\t\tdata-thumbnail=\"http:\/\/www.zsskolnivr.cz\/wp-content\/gallery\/trhy-1\/thumbs\/thumbs_PC110068.JPG\"\n\t\t\t\tdata-image-id=\"580\"\n\t\t\t\tdata-title=\"Prvostup\u0148ov\u00e9 d\u011bti zp\u00edvaj\u00ed koledy\"\n\t\t\t\tdata-description=\"\"\n\t\t\t\tdata-image-slug=\"pc110068-1\"\n\t\t\t\tclass=\"ngg-fancybox\" rel=\"219f12b5044f9956a26ce25d91a3a042\">\n\t\t\t\t<img\n\t\t\t\t\ttitle=\"Prvostup\u0148ov\u00e9 d\u011bti zp\u00edvaj\u00ed koledy\"\n\t\t\t\t\talt=\"Prvostup\u0148ov\u00e9 d\u011bti zp\u00edvaj\u00ed koledy\"\n\t\t\t\t\tsrc=\"http:\/\/www.zsskolnivr.cz\/wp-content\/gallery\/trhy-1\/cache\/PC110068.JPG-nggid03580-ngg0dyn-60x40x100-00f0w010c011r110f110r010t010.JPG\"\n\t\t\t\t\twidth=\"60\"\n\t\t\t\t\theight=\"40\"\n\t\t\t\t\tstyle=\"max-width:100%;\"\n\t\t\t\t\/>\n\t\t\t<\/a>\n\t\t<\/div>\n\t\t\t\t\t\t\t<\/div>\n\t\t\t\n\t\t\t\t\t\t\t\n\t\t\t\t<div id=\"ngg-image-7\" class=\"ngg-gallery-thumbnail-box\"\n\t\t\t\t\t\t\t\t\t\t\t>\n\t\t\t\t\t\t<div class=\"ngg-gallery-thumbnail\">\n\t\t\t<a href=\"http:\/\/www.zsskolnivr.cz\/wp-content\/gallery\/trhy-1\/PC110070.JPG\"\n\t\t\t\ttitle=\"\"\n\t\t\t\tdata-src=\"http:\/\/www.zsskolnivr.cz\/wp-content\/gallery\/trhy-1\/PC110070.JPG\"\n\t\t\t\tdata-thumbnail=\"http:\/\/www.zsskolnivr.cz\/wp-content\/gallery\/trhy-1\/thumbs\/thumbs_PC110070.JPG\"\n\t\t\t\tdata-image-id=\"581\"\n\t\t\t\tdata-title=\"Prodejn\u00ed st\u00e1nky 2\"\n\t\t\t\tdata-description=\"\"\n\t\t\t\tdata-image-slug=\"pc110070-1\"\n\t\t\t\tclass=\"ngg-fancybox\" rel=\"219f12b5044f9956a26ce25d91a3a042\">\n\t\t\t\t<img\n\t\t\t\t\ttitle=\"Prodejn\u00ed st\u00e1nky 2\"\n\t\t\t\t\talt=\"Prodejn\u00ed st\u00e1nky 2\"\n\t\t\t\t\tsrc=\"http:\/\/www.zsskolnivr.cz\/wp-content\/gallery\/trhy-1\/cache\/PC110070.JPG-nggid03581-ngg0dyn-60x40x100-00f0w010c011r110f110r010t010.JPG\"\n\t\t\t\t\twidth=\"60\"\n\t\t\t\t\theight=\"40\"\n\t\t\t\t\tstyle=\"max-width:100%;\"\n\t\t\t\t\/>\n\t\t\t<\/a>\n\t\t<\/div>\n\t\t\t\t\t\t\t<\/div>\n\t\t\t\n\t\t\t\t\t\t\t\n\t\t\t\t<div id=\"ngg-image-8\" class=\"ngg-gallery-thumbnail-box\"\n\t\t\t\t\t\t\t\t\t\t\t>\n\t\t\t\t\t\t<div class=\"ngg-gallery-thumbnail\">\n\t\t\t<a href=\"http:\/\/www.zsskolnivr.cz\/wp-content\/gallery\/trhy-1\/PC110092.JPG\"\n\t\t\t\ttitle=\"\"\n\t\t\t\tdata-src=\"http:\/\/www.zsskolnivr.cz\/wp-content\/gallery\/trhy-1\/PC110092.JPG\"\n\t\t\t\tdata-thumbnail=\"http:\/\/www.zsskolnivr.cz\/wp-content\/gallery\/trhy-1\/thumbs\/thumbs_PC110092.JPG\"\n\t\t\t\tdata-image-id=\"582\"\n\t\t\t\tdata-title=\"Zp\u00edv\u00e1n\u00ed koled\"\n\t\t\t\tdata-description=\"\"\n\t\t\t\tdata-image-slug=\"pc110092-1\"\n\t\t\t\tclass=\"ngg-fancybox\" rel=\"219f12b5044f9956a26ce25d91a3a042\">\n\t\t\t\t<img\n\t\t\t\t\ttitle=\"Zp\u00edv\u00e1n\u00ed koled\"\n\t\t\t\t\talt=\"Zp\u00edv\u00e1n\u00ed koled\"\n\t\t\t\t\tsrc=\"http:\/\/www.zsskolnivr.cz\/wp-content\/gallery\/trhy-1\/cache\/PC110092.JPG-nggid03582-ngg0dyn-60x40x100-00f0w010c011r110f110r010t010.JPG\"\n\t\t\t\t\twidth=\"60\"\n\t\t\t\t\theight=\"40\"\n\t\t\t\t\tstyle=\"max-width:100%;\"\n\t\t\t\t\/>\n\t\t\t<\/a>\n\t\t<\/div>\n\t\t\t\t\t\t\t<\/div>\n\t\t\t\n\t\t\t\t\t\t\t\t\t<br style=\"clear: both\" \/>\n\t\t\t\t\t\n\t\t\t\t<div id=\"ngg-image-9\" class=\"ngg-gallery-thumbnail-box\"\n\t\t\t\t\t\t\t\t\t\t\t>\n\t\t\t\t\t\t<div class=\"ngg-gallery-thumbnail\">\n\t\t\t<a href=\"http:\/\/www.zsskolnivr.cz\/wp-content\/gallery\/trhy-1\/PC110105.JPG\"\n\t\t\t\ttitle=\"\"\n\t\t\t\tdata-src=\"http:\/\/www.zsskolnivr.cz\/wp-content\/gallery\/trhy-1\/PC110105.JPG\"\n\t\t\t\tdata-thumbnail=\"http:\/\/www.zsskolnivr.cz\/wp-content\/gallery\/trhy-1\/thumbs\/thumbs_PC110105.JPG\"\n\t\t\t\tdata-image-id=\"583\"\n\t\t\t\tdata-title=\"Druhostup\u0148ov\u00ed \u017e\u00e1ci zp\u00edvaj\u00ed v\u00e1no\u010dn\u00ed p\u00edsn\u011b\"\n\t\t\t\tdata-description=\"\"\n\t\t\t\tdata-image-slug=\"pc110105-1\"\n\t\t\t\tclass=\"ngg-fancybox\" rel=\"219f12b5044f9956a26ce25d91a3a042\">\n\t\t\t\t<img\n\t\t\t\t\ttitle=\"Druhostup\u0148ov\u00ed \u017e\u00e1ci zp\u00edvaj\u00ed v\u00e1no\u010dn\u00ed p\u00edsn\u011b\"\n\t\t\t\t\talt=\"Druhostup\u0148ov\u00ed \u017e\u00e1ci zp\u00edvaj\u00ed v\u00e1no\u010dn\u00ed p\u00edsn\u011b\"\n\t\t\t\t\tsrc=\"http:\/\/www.zsskolnivr.cz\/wp-content\/gallery\/trhy-1\/cache\/PC110105.JPG-nggid03583-ngg0dyn-60x40x100-00f0w010c011r110f110r010t010.JPG\"\n\t\t\t\t\twidth=\"60\"\n\t\t\t\t\theight=\"40\"\n\t\t\t\t\tstyle=\"max-width:100%;\"\n\t\t\t\t\/>\n\t\t\t<\/a>\n\t\t<\/div>\n\t\t\t\t\t\t\t<\/div>\n\t\t\t\n\t\t\t\t\t\t\t\n\t\t\t\t<div id=\"ngg-image-10\" class=\"ngg-gallery-thumbnail-box\"\n\t\t\t\t\t\t\t\t\t\t\t>\n\t\t\t\t\t\t<div class=\"ngg-gallery-thumbnail\">\n\t\t\t<a href=\"http:\/\/www.zsskolnivr.cz\/wp-content\/gallery\/trhy-1\/PC110106.JPG\"\n\t\t\t\ttitle=\"\"\n\t\t\t\tdata-src=\"http:\/\/www.zsskolnivr.cz\/wp-content\/gallery\/trhy-1\/PC110106.JPG\"\n\t\t\t\tdata-thumbnail=\"http:\/\/www.zsskolnivr.cz\/wp-content\/gallery\/trhy-1\/thumbs\/thumbs_PC110106.JPG\"\n\t\t\t\tdata-image-id=\"584\"\n\t\t\t\tdata-title=\"Rodi\u010de 1\"\n\t\t\t\tdata-description=\"\"\n\t\t\t\tdata-image-slug=\"pc110106-1\"\n\t\t\t\tclass=\"ngg-fancybox\" rel=\"219f12b5044f9956a26ce25d91a3a042\">\n\t\t\t\t<img\n\t\t\t\t\ttitle=\"Rodi\u010de 1\"\n\t\t\t\t\talt=\"Rodi\u010de 1\"\n\t\t\t\t\tsrc=\"http:\/\/www.zsskolnivr.cz\/wp-content\/gallery\/trhy-1\/cache\/PC110106.JPG-nggid03584-ngg0dyn-60x40x100-00f0w010c011r110f110r010t010.JPG\"\n\t\t\t\t\twidth=\"60\"\n\t\t\t\t\theight=\"40\"\n\t\t\t\t\tstyle=\"max-width:100%;\"\n\t\t\t\t\/>\n\t\t\t<\/a>\n\t\t<\/div>\n\t\t\t\t\t\t\t<\/div>\n\t\t\t\n\t\t\t\t\t\t\t\n\t\t\t\t<div id=\"ngg-image-11\" class=\"ngg-gallery-thumbnail-box\"\n\t\t\t\t\t\t\t\t\t\t\t>\n\t\t\t\t\t\t<div class=\"ngg-gallery-thumbnail\">\n\t\t\t<a href=\"http:\/\/www.zsskolnivr.cz\/wp-content\/gallery\/trhy-1\/PC110109.JPG\"\n\t\t\t\ttitle=\"\"\n\t\t\t\tdata-src=\"http:\/\/www.zsskolnivr.cz\/wp-content\/gallery\/trhy-1\/PC110109.JPG\"\n\t\t\t\tdata-thumbnail=\"http:\/\/www.zsskolnivr.cz\/wp-content\/gallery\/trhy-1\/thumbs\/thumbs_PC110109.JPG\"\n\t\t\t\tdata-image-id=\"585\"\n\t\t\t\tdata-title=\"Rodi\u010de 2\"\n\t\t\t\tdata-description=\"\"\n\t\t\t\tdata-image-slug=\"pc110109-1\"\n\t\t\t\tclass=\"ngg-fancybox\" rel=\"219f12b5044f9956a26ce25d91a3a042\">\n\t\t\t\t<img\n\t\t\t\t\ttitle=\"Rodi\u010de 2\"\n\t\t\t\t\talt=\"Rodi\u010de 2\"\n\t\t\t\t\tsrc=\"http:\/\/www.zsskolnivr.cz\/wp-content\/gallery\/trhy-1\/cache\/PC110109.JPG-nggid03585-ngg0dyn-60x40x100-00f0w010c011r110f110r010t010.JPG\"\n\t\t\t\t\twidth=\"60\"\n\t\t\t\t\theight=\"40\"\n\t\t\t\t\tstyle=\"max-width:100%;\"\n\t\t\t\t\/>\n\t\t\t<\/a>\n\t\t<\/div>\n\t\t\t\t\t\t\t<\/div>\n\t\t\t\n\t\t\t\t\t\t\t\t\t<br style=\"clear: both\" \/>\n\t\t\t\t\t\n\t\t\t\t<div id=\"ngg-image-12\" class=\"ngg-gallery-thumbnail-box\"\n\t\t\t\t\t\t\t\t\t\t\t>\n\t\t\t\t\t\t<div class=\"ngg-gallery-thumbnail\">\n\t\t\t<a href=\"http:\/\/www.zsskolnivr.cz\/wp-content\/gallery\/trhy-1\/PC110111.JPG\"\n\t\t\t\ttitle=\"\"\n\t\t\t\tdata-src=\"http:\/\/www.zsskolnivr.cz\/wp-content\/gallery\/trhy-1\/PC110111.JPG\"\n\t\t\t\tdata-thumbnail=\"http:\/\/www.zsskolnivr.cz\/wp-content\/gallery\/trhy-1\/thumbs\/thumbs_PC110111.JPG\"\n\t\t\t\tdata-image-id=\"586\"\n\t\t\t\tdata-title=\"Prodejn\u00ed st\u00e1nky 3\"\n\t\t\t\tdata-description=\"\"\n\t\t\t\tdata-image-slug=\"pc110111-1\"\n\t\t\t\tclass=\"ngg-fancybox\" rel=\"219f12b5044f9956a26ce25d91a3a042\">\n\t\t\t\t<img\n\t\t\t\t\ttitle=\"Prodejn\u00ed st\u00e1nky 3\"\n\t\t\t\t\talt=\"Prodejn\u00ed st\u00e1nky 3\"\n\t\t\t\t\tsrc=\"http:\/\/www.zsskolnivr.cz\/wp-content\/gallery\/trhy-1\/cache\/PC110111.JPG-nggid03586-ngg0dyn-60x40x100-00f0w010c011r110f110r010t010.JPG\"\n\t\t\t\t\twidth=\"60\"\n\t\t\t\t\theight=\"40\"\n\t\t\t\t\tstyle=\"max-width:100%;\"\n\t\t\t\t\/>\n\t\t\t<\/a>\n\t\t<\/div>\n\t\t\t\t\t\t\t<\/div>\n\t\t\t\n\t\t\t\t\t\t\t\n\t\t\t\t<div id=\"ngg-image-13\" class=\"ngg-gallery-thumbnail-box\"\n\t\t\t\t\t\t\t\t\t\t\t>\n\t\t\t\t\t\t<div class=\"ngg-gallery-thumbnail\">\n\t\t\t<a href=\"http:\/\/www.zsskolnivr.cz\/wp-content\/gallery\/trhy-1\/PC110115.JPG\"\n\t\t\t\ttitle=\"\"\n\t\t\t\tdata-src=\"http:\/\/www.zsskolnivr.cz\/wp-content\/gallery\/trhy-1\/PC110115.JPG\"\n\t\t\t\tdata-thumbnail=\"http:\/\/www.zsskolnivr.cz\/wp-content\/gallery\/trhy-1\/thumbs\/thumbs_PC110115.JPG\"\n\t\t\t\tdata-image-id=\"587\"\n\t\t\t\tdata-title=\"St\u00e1nek s klob\u00e1sami a sva\u0159\u00e1kem\"\n\t\t\t\tdata-description=\"\"\n\t\t\t\tdata-image-slug=\"pc110115-1\"\n\t\t\t\tclass=\"ngg-fancybox\" rel=\"219f12b5044f9956a26ce25d91a3a042\">\n\t\t\t\t<img\n\t\t\t\t\ttitle=\"St\u00e1nek s klob\u00e1sami a sva\u0159\u00e1kem\"\n\t\t\t\t\talt=\"St\u00e1nek s klob\u00e1sami a sva\u0159\u00e1kem\"\n\t\t\t\t\tsrc=\"http:\/\/www.zsskolnivr.cz\/wp-content\/gallery\/trhy-1\/cache\/PC110115.JPG-nggid03587-ngg0dyn-60x40x100-00f0w010c011r110f110r010t010.JPG\"\n\t\t\t\t\twidth=\"60\"\n\t\t\t\t\theight=\"40\"\n\t\t\t\t\tstyle=\"max-width:100%;\"\n\t\t\t\t\/>\n\t\t\t<\/a>\n\t\t<\/div>\n\t\t\t\t\t\t\t<\/div>\n\t\t\t\n\t\t\t\t\t\t\t\n\t\t\t\t<div id=\"ngg-image-14\" class=\"ngg-gallery-thumbnail-box\"\n\t\t\t\t\t\t\t\t\t\t\t>\n\t\t\t\t\t\t<div class=\"ngg-gallery-thumbnail\">\n\t\t\t<a href=\"http:\/\/www.zsskolnivr.cz\/wp-content\/gallery\/trhy-1\/foto_web.JPG\"\n\t\t\t\ttitle=\"\"\n\t\t\t\tdata-src=\"http:\/\/www.zsskolnivr.cz\/wp-content\/gallery\/trhy-1\/foto_web.JPG\"\n\t\t\t\tdata-thumbnail=\"http:\/\/www.zsskolnivr.cz\/wp-content\/gallery\/trhy-1\/thumbs\/thumbs_foto_web.JPG\"\n\t\t\t\tdata-image-id=\"588\"\n\t\t\t\tdata-title=\"Prodejn\u00ed st\u00e1nky 4\"\n\t\t\t\tdata-description=\"\"\n\t\t\t\tdata-image-slug=\"foto_web-1\"\n\t\t\t\tclass=\"ngg-fancybox\" rel=\"219f12b5044f9956a26ce25d91a3a042\">\n\t\t\t\t<img\n\t\t\t\t\ttitle=\"Prodejn\u00ed st\u00e1nky 4\"\n\t\t\t\t\talt=\"Prodejn\u00ed st\u00e1nky 4\"\n\t\t\t\t\tsrc=\"http:\/\/www.zsskolnivr.cz\/wp-content\/gallery\/trhy-1\/cache\/foto_web.JPG-nggid03588-ngg0dyn-60x40x100-00f0w010c011r110f110r010t010.JPG\"\n\t\t\t\t\twidth=\"60\"\n\t\t\t\t\theight=\"40\"\n\t\t\t\t\tstyle=\"max-width:100%;\"\n\t\t\t\t\/>\n\t\t\t<\/a>\n\t\t<\/div>\n\t\t\t\t\t\t\t<\/div>\n\t\t\t\n\t\t\t\t\t\t\t\t\t<br style=\"clear: both\" \/>\n\t\t\t\t\t\n\t\t\n\t\t<!-- Pagination -->\n\t\t<div class='ngg-clear'><\/div>\t<\/div>\n<\/p>\n<p>Dal\u0161\u00ed foto najdete na:<br \/>\n<a href=\"https:\/\/profesordv.rajce.idnes.cz\/Vanocni_trhy_2017\">https:\/\/profesordv.rajce.idnes.cz\/Vanocni_trhy_2017<\/a><br \/>\n<a href=\"http:\/\/profesordv.rajce.idnes.cz\/Trhy_2016\"><u><span style=\"color: #318700;\">http:\/\/profesordv.rajce.idnes.cz\/Trhy_2016<\/span><\/u><\/a><br \/>\n<a href=\"http:\/\/profesordv.rajce.idnes.cz\/Vanocni_trhy_2015\/\" target=\"_blank\">http:\/\/profesordv.rajce.idnes.cz\/Vanocni_trhy_2015\/<\/a><\/p>\n<p>Charitativn\u00ed projekt, p\u0159i kter\u00e9m \u017e\u00e1ci, u\u010ditel\u00e9 i rodi\u010de vyr\u00e1b\u011bj\u00ed v\u00fdrobky s\u00a0v\u00e1no\u010dn\u00ed \u010di zimn\u00ed t\u00e9matikou. Ty pak \u017e\u00e1ci prod\u00e1vaj\u00ed na v\u00e1no\u010dn\u00edch trz\u00edch ve \u0161kole. V\u00fdt\u011b\u017eek, nebo jeho v\u011bt\u0161\u00ed \u010d\u00e1st, putuje na charitativn\u00ed \u00fa\u010del, kter\u00fd p\u0159edem vyberou \u017e\u00e1ci na\u0161\u00ed \u0161koly. O trz\u00edch prod\u00e1v\u00e1me v\u00fdrobky, zp\u00edv\u00e1me v\u00e1no\u010dn\u00ed koledy a p\u00edsni\u010dky, nab\u00edz\u00edme k\u00a0ochutn\u00e1n\u00ed klob\u00e1sy, sva\u0159en\u00e9 v\u00edno, fairtrade k\u00e1vu nebo \u010daj<br \/>\ni m\u00edchan\u00e9 nealkon\u00e1poje.<\/p>\n<p><strong><span style=\"color: #008000;\">P\u0159ehled v\u00fdt\u011b\u017ek\u016f a \u00fa\u010del pou\u017eit\u00ed finan\u010dn\u00edch prost\u0159edk\u016f z\u00a0p\u0159edchoz\u00edch trh\u016f:<\/span><\/strong><\/p>\n<p><span style=\"color: #ff0000;\">2019: <strong>119 629 K\u010d<\/strong><\/span><\/p>\n<p><span style=\"color: #ff0000;\">2018: <span style=\"color: #000000;\"><b>104 379 K\u010d<\/b><\/span>,\u00a0<span style=\"color: #000000;\">60 000 K\u010d &#8211; Dobr\u00fd and\u011bl, 20 000 K\u010d depozit Basted, 24 379 K\u010d SRP\u0160 pro soc. znev\u00fdhodn\u011bn\u00e9 d\u011bti<\/span><\/span><\/p>\n<p><span style=\"color: #ff0000;\">2017: <span style=\"color: #000000;\"><strong>100 240 K\u010d<\/strong> , 70 000 K\u010d<\/span> <span style=\"color: #000000;\">&#8211;<\/span>\u00a0<span style=\"color: #000000;\"><em> Dobr\u00fd and\u011bl<\/em>, 30 240 K\u010d SRP\u0160 pro soci\u00e1ln\u011b znev\u00fdhodn\u011bn\u00e9 d\u011bti<\/span><\/span><\/p>\n<p><span style=\"color: #ff0000;\">2016<\/span>: <strong>92 986 K\u010d<\/strong> , 60 000\u00a0K\u010d &#8211; <em>Dobr\u00fd and\u011bl<\/em>, 32\u00a0986 K\u010d SRP\u0160 pro soci\u00e1ln\u011b znev\u00fdhodn\u011bn\u00e9 d\u011bti.<\/p>\n<p><span style=\"color: #ff0000;\">2015<\/span>: <strong>85 000 K\u010d<\/strong>,\u00a0 50 000\u00a0K\u010d &#8211; <em>Centrum dom\u00e1c\u00ed hospicov\u00e9 p\u00e9\u010de \u2013 Dom\u00e1c\u00ed hospic Duha, o.p.s.<\/em>, 35 000 K\u010d SRP\u0160 pro soci\u00e1ln\u011b znev\u00fdhodn\u011bn\u00e9 d\u011bti, na \u0161koln\u00ed ob\u011bdy.<\/p>\n<p><span style=\"color: #ff0000;\">2014:<\/span> <strong>80\u00a0765 K\u010d<\/strong> \u2013 <em>Nada\u010dn\u00ed fond Nad\u011bje pro tebe<\/em> \u2013 50\u00a0000 K\u010d, Region\u00e1ln\u00ed u\u010debnice \u2013 30\u00a0765 K\u010d<\/p>\n<p><span style=\"color: #ff0000;\">2013:<\/span> <strong>74\u00a0999 K\u010d<\/strong> \u2013 <em>Dobr\u00fd and\u011bl<\/em> \u2013 50\u00a0000 K\u010d, 24\u00a0999 K\u010d \u2013 SRP\u0160 pro soci\u00e1ln\u011b znev\u00fdhodn\u011bn\u00e9 d\u011bti<\/p>\n<p><span style=\"color: #ff0000;\">2012:<\/span> <strong>62\u00a0988 K\u010d<\/strong> \u2013 <em>Adopce na d\u00e1lku 2<\/em>, financov\u00e1n\u00ed vzd\u011bl\u00e1n\u00ed Mary a Jervina z\u00a0Indie<\/p>\n<p><span style=\"color: #ff0000;\">2011:<\/span> <strong>66\u00a0263 K\u010d<\/strong> \u2013 <em>Nadace DebRa, nemoc mot\u00fdl\u00edch k\u0159\u00eddel<\/em><\/p>\n<p><span style=\"color: #ff0000;\">2010:<\/span> <strong>61\u00a0965 K\u010d<\/strong> \u2013 2\/3 \u010d\u00e1stky \u2013 adopce geparda, \u0161impanze a \u017eirafy v\u00a0<em>ZOO Dv\u016fr Kr\u00e1lov\u00e9 n. L.<\/em>, 1\/3 \u010d\u00e1stky <em>Diakonie Vrchlab\u00ed<\/em><\/p>\n<p><span style=\"color: #ff0000;\">2009:<\/span> <strong>64\u00a0366 K\u010d<\/strong> \u2013 <em>\u00datulek Spr\u00e1vy KRNAP<\/em> pro handicapovan\u00e1 zv\u00ed\u0159ata \u2013 40\u00a0000 K\u010d, 24 366 na\u00a0pom\u016fcky ve \u0161kole<\/p>\n<p><span style=\"color: #ff0000;\">2008:<\/span> <strong>65\u00a0828 K\u010d<\/strong> \u2013 50% pro <em>\u010cCE Sv\u011btlo Diakonie Vrchlab\u00ed<\/em>, 50% Pomocn\u00e9 tlapky \u2013 v\u00fdcvik asisten\u010dn\u00edho psa<\/p>\n<p><span style=\"color: #ff0000;\">2007:<\/span> <strong>57\u00a0765 K\u010d<\/strong> \u2013 <em>Adopce na d\u00e1lku 1<\/em>, vzd\u011bl\u00e1n\u00ed Mary a Jervina z\u00a0Indie<\/p>\n<p><span style=\"color: #ff0000;\">2006:<\/span> <strong>51\u00a0668 K\u010d<\/strong> \u2013 <em>Domov d\u016fchodc\u016f ve Vrchlab\u00ed<\/em><\/p>\n<p><span style=\"color: #ff0000;\">2005:<\/span> <strong>47\u00a0579 K\u010d<\/strong> \u2013 <em>Klinika d\u011btsk\u00e9 hematologie a onkologie v\u00a0Praze<\/em> \u2013 31\u00a0720 K\u010d, <em>d\u011btsk\u00e9\u00a0 odd\u011blen\u00ed ve vrchlabsk\u00e9 nemocnici<\/em> \u2013 15\u00a0859 K\u010d<\/p>\n<p><span style=\"color: #ff0000;\">2004:<\/span> <strong>41\u00a0100 K\u010d<\/strong> \u2013 <em>D\u011btsk\u00fd hospic Malejovice<\/em> \u2013 30\u00a0000 K\u010d, v<em>\u00e1no\u010dn\u00ed charitativn\u00ed koncerty<\/em> 11 000 K\u010d<\/p>\n<p><span style=\"color: #ff0000;\">2003:<\/span> <strong>32\u00a0000 K\u010d<\/strong> \u2013 <em>Nadace Kl\u00ed\u010dek, d\u011btsk\u00fd hospic Malejovice<\/em><\/p>\n","protected":false},"excerpt":{"rendered":"<p>V\u00e1no\u010dn\u00ed trhy \u2013 U\u010d\u00edme se pom\u00e1hat pot\u0159ebn\u00fdm \u00a06. 12. 2019 &#8211; 17. V\u00c1NO\u010cN\u00cd TRHY &#8211; vybran\u00e9 finan\u010dn\u00ed prost\u0159edky budou pouk\u00e1z\u00e1ny Dobr\u00e9mu and\u011blovi a \u010d\u00e1st p\u0159\u00edpadn\u00e9 pomoci soci\u00e1ln\u011b slab\u0161\u00edm \u017e\u00e1k\u016fm \u0161koly prost\u0159ednictv\u00edm v\u00fdboru rodi\u010d\u016f &nbsp; \u00a07. 12. 2018 &#8211; 16. V\u00c1NO\u010cN\u00cd <a href=\"https:\/\/www.zsskolnivr.cz\/?page_id=974\" class=\"read-more\">Read More &#8230;<\/a><\/p>\n","protected":false},"author":5,"featured_media":0,"parent":334,"menu_order":0,"comment_status":"closed","ping_status":"closed","template":"","meta":{"ngg_post_thumbnail":0,"footnotes":""},"class_list":["post-974","page","type-page","status-publish","hentry"],"_links":{"self":[{"href":"https:\/\/www.zsskolnivr.cz\/index.php?rest_route=\/wp\/v2\/pages\/974","targetHints":{"allow":["GET"]}}],"collection":[{"href":"https:\/\/www.zsskolnivr.cz\/index.php?rest_route=\/wp\/v2\/pages"}],"about":[{"href":"https:\/\/www.zsskolnivr.cz\/index.php?rest_route=\/wp\/v2\/types\/page"}],"author":[{"embeddable":true,"href":"https:\/\/www.zsskolnivr.cz\/index.php?rest_route=\/wp\/v2\/users\/5"}],"replies":[{"embeddable":true,"href":"https:\/\/www.zsskolnivr.cz\/index.php?rest_route=%2Fwp%2Fv2%2Fcomments&post=974"}],"version-history":[{"count":28,"href":"https:\/\/www.zsskolnivr.cz\/index.php?rest_route=\/wp\/v2\/pages\/974\/revisions"}],"predecessor-version":[{"id":10816,"href":"https:\/\/www.zsskolnivr.cz\/index.php?rest_route=\/wp\/v2\/pages\/974\/revisions\/10816"}],"up":[{"embeddable":true,"href":"https:\/\/www.zsskolnivr.cz\/index.php?rest_route=\/wp\/v2\/pages\/334"}],"wp:attachment":[{"href":"https:\/\/www.zsskolnivr.cz\/index.php?rest_route=%2Fwp%2Fv2%2Fmedia&parent=974"}],"curies":[{"name":"wp","href":"https:\/\/api.w.org\/{rel}","templated":true}]}}